{"id":987913,"date":"2024-09-09T12:32:31","date_gmt":"2024-09-09T09:32:31","guid":{"rendered":"https:\/\/paragogoiuwc.gr\/?post_type=product&#038;p=987913"},"modified":"2026-02-10T13:54:42","modified_gmt":"2026-02-10T10:54:42","slug":"%cf%88%ce%b7%ce%bb%ce%ad%cf%82-%ce%ba%ce%bf%cf%81%cf%86%ce%ad%cf%82","status":"publish","type":"product","link":"https:\/\/www.samoswine.gr\/de\/produkt\/%cf%88%ce%b7%ce%bb%ce%ad%cf%82-%ce%ba%ce%bf%cf%81%cf%86%ce%ad%cf%82\/","title":{"rendered":"Hohe Gipfel"},"content":{"rendered":"<div data-elementor-type=\"product-post\" data-elementor-id=\"987913\" class=\"elementor elementor-987913\" data-elementor-post-type=\"product\">\n\t\t\t\t\t\t<section class=\"elementor-section elementor-top-section elementor-element elementor-element-3d9638f2 elementor-section-boxed elementor-section-height-default elementor-section-height-default\" data-id=\"3d9638f2\" data-element_type=\"section\">\n\t\t\t\t\t\t<div class=\"elementor-container elementor-column-gap-default\">\n\t\t\t\t\t<div class=\"elementor-column elementor-col-100 elementor-top-column elementor-element elementor-element-7a376a55\" data-id=\"7a376a55\" data-element_type=\"column\">\n\t\t\t<div class=\"elementor-widget-wrap elementor-element-populated\">\n\t\t\t\t\t\t<div class=\"elementor-element elementor-element-369aa686 elementor-widget elementor-widget-heading\" data-id=\"369aa686\" data-element_type=\"widget\" data-widget_type=\"heading.default\">\n\t\t\t\t<div class=\"elementor-widget-container\">\n\t\t\t\t\t<h5 class=\"elementor-heading-title elementor-size-default\">Beschreibung<\/h5>\t\t\t\t<\/div>\n\t\t\t\t<\/div>\n\t\t\t\t<div class=\"elementor-element elementor-element-369e7968 elementor-widget elementor-widget-text-editor\" data-id=\"369e7968\" data-element_type=\"widget\" data-widget_type=\"text-editor.default\">\n\t\t\t\t<div class=\"elementor-widget-container\">\n\t\t\t\t\t\t\t\t\t<p>Der <strong>Hohe Gipfel<\/strong> Dieser Wein ist das Flaggschiff der trockenen Weine der Genossenschaft. Er besticht durch seinen eleganten Charakter und die raffinierten fruchtigen und blumigen Aromen des Muskatellers. Optisch pr\u00e4sentiert er sich in einem hellen Gelbton, verstr\u00f6mt in der Nase intensive Aromen von Rosenbl\u00e4ttern, Aprikose und Zitrone. Am Gaumen ist er zart und leicht, mit einer einnehmenden S\u00fc\u00dfe, die den typischen Muskatellercharakter elegant mit erfrischender S\u00e4ure und einem angenehm langen Abgang verbindet. Die Trauben f\u00fcr diesen Wein stammen ausschlie\u00dflich aus den besten Berglagen der Insel, auf alten Trockensteinterrassen in bis zu 1.000 Metern H\u00f6he.<\/p>\t\t\t\t\t\t\t\t<\/div>\n\t\t\t\t<\/div>\n\t\t\t\t<div class=\"elementor-element elementor-element-24ef53a3 elementor-widget elementor-widget-heading\" data-id=\"24ef53a3\" data-element_type=\"widget\" data-widget_type=\"heading.default\">\n\t\t\t\t<div class=\"elementor-widget-container\">\n\t\t\t\t\t<h5 class=\"elementor-heading-title elementor-size-default\">N\u00fctzliche Informationen<\/h5>\t\t\t\t<\/div>\n\t\t\t\t<\/div>\n\t\t\t\t<div class=\"elementor-element elementor-element-78fd35d3 elementor-widget elementor-widget-text-editor\" data-id=\"78fd35d3\" data-element_type=\"widget\" data-widget_type=\"text-editor.default\">\n\t\t\t\t<div class=\"elementor-widget-container\">\n\t\t\t\t\t\t\t\t\t<p><strong>Kombiniert mit: <\/strong><\/p><p>Ideal als Aperitif, aber auch zur harmonischen Begleitung gastronomischer Kreationen, insbesondere von Meeresfr\u00fcchten, Fisch und hellem Fleisch.<\/p><p><strong>Serviertemperatur: 8 \u2013 10<sup>\u03bf<\/sup><\/strong><strong>C<\/strong><\/p><p><strong>Sorte: Wei\u00dfer kleinrosa Muskateller von Samos 100%<\/strong><\/p><p><strong>Geografische Angabe: Rebsortenwein<\/strong><\/p>\t\t\t\t\t\t\t\t<\/div>\n\t\t\t\t<\/div>\n\t\t\t\t<div class=\"elementor-element elementor-element-658812aa elementor-hidden-desktop elementor-hidden-tablet elementor-hidden-mobile elementor-widget elementor-widget-heading\" data-id=\"658812aa\" data-element_type=\"widget\" data-widget_type=\"heading.default\">\n\t\t\t\t<div class=\"elementor-widget-container\">\n\t\t\t\t\t<h5 class=\"elementor-heading-title elementor-size-default\">Auszeichnungen<\/h5>\t\t\t\t<\/div>\n\t\t\t\t<\/div>\n\t\t\t\t<section class=\"elementor-section elementor-inner-section elementor-element elementor-element-761b1092 elementor-hidden-desktop elementor-hidden-tablet elementor-hidden-mobile elementor-section-boxed elementor-section-height-default elementor-section-height-default\" data-id=\"761b1092\" data-element_type=\"section\">\n\t\t\t\t\t\t<div class=\"elementor-container elementor-column-gap-default\">\n\t\t\t\t\t<div class=\"elementor-column elementor-col-33 elementor-inner-column elementor-element elementor-element-10a6873b\" data-id=\"10a6873b\" data-element_type=\"column\">\n\t\t\t<div class=\"elementor-widget-wrap elementor-element-populated\">\n\t\t\t\t\t\t<div class=\"elementor-element elementor-element-34a0ae73 elementor-headline--style-highlight elementor-widget elementor-widget-vamtam-animated-headline\" data-id=\"34a0ae73\" data-element_type=\"widget\" data-settings=\"{&quot;marker&quot;:&quot;curly&quot;,&quot;highlighted_text&quot;:&quot;92\\\/100&quot;,&quot;headline_style&quot;:&quot;highlight&quot;,&quot;loop&quot;:&quot;yes&quot;,&quot;highlight_animation_duration&quot;:1200,&quot;highlight_iteration_delay&quot;:8000}\" data-widget_type=\"vamtam-animated-headline.default\">\n\t\t\t\t<div class=\"elementor-widget-container\">\n\t\t\t\t\t\t\t\t\t<h5 class=\"elementor-headline\">\n\t\t\t\t\t\t\t\t\t\t\t\t\t\t\t\t\t\t<span class=\"elementor-headline-plain-text elementor-headline-text-wrapper\">Falstaff: <br><\/span>\n\t\t\t\t\t\t\t\t\t\t\t\t<span class=\"elementor-headline-dynamic-wrapper elementor-headline-text-wrapper\">\n\t\t\t\t\t\t\t\t\t\t\t\t\t<span class=\"elementor-headline-dynamic-text elementor-headline-text-active\">92\/100<\/span>\n\t\t\t\t\t\t\t\t\t\t\t\t<\/span>\n\t\t\t\t\t\t\t\t\t\t\t\t\t<span class=\"elementor-headline-plain-text elementor-headline-text-wrapper\">\u00d6sterreich<\/span>\n\t\t\t\t\t\t\t\t\t\t\t\t\t\t\t\t<\/h5>\n\t\t\t\t\t\t\t\t<\/div>\n\t\t\t\t<\/div>\n\t\t\t\t\t<\/div>\n\t\t<\/div>\n\t\t\t\t<div class=\"elementor-column elementor-col-33 elementor-inner-column elementor-element elementor-element-2981ff58\" data-id=\"2981ff58\" data-element_type=\"column\">\n\t\t\t<div class=\"elementor-widget-wrap elementor-element-populated\">\n\t\t\t\t\t\t<div class=\"elementor-element elementor-element-56b423ff elementor-headline--style-highlight elementor-widget elementor-widget-vamtam-animated-headline\" data-id=\"56b423ff\" data-element_type=\"widget\" data-settings=\"{&quot;marker&quot;:&quot;curly&quot;,&quot;highlighted_text&quot;:&quot;94\\\/100&quot;,&quot;headline_style&quot;:&quot;highlight&quot;,&quot;loop&quot;:&quot;yes&quot;,&quot;highlight_animation_duration&quot;:1200,&quot;highlight_iteration_delay&quot;:8000}\" data-widget_type=\"vamtam-animated-headline.default\">\n\t\t\t\t<div class=\"elementor-widget-container\">\n\t\t\t\t\t\t\t\t\t<h5 class=\"elementor-headline\">\n\t\t\t\t\t\t\t\t\t\t\t\t\t\t\t\t\t\t<span class=\"elementor-headline-plain-text elementor-headline-text-wrapper\">Daniele Cernilli: <br><\/span>\n\t\t\t\t\t\t\t\t\t\t\t\t<span class=\"elementor-headline-dynamic-wrapper elementor-headline-text-wrapper\">\n\t\t\t\t\t\t\t\t\t\t\t\t\t<span class=\"elementor-headline-dynamic-text elementor-headline-text-active\">94\/100<\/span>\n\t\t\t\t\t\t\t\t\t\t\t\t<\/span>\n\t\t\t\t\t\t\t\t\t\t\t\t\t<span class=\"elementor-headline-plain-text elementor-headline-text-wrapper\">Italien<\/span>\n\t\t\t\t\t\t\t\t\t\t\t\t\t\t\t\t<\/h5>\n\t\t\t\t\t\t\t\t<\/div>\n\t\t\t\t<\/div>\n\t\t\t\t\t<\/div>\n\t\t<\/div>\n\t\t\t\t<div class=\"elementor-column elementor-col-33 elementor-inner-column elementor-element elementor-element-405af5fa\" data-id=\"405af5fa\" data-element_type=\"column\">\n\t\t\t<div class=\"elementor-widget-wrap elementor-element-populated\">\n\t\t\t\t\t\t<div class=\"elementor-element elementor-element-7f690619 elementor-headline--style-highlight elementor-widget elementor-widget-vamtam-animated-headline\" data-id=\"7f690619\" data-element_type=\"widget\" data-settings=\"{&quot;marker&quot;:&quot;curly&quot;,&quot;highlighted_text&quot;:&quot;Tre bicchieri&quot;,&quot;headline_style&quot;:&quot;highlight&quot;,&quot;loop&quot;:&quot;yes&quot;,&quot;highlight_animation_duration&quot;:1200,&quot;highlight_iteration_delay&quot;:8000}\" data-widget_type=\"vamtam-animated-headline.default\">\n\t\t\t\t<div class=\"elementor-widget-container\">\n\t\t\t\t\t\t\t\t\t<h5 class=\"elementor-headline\">\n\t\t\t\t\t\t\t\t\t\t\t\t\t\t\t\t\t\t<span class=\"elementor-headline-plain-text elementor-headline-text-wrapper\">Gambero Rosso\u200b: <br><\/span>\n\t\t\t\t\t\t\t\t\t\t\t\t<span class=\"elementor-headline-dynamic-wrapper elementor-headline-text-wrapper\">\n\t\t\t\t\t\t\t\t\t\t\t\t\t<span class=\"elementor-headline-dynamic-text elementor-headline-text-active\">Drei Gl\u00e4ser<\/span>\n\t\t\t\t\t\t\t\t\t\t\t\t<\/span>\n\t\t\t\t\t\t\t\t\t\t\t\t\t<span class=\"elementor-headline-plain-text elementor-headline-text-wrapper\">Italien<\/span>\n\t\t\t\t\t\t\t\t\t\t\t\t\t\t\t\t<\/h5>\n\t\t\t\t\t\t\t\t<\/div>\n\t\t\t\t<\/div>\n\t\t\t\t\t<\/div>\n\t\t<\/div>\n\t\t\t\t\t<\/div>\n\t\t<\/section>\n\t\t\t\t<section class=\"elementor-section elementor-inner-section elementor-element elementor-element-24f2598f elementor-section-boxed elementor-section-height-default elementor-section-height-default\" data-id=\"24f2598f\" data-element_type=\"section\">\n\t\t\t\t\t\t<div class=\"elementor-container elementor-column-gap-default\">\n\t\t\t\t\t<div class=\"elementor-column elementor-col-100 elementor-inner-column elementor-element elementor-element-2ecd53c3\" data-id=\"2ecd53c3\" data-element_type=\"column\">\n\t\t\t<div class=\"elementor-widget-wrap elementor-element-populated\">\n\t\t\t\t\t\t<div class=\"elementor-element elementor-element-6a73b8aa elementor-widget__width-initial elementor-widget-mobile__width-initial elementor-fixed elementor-hidden-tablet elementor-hidden-phone elementor-widget elementor-widget-image\" data-id=\"6a73b8aa\" data-element_type=\"widget\" data-settings=\"{&quot;_position&quot;:&quot;fixed&quot;}\" data-widget_type=\"image.default\">\n\t\t\t\t<div class=\"elementor-widget-container\">\n\t\t\t\t\t\t\t\t\t<div class=\"elementor-image\">\n\t\t\t\t\t\t\t\t\t\t\t\t\t\t\t\t\t\t\t\t\t<img fetchpriority=\"high\" decoding=\"async\" width=\"308\" height=\"444\" src=\"https:\/\/www.samoswine.gr\/wp-content\/uploads\/2024\/09\/\u03a0\u03c3\u03b9\u03bb\u03ad\u03c2-\u039a\u03bf\u03c1\u03c6\u03ad\u03c2-1.png\" class=\"attachment-large size-large wp-image-988204\" alt=\"\" srcset=\"\" sizes=\"(max-width: 308px) 100vw, 308px\" data-srcset=\"\" \/>\t\t\t\t\t\t\t\t\t\t\t\t\t\t\t\t\t\t\t\t\t\t\t\t<\/div>\n\t\t\t\t\t\t\t\t<\/div>\n\t\t\t\t<\/div>\n\t\t\t\t\t<\/div>\n\t\t<\/div>\n\t\t\t\t\t<\/div>\n\t\t<\/section>\n\t\t\t\t\t<\/div>\n\t\t<\/div>\n\t\t\t\t\t<\/div>\n\t\t<\/section>\n\t\t\t\t<\/div>","protected":false},"excerpt":{"rendered":"<p>\u03a0\u03b5\u03c1\u03b9\u03b3\u03c1\u03b1\u03c6\u03ae \u039f\u03b9 \u03a8\u03b7\u03bb\u03ad\u03c2 \u039a\u03bf\u03c1\u03c6\u03ad\u03c2 \u03b5\u03af\u03bd\u03b1\u03b9 \u03b7 \u03bd\u03b1\u03c5\u03b1\u03c1\u03c7\u03af\u03b4\u03b1 \u03c4\u03c9\u03bd \u03be\u03b7\u03c1\u03ce\u03bd \u03ba\u03c1\u03b1\u03c3\u03b9\u03ce\u03bd \u03c4\u03bf\u03c5 \u03a3\u03c5\u03bd\u03b5\u03c4\u03b1\u03b9\u03c1\u03b9\u03c3\u03bc\u03bf\u03cd. \u0388\u03bd\u03b1 \u03ba\u03c1\u03b1\u03c3\u03af \u03bc\u03b5 \u03c6\u03b9\u03bd\u03b5\u03c4\u03c3\u03ac\u03c4\u03bf \u03c7\u03b1\u03c1\u03b1\u03ba\u03c4\u03ae\u03c1\u03b1, \u03cc\u03c0\u03bf\u03c5 \u03c4\u03b1 \u03c6\u03c1\u03bf\u03c5\u03c4\u03ce\u03b4\u03b7 \u03ba\u03b1\u03b9 \u03b1\u03bd\u03b8\u03ce\u03b4\u03b7 \u03b1\u03c1\u03ce\u03bc\u03b1\u03c4\u03b1 \u03c4\u03bf\u03c5 \u03bc\u03bf\u03c3\u03c7\u03ac\u03c4\u03bf\u03c5 \u03b5\u03ba\u03c6\u03c1\u03ac\u03b6\u03bf\u03bd\u03c4\u03b1\u03b9 \u03b5\u03ba\u03bb\u03b5\u03c0\u03c4\u03c5\u03c3\u03bc\u03ad\u03bd\u03b1. \u03a3\u03c4\u03b7\u03bd \u03cc\u03c8\u03b7 \u03ad\u03c7\u03bf\u03c5\u03bc\u03b5 \u03ad\u03bd\u03b1 \u03ba\u03b9\u03c4\u03c1\u03b9\u03bd\u03c9\u03c0\u03cc \u03b1\u03bd\u03bf\u03b9\u03c7\u03c4\u03cc\u03c7\u03c1\u03c9\u03bc\u03bf \u03ba\u03c1\u03b1\u03c3\u03af, \u03bc\u03b5 \u03b1\u03c1\u03ce\u03bc\u03b1\u03c4\u03b1 \u03c1\u03bf\u03b4\u03bf\u03c0\u03ad\u03c4\u03b1\u03bb\u03bf\u03c5, \u03b2\u03b5\u03c1\u03af\u03ba\u03bf\u03ba\u03bf\u03c5 \u03ba\u03b1\u03b9 \u03bb\u03b5\u03bc\u03bf\u03bd\u03b9\u03bf\u03cd \u03bd\u03b1 \u03ba\u03b1\u03c4\u03b1\u03ba\u03bb\u03cd\u03b6\u03bf\u03c5\u03bd \u03c4\u03b7 \u03bc\u03cd\u03c4\u03b7. \u0393\u03b5\u03cd\u03c3\u03b7 \u03bd\u03c4\u03b5\u03bb\u03b9\u03ba\u03ac\u03c4\u03b7 \u03ba\u03b1\u03b9 \u03b5\u03bb\u03b1\u03c6\u03c1\u03b9\u03ac, \u03bc\u03b5 \u03b3\u03bb\u03c5\u03ba\u03cd\u03c4\u03b7\u03c4\u03b1 \u03c0\u03bf\u03c5 \u03c3\u03b5 \u03ba\u03b5\u03c1\u03b4\u03af\u03b6\u03b5\u03b9, \u03b5\u03bd\u03ce \u03c3\u03c5\u03bd\u03b1\u03bd\u03c4\u03ac\u03bc\u03b5&#8230;<\/p>","protected":false},"featured_media":987985,"comment_status":"closed","ping_status":"closed","template":"","meta":[],"product_brand":[],"product_cat":[59],"product_tag":[],"class_list":{"0":"post-987913","1":"product","2":"type-product","3":"status-publish","4":"has-post-thumbnail","6":"product_cat-59","8":"first","9":"instock","10":"shipping-taxable","11":"product-type-simple"},"_links":{"self":[{"href":"https:\/\/www.samoswine.gr\/de\/wp-json\/wp\/v2\/product\/987913","targetHints":{"allow":["GET"]}}],"collection":[{"href":"https:\/\/www.samoswine.gr\/de\/wp-json\/wp\/v2\/product"}],"about":[{"href":"https:\/\/www.samoswine.gr\/de\/wp-json\/wp\/v2\/types\/product"}],"replies":[{"embeddable":true,"href":"https:\/\/www.samoswine.gr\/de\/wp-json\/wp\/v2\/comments?post=987913"}],"version-history":[{"count":17,"href":"https:\/\/www.samoswine.gr\/de\/wp-json\/wp\/v2\/product\/987913\/revisions"}],"predecessor-version":[{"id":989093,"href":"https:\/\/www.samoswine.gr\/de\/wp-json\/wp\/v2\/product\/987913\/revisions\/989093"}],"wp:featuredmedia":[{"embeddable":true,"href":"https:\/\/www.samoswine.gr\/de\/wp-json\/wp\/v2\/media\/987985"}],"wp:attachment":[{"href":"https:\/\/www.samoswine.gr\/de\/wp-json\/wp\/v2\/media?parent=987913"}],"wp:term":[{"taxonomy":"product_brand","embeddable":true,"href":"https:\/\/www.samoswine.gr\/de\/wp-json\/wp\/v2\/product_brand?post=987913"},{"taxonomy":"product_cat","embeddable":true,"href":"https:\/\/www.samoswine.gr\/de\/wp-json\/wp\/v2\/product_cat?post=987913"},{"taxonomy":"product_tag","embeddable":true,"href":"https:\/\/www.samoswine.gr\/de\/wp-json\/wp\/v2\/product_tag?post=987913"}],"curies":[{"name":"wp","href":"https:\/\/api.w.org\/{rel}","templated":true}]}}