{"id":987919,"date":"2024-09-09T12:36:24","date_gmt":"2024-09-09T09:36:24","guid":{"rendered":"https:\/\/paragogoiuwc.gr\/?post_type=product&#038;p=987919"},"modified":"2026-02-10T13:56:13","modified_gmt":"2026-02-10T10:56:13","slug":"%ce%bc%ce%bf%cf%83%cf%87%ce%ac%cf%84%ce%bf-%ce%ac%cf%83%cf%80%cf%81%ce%bf","status":"publish","type":"product","link":"https:\/\/www.samoswine.gr\/de\/produkt\/%ce%bc%ce%bf%cf%83%cf%87%ce%ac%cf%84%ce%bf-%ce%ac%cf%83%cf%80%cf%81%ce%bf\/","title":{"rendered":"Muskateller Wei\u00df"},"content":{"rendered":"<div data-elementor-type=\"product-post\" data-elementor-id=\"987919\" class=\"elementor elementor-987919\" data-elementor-post-type=\"product\">\n\t\t\t\t\t\t<section class=\"elementor-section elementor-top-section elementor-element elementor-element-636351e7 elementor-section-boxed elementor-section-height-default elementor-section-height-default\" data-id=\"636351e7\" data-element_type=\"section\">\n\t\t\t\t\t\t<div class=\"elementor-container elementor-column-gap-default\">\n\t\t\t\t\t<div class=\"elementor-column elementor-col-100 elementor-top-column elementor-element elementor-element-39cceda6\" data-id=\"39cceda6\" data-element_type=\"column\">\n\t\t\t<div class=\"elementor-widget-wrap elementor-element-populated\">\n\t\t\t\t\t\t<div class=\"elementor-element elementor-element-55d3105c elementor-widget elementor-widget-heading\" data-id=\"55d3105c\" data-element_type=\"widget\" data-widget_type=\"heading.default\">\n\t\t\t\t<div class=\"elementor-widget-container\">\n\t\t\t\t\t<h5 class=\"elementor-heading-title elementor-size-default\">Beschreibung<\/h5>\t\t\t\t<\/div>\n\t\t\t\t<\/div>\n\t\t\t\t<div class=\"elementor-element elementor-element-7271013c elementor-widget elementor-widget-text-editor\" data-id=\"7271013c\" data-element_type=\"widget\" data-widget_type=\"text-editor.default\">\n\t\t\t\t<div class=\"elementor-widget-container\">\n\t\t\t\t\t\t\t\t\t<p>Dies ist ein <strong>trockener Wei\u00dfwein<\/strong> Dieser Wein stammt aus halbgebirgigen, trockenen Weinbergen, die auf Trockensteinterrassen angelegt sind. Er besticht durch seine attraktive, hellgelbe Farbe mit gr\u00fcnlichen Reflexen. Sein Aroma ist reichhaltig und vollmundig und erinnert an reife, wei\u00dffleischige Fr\u00fcchte wie Pfirsich, Aprikose und Melone, die sich vor dem Hintergrund einer \u00e4u\u00dferst dezenten Muskateller-Note entfalten. Am Gaumen pr\u00e4sentiert er sich komplex, intensiv fruchtig und mit einem vollen, runden Geschmack.<\/p>\t\t\t\t\t\t\t\t<\/div>\n\t\t\t\t<\/div>\n\t\t\t\t<div class=\"elementor-element elementor-element-717bc51 elementor-widget elementor-widget-heading\" data-id=\"717bc51\" data-element_type=\"widget\" data-widget_type=\"heading.default\">\n\t\t\t\t<div class=\"elementor-widget-container\">\n\t\t\t\t\t<h5 class=\"elementor-heading-title elementor-size-default\">N\u00fctzliche Informationen<\/h5>\t\t\t\t<\/div>\n\t\t\t\t<\/div>\n\t\t\t\t<div class=\"elementor-element elementor-element-234e542a elementor-widget elementor-widget-text-editor\" data-id=\"234e542a\" data-element_type=\"widget\" data-widget_type=\"text-editor.default\">\n\t\t\t\t<div class=\"elementor-widget-container\">\n\t\t\t\t\t\t\t\t\t<p><strong>Kombiniert mit: <\/strong><\/p><p>Es passt hervorragend zu Gerichten der internationalen und griechischen K\u00fcche mit Fisch, Meeresfr\u00fcchten sowie zu Vorspeisen.<\/p><p><strong>Serviertemperatur: 8 \u2013 10<sup>\u03bf<\/sup><\/strong><strong>C<\/strong><\/p><p><strong>Sorte: Wei\u00dfer kleinrosa Muskateller von Samos 100%<\/strong><\/p><p><strong>Geografische Angabe: Gesch\u00fctzte geografische Angabe \u00ab\u00c4g\u00e4isches Meer\u00bb<\/strong><\/p>\t\t\t\t\t\t\t\t<\/div>\n\t\t\t\t<\/div>\n\t\t\t\t<div class=\"elementor-element elementor-element-1ac763f8 elementor-hidden-desktop elementor-hidden-tablet elementor-hidden-mobile elementor-widget elementor-widget-heading\" data-id=\"1ac763f8\" data-element_type=\"widget\" data-widget_type=\"heading.default\">\n\t\t\t\t<div class=\"elementor-widget-container\">\n\t\t\t\t\t<h5 class=\"elementor-heading-title elementor-size-default\">Auszeichnungen<\/h5>\t\t\t\t<\/div>\n\t\t\t\t<\/div>\n\t\t\t\t<section class=\"elementor-section elementor-inner-section elementor-element elementor-element-3448f5fe elementor-hidden-desktop elementor-hidden-tablet elementor-hidden-mobile elementor-section-boxed elementor-section-height-default elementor-section-height-default\" data-id=\"3448f5fe\" data-element_type=\"section\">\n\t\t\t\t\t\t<div class=\"elementor-container elementor-column-gap-default\">\n\t\t\t\t\t<div class=\"elementor-column elementor-col-33 elementor-inner-column elementor-element elementor-element-40f4a595\" data-id=\"40f4a595\" data-element_type=\"column\">\n\t\t\t<div class=\"elementor-widget-wrap elementor-element-populated\">\n\t\t\t\t\t\t<div class=\"elementor-element elementor-element-5bbc79cd elementor-headline--style-highlight elementor-widget elementor-widget-vamtam-animated-headline\" data-id=\"5bbc79cd\" data-element_type=\"widget\" data-settings=\"{&quot;marker&quot;:&quot;curly&quot;,&quot;highlighted_text&quot;:&quot;92\\\/100&quot;,&quot;headline_style&quot;:&quot;highlight&quot;,&quot;loop&quot;:&quot;yes&quot;,&quot;highlight_animation_duration&quot;:1200,&quot;highlight_iteration_delay&quot;:8000}\" data-widget_type=\"vamtam-animated-headline.default\">\n\t\t\t\t<div class=\"elementor-widget-container\">\n\t\t\t\t\t\t\t\t\t<h5 class=\"elementor-headline\">\n\t\t\t\t\t\t\t\t\t\t\t\t\t\t\t\t\t\t<span class=\"elementor-headline-plain-text elementor-headline-text-wrapper\">Falstaff: <br><\/span>\n\t\t\t\t\t\t\t\t\t\t\t\t<span class=\"elementor-headline-dynamic-wrapper elementor-headline-text-wrapper\">\n\t\t\t\t\t\t\t\t\t\t\t\t\t<span class=\"elementor-headline-dynamic-text elementor-headline-text-active\">92\/100<\/span>\n\t\t\t\t\t\t\t\t\t\t\t\t<\/span>\n\t\t\t\t\t\t\t\t\t\t\t\t\t<span class=\"elementor-headline-plain-text elementor-headline-text-wrapper\">\u00d6sterreich<\/span>\n\t\t\t\t\t\t\t\t\t\t\t\t\t\t\t\t<\/h5>\n\t\t\t\t\t\t\t\t<\/div>\n\t\t\t\t<\/div>\n\t\t\t\t\t<\/div>\n\t\t<\/div>\n\t\t\t\t<div class=\"elementor-column elementor-col-33 elementor-inner-column elementor-element elementor-element-4ff92a16\" data-id=\"4ff92a16\" data-element_type=\"column\">\n\t\t\t<div class=\"elementor-widget-wrap elementor-element-populated\">\n\t\t\t\t\t\t<div class=\"elementor-element elementor-element-4ca6e9be elementor-headline--style-highlight elementor-widget elementor-widget-vamtam-animated-headline\" data-id=\"4ca6e9be\" data-element_type=\"widget\" data-settings=\"{&quot;marker&quot;:&quot;curly&quot;,&quot;highlighted_text&quot;:&quot;94\\\/100&quot;,&quot;headline_style&quot;:&quot;highlight&quot;,&quot;loop&quot;:&quot;yes&quot;,&quot;highlight_animation_duration&quot;:1200,&quot;highlight_iteration_delay&quot;:8000}\" data-widget_type=\"vamtam-animated-headline.default\">\n\t\t\t\t<div class=\"elementor-widget-container\">\n\t\t\t\t\t\t\t\t\t<h5 class=\"elementor-headline\">\n\t\t\t\t\t\t\t\t\t\t\t\t\t\t\t\t\t\t<span class=\"elementor-headline-plain-text elementor-headline-text-wrapper\">Daniele Cernilli: <br><\/span>\n\t\t\t\t\t\t\t\t\t\t\t\t<span class=\"elementor-headline-dynamic-wrapper elementor-headline-text-wrapper\">\n\t\t\t\t\t\t\t\t\t\t\t\t\t<span class=\"elementor-headline-dynamic-text elementor-headline-text-active\">94\/100<\/span>\n\t\t\t\t\t\t\t\t\t\t\t\t<\/span>\n\t\t\t\t\t\t\t\t\t\t\t\t\t<span class=\"elementor-headline-plain-text elementor-headline-text-wrapper\">Italien<\/span>\n\t\t\t\t\t\t\t\t\t\t\t\t\t\t\t\t<\/h5>\n\t\t\t\t\t\t\t\t<\/div>\n\t\t\t\t<\/div>\n\t\t\t\t\t<\/div>\n\t\t<\/div>\n\t\t\t\t<div class=\"elementor-column elementor-col-33 elementor-inner-column elementor-element elementor-element-4eec5322\" data-id=\"4eec5322\" data-element_type=\"column\">\n\t\t\t<div class=\"elementor-widget-wrap elementor-element-populated\">\n\t\t\t\t\t\t<div class=\"elementor-element elementor-element-7faf4732 elementor-headline--style-highlight elementor-widget elementor-widget-vamtam-animated-headline\" data-id=\"7faf4732\" data-element_type=\"widget\" data-settings=\"{&quot;marker&quot;:&quot;curly&quot;,&quot;highlighted_text&quot;:&quot;Tre bicchieri&quot;,&quot;headline_style&quot;:&quot;highlight&quot;,&quot;loop&quot;:&quot;yes&quot;,&quot;highlight_animation_duration&quot;:1200,&quot;highlight_iteration_delay&quot;:8000}\" data-widget_type=\"vamtam-animated-headline.default\">\n\t\t\t\t<div class=\"elementor-widget-container\">\n\t\t\t\t\t\t\t\t\t<h5 class=\"elementor-headline\">\n\t\t\t\t\t\t\t\t\t\t\t\t\t\t\t\t\t\t<span class=\"elementor-headline-plain-text elementor-headline-text-wrapper\">Gambero Rosso\u200b: <br><\/span>\n\t\t\t\t\t\t\t\t\t\t\t\t<span class=\"elementor-headline-dynamic-wrapper elementor-headline-text-wrapper\">\n\t\t\t\t\t\t\t\t\t\t\t\t\t<span class=\"elementor-headline-dynamic-text elementor-headline-text-active\">Drei Gl\u00e4ser<\/span>\n\t\t\t\t\t\t\t\t\t\t\t\t<\/span>\n\t\t\t\t\t\t\t\t\t\t\t\t\t<span class=\"elementor-headline-plain-text elementor-headline-text-wrapper\">Italien<\/span>\n\t\t\t\t\t\t\t\t\t\t\t\t\t\t\t\t<\/h5>\n\t\t\t\t\t\t\t\t<\/div>\n\t\t\t\t<\/div>\n\t\t\t\t\t<\/div>\n\t\t<\/div>\n\t\t\t\t\t<\/div>\n\t\t<\/section>\n\t\t\t\t<section class=\"elementor-section elementor-inner-section elementor-element elementor-element-190a2aea elementor-section-boxed elementor-section-height-default elementor-section-height-default\" data-id=\"190a2aea\" data-element_type=\"section\">\n\t\t\t\t\t\t<div class=\"elementor-container elementor-column-gap-default\">\n\t\t\t\t\t<div class=\"elementor-column elementor-col-100 elementor-inner-column elementor-element elementor-element-148e6439\" data-id=\"148e6439\" data-element_type=\"column\">\n\t\t\t<div class=\"elementor-widget-wrap elementor-element-populated\">\n\t\t\t\t\t\t<div class=\"elementor-element elementor-element-28f65211 elementor-widget__width-initial elementor-widget-mobile__width-initial elementor-fixed elementor-hidden-tablet elementor-hidden-phone elementor-widget elementor-widget-image\" data-id=\"28f65211\" data-element_type=\"widget\" data-settings=\"{&quot;_position&quot;:&quot;fixed&quot;}\" data-widget_type=\"image.default\">\n\t\t\t\t<div class=\"elementor-widget-container\">\n\t\t\t\t\t\t\t\t\t<div class=\"elementor-image\">\n\t\t\t\t\t\t\t\t\t\t\t\t\t\t\t\t\t\t\t\t\t<img fetchpriority=\"high\" decoding=\"async\" width=\"308\" height=\"444\" src=\"https:\/\/www.samoswine.gr\/wp-content\/uploads\/2024\/09\/MOSCHATO-ASPROPO.png\" class=\"attachment-large size-large wp-image-988209\" alt=\"\" srcset=\"\" sizes=\"(max-width: 308px) 100vw, 308px\" data-srcset=\"\" \/>\t\t\t\t\t\t\t\t\t\t\t\t\t\t\t\t\t\t\t\t\t\t\t\t<\/div>\n\t\t\t\t\t\t\t\t<\/div>\n\t\t\t\t<\/div>\n\t\t\t\t\t<\/div>\n\t\t<\/div>\n\t\t\t\t\t<\/div>\n\t\t<\/section>\n\t\t\t\t\t<\/div>\n\t\t<\/div>\n\t\t\t\t\t<\/div>\n\t\t<\/section>\n\t\t\t\t<\/div>","protected":false},"excerpt":{"rendered":"<p>\u03a0\u03b5\u03c1\u03b9\u03b3\u03c1\u03b1\u03c6\u03ae \u03a0\u03c1\u03cc\u03ba\u03b5\u03b9\u03c4\u03b1\u03b9 \u03b3\u03b9\u03b1 \u03ad\u03bd\u03b1 \u03bb\u03b5\u03c5\u03ba\u03cc \u03be\u03b7\u03c1\u03cc \u03ba\u03c1\u03b1\u03c3\u03af \u03c0\u03bf\u03c5 \u03c0\u03c1\u03bf\u03ad\u03c1\u03c7\u03b5\u03c4\u03b1\u03b9 \u03b1\u03c0\u03cc \u03b7\u03bc\u03b9\u03bf\u03c1\u03b5\u03b9\u03bd\u03bf\u03cd\u03c2, \u03be\u03b5\u03c1\u03b9\u03ba\u03bf\u03cd\u03c2 \u03b1\u03bc\u03c0\u03b5\u03bb\u03ce\u03bd\u03b5\u03c2, \u03c3\u03c4\u03bf\u03b9\u03b2\u03b1\u03b3\u03bc\u03ad\u03bd\u03bf\u03c5\u03c2 \u03c3\u03b5 \u03c0\u03b5\u03b6\u03bf\u03cd\u03bb\u03b5\u03c2 \u03be\u03b5\u03c1\u03bf\u03bb\u03b9\u03b8\u03b9\u03ac\u03c2. \u0397 \u03cc\u03c8\u03b7 \u03c4\u03bf\u03c5 \u03b5\u03af\u03bd\u03b1\u03b9 \u03b9\u03b4\u03b9\u03b1\u03af\u03c4\u03b5\u03c1\u03b1 \u03b5\u03bb\u03ba\u03c5\u03c3\u03c4\u03b9\u03ba\u03ae \u03bc\u03b5 \u03b1\u03bd\u03bf\u03b9\u03c7\u03c4\u03bf\u03ba\u03af\u03c4\u03c1\u03b9\u03bd\u03bf \u03bb\u03b1\u03bc\u03c0\u03b5\u03c1\u03cc \u03c7\u03c1\u03ce\u03bc\u03b1 \u03ba\u03b1\u03b9 \u03c0\u03c1\u03b1\u03c3\u03b9\u03bd\u03c9\u03c0\u03ad\u03c2 \u03b1\u03bd\u03c4\u03b1\u03cd\u03b3\u03b5\u03b9\u03b5\u03c2. \u0391\u03c1\u03c9\u03bc\u03b1\u03c4\u03b9\u03ba\u03ac \u03b5\u03af\u03bd\u03b1\u03b9 \u03c0\u03bb\u03bf\u03cd\u03c3\u03b9\u03bf \u03ba\u03b1\u03b9 \u00ab\u03b3\u03b5\u03bc\u03ac\u03c4\u03bf\u00bb, \u03b8\u03c5\u03bc\u03af\u03b6\u03bf\u03bd\u03c4\u03b1\u03c2 \u03c4\u03b7\u03bd \u03bf\u03c3\u03bc\u03ae \u03ce\u03c1\u03b9\u03bc\u03c9\u03bd, \u03bb\u03b5\u03c5\u03ba\u03cc\u03c3\u03b1\u03c1\u03ba\u03c9\u03bd \u03c6\u03c1\u03bf\u03cd\u03c4\u03c9\u03bd, \u03cc\u03c0\u03c9\u03c2 \u03c1\u03bf\u03b4\u03ac\u03ba\u03b9\u03bd\u03bf, \u03b2\u03b5\u03c1\u03af\u03ba\u03bf\u03ba\u03bf \u03ba\u03b1\u03b9 \u03c0\u03b5\u03c0\u03cc\u03bd\u03b9, \u03c4\u03b1 \u03bf\u03c0\u03bf\u03af\u03b1 \u03b1\u03c0\u03bb\u03ce\u03bd\u03bf\u03bd\u03c4\u03b1\u03b9 \u03c3\u03b5 \u03ad\u03bd\u03b1 \u03c6\u03cc\u03bd\u03c4\u03bf \u03b5\u03be\u03b1\u03b9\u03c1\u03b5\u03c4\u03b9\u03ba\u03ac \u03b4\u03b9\u03b1\u03ba\u03c1\u03b9\u03c4\u03b9\u03ba\u03ae\u03c2 \u03ad\u03ba\u03c6\u03c1\u03b1\u03c3\u03b7\u03c2&#8230;<\/p>","protected":false},"featured_media":988120,"comment_status":"closed","ping_status":"closed","template":"","meta":[],"product_brand":[],"product_cat":[59],"product_tag":[],"class_list":{"0":"post-987919","1":"product","2":"type-product","3":"status-publish","4":"has-post-thumbnail","6":"product_cat-59","8":"first","9":"instock","10":"shipping-taxable","11":"product-type-simple"},"_links":{"self":[{"href":"https:\/\/www.samoswine.gr\/de\/wp-json\/wp\/v2\/product\/987919","targetHints":{"allow":["GET"]}}],"collection":[{"href":"https:\/\/www.samoswine.gr\/de\/wp-json\/wp\/v2\/product"}],"about":[{"href":"https:\/\/www.samoswine.gr\/de\/wp-json\/wp\/v2\/types\/product"}],"replies":[{"embeddable":true,"href":"https:\/\/www.samoswine.gr\/de\/wp-json\/wp\/v2\/comments?post=987919"}],"version-history":[{"count":14,"href":"https:\/\/www.samoswine.gr\/de\/wp-json\/wp\/v2\/product\/987919\/revisions"}],"predecessor-version":[{"id":989096,"href":"https:\/\/www.samoswine.gr\/de\/wp-json\/wp\/v2\/product\/987919\/revisions\/989096"}],"wp:featuredmedia":[{"embeddable":true,"href":"https:\/\/www.samoswine.gr\/de\/wp-json\/wp\/v2\/media\/988120"}],"wp:attachment":[{"href":"https:\/\/www.samoswine.gr\/de\/wp-json\/wp\/v2\/media?parent=987919"}],"wp:term":[{"taxonomy":"product_brand","embeddable":true,"href":"https:\/\/www.samoswine.gr\/de\/wp-json\/wp\/v2\/product_brand?post=987919"},{"taxonomy":"product_cat","embeddable":true,"href":"https:\/\/www.samoswine.gr\/de\/wp-json\/wp\/v2\/product_cat?post=987919"},{"taxonomy":"product_tag","embeddable":true,"href":"https:\/\/www.samoswine.gr\/de\/wp-json\/wp\/v2\/product_tag?post=987919"}],"curies":[{"name":"wp","href":"https:\/\/api.w.org\/{rel}","templated":true}]}}