{"id":987943,"date":"2026-02-02T16:34:13","date_gmt":"2026-02-02T13:34:13","guid":{"rendered":"https:\/\/paragogoiuwc.gr\/?post_type=product&#038;p=987943"},"modified":"2026-03-31T12:43:23","modified_gmt":"2026-03-31T09:43:23","slug":"samos-grand-cru","status":"publish","type":"product","link":"https:\/\/www.samoswine.gr\/de\/produkt\/samos-grand-cru\/","title":{"rendered":"Samos Grand Cru"},"content":{"rendered":"<div data-elementor-type=\"product-post\" data-elementor-id=\"987943\" class=\"elementor elementor-987943\" data-elementor-post-type=\"product\">\n\t\t\t\t\t\t<section class=\"elementor-section elementor-top-section elementor-element elementor-element-5f9f5b49 elementor-section-boxed elementor-section-height-default elementor-section-height-default\" data-id=\"5f9f5b49\" data-element_type=\"section\">\n\t\t\t\t\t\t<div class=\"elementor-container elementor-column-gap-default\">\n\t\t\t\t\t<div class=\"elementor-column elementor-col-100 elementor-top-column elementor-element elementor-element-1119ebdc\" data-id=\"1119ebdc\" data-element_type=\"column\">\n\t\t\t<div class=\"elementor-widget-wrap elementor-element-populated\">\n\t\t\t\t\t\t<div class=\"elementor-element elementor-element-7a182dc2 elementor-widget elementor-widget-heading\" data-id=\"7a182dc2\" data-element_type=\"widget\" data-widget_type=\"heading.default\">\n\t\t\t\t<div class=\"elementor-widget-container\">\n\t\t\t\t\t<h5 class=\"elementor-heading-title elementor-size-default\">Beschreibung<\/h5>\t\t\t\t<\/div>\n\t\t\t\t<\/div>\n\t\t\t\t<div class=\"elementor-element elementor-element-51f72ac3 elementor-widget elementor-widget-text-editor\" data-id=\"51f72ac3\" data-element_type=\"widget\" data-widget_type=\"text-editor.default\">\n\t\t\t\t<div class=\"elementor-widget-container\">\n\t\t\t\t\t\t\t\t\t<div class=\"woocommerce-product-details__short-description\"><p><span style=\"font-weight: 400;\">Ein Klassiker <\/span><b>Nat\u00fcrlicher S\u00fc\u00dfwein<\/b><span style=\"font-weight: 400;\"> (Nat\u00fcrlicher S\u00fc\u00dfwein) aus wei\u00dfem Muskateller. Er wird aus vollreifen Trauben ausgew\u00e4hlter, terrassenf\u00f6rmig angelegter Halbberglagen hergestellt. Der Ertrag ist mit 530 kg pro Hektar begrenzt. Der Grand Cru zeichnet sich durch seine leuchtend goldene, an Topas erinnernde Farbe und seine aromatische F\u00fclle aus, die die typischen Traubenaromen mit Noten von Honig und Honigwaben sowie exotischen Fr\u00fcchten verbindet.\u00a0<\/span><\/p><\/div>\t\t\t\t\t\t\t\t<\/div>\n\t\t\t\t<\/div>\n\t\t\t\t<div class=\"elementor-element elementor-element-6add1aa4 elementor-widget elementor-widget-heading\" data-id=\"6add1aa4\" data-element_type=\"widget\" data-widget_type=\"heading.default\">\n\t\t\t\t<div class=\"elementor-widget-container\">\n\t\t\t\t\t<h5 class=\"elementor-heading-title elementor-size-default\">N\u00fctzliche Informationen<\/h5>\t\t\t\t<\/div>\n\t\t\t\t<\/div>\n\t\t\t\t<div class=\"elementor-element elementor-element-765c77e6 elementor-widget elementor-widget-text-editor\" data-id=\"765c77e6\" data-element_type=\"widget\" data-widget_type=\"text-editor.default\">\n\t\t\t\t<div class=\"elementor-widget-container\">\n\t\t\t\t\t\t\t\t\t<p><strong>Kombiniert mit: <br \/><\/strong><\/p><p><span style=\"font-weight: 400;\">\u03a3\u03c5\u03bd\u03c4\u03b1\u03b9\u03c1\u03b9\u03ac\u03b6\u03b5\u03b9 \u03bc\u03b5 \u03b5\u03bb\u03b1\u03c6\u03c1\u03ac \u03b3\u03bb\u03c5\u03ba\u03af\u03c3\u03bc\u03b1\u03c4\u03b1 \u03b1\u03c0\u03cc \u03b4\u03b9\u03ac\u03c6\u03bf\u03c1\u03b1 \u03c6\u03c1\u03bf\u03cd\u03c4\u03b1, \u03b1\u03bb\u03bb\u03ac \u03c0\u03c1\u03bf\u03c3\u03c6\u03ad\u03c1\u03b5\u03c4\u03b1\u03b9 \u03ba\u03b1\u03b9 \u03b3\u03b9\u03b1 \u03c0\u03b5\u03b9\u03c1\u03b1\u03bc\u03b1\u03c4\u03b9\u03c3\u03bc\u03bf\u03cd\u03c2 \u03bc\u03b5 \u00ab\u03b1\u03bb\u03bc\u03c5\u03c1\u03ac\u00bb \u03c0\u03b9\u03ac\u03c4\u03b1, \u03cc\u03c0\u03c9\u03c2 \u03b1\u03c5\u03c4\u03ac \u03bc\u03b5 \u03ba\u03c1\u03ad\u03bc\u03b1 \u03b3\u03ac\u03bb\u03b1\u03ba\u03c4\u03bf\u03c2, \u03bc\u03c0\u03b5\u03c3\u03b1\u03bc\u03ad\u03bb \u03ba\u03b1\u03b9 \u03ba\u03af\u03c4\u03c1\u03b9\u03bd\u03b1 \u03c4\u03c5\u03c1\u03b9\u03ac. \u039c\u03b5 \u03ba\u03bf\u03c4\u03cc\u03c0\u03bf\u03c5\u03bb\u03bf \u03c3\u03bf\u03cd\u03b2\u03bb\u03b1\u03c2 \u03c4\u03bf \u03ba\u03c1\u03b1\u03c3\u03af \u03b1\u03c5\u03c4\u03cc \u03b5\u03af\u03bd\u03b1\u03b9 \u03ad\u03bd\u03b1\u03c2 \u03c3\u03c5\u03bd\u03bf\u03b4\u03cc\u03c2-\u03b1\u03c0\u03bf\u03ba\u03ac\u03bb\u03c5\u03c8\u03b7.<\/span><\/p><p><b>Serviertemperatur: <\/b>8 \u2013 10\u03bfC<\/p><p><b>Vielfalt: <\/b>Wei\u00dfer kleiner Rosenmuskat von Samos 100%<\/p><p><b>Geografische Angabe:<\/b> Gesch\u00fctzte Ursprungsbezeichnung \u00abSamos\u00bb<\/p>\t\t\t\t\t\t\t\t<\/div>\n\t\t\t\t<\/div>\n\t\t\t\t<div class=\"elementor-element elementor-element-1221582 elementor-hidden-desktop elementor-hidden-tablet elementor-hidden-mobile elementor-widget elementor-widget-heading\" data-id=\"1221582\" data-element_type=\"widget\" data-widget_type=\"heading.default\">\n\t\t\t\t<div class=\"elementor-widget-container\">\n\t\t\t\t\t<h5 class=\"elementor-heading-title elementor-size-default\">Auszeichnungen<\/h5>\t\t\t\t<\/div>\n\t\t\t\t<\/div>\n\t\t\t\t<section class=\"elementor-section elementor-inner-section elementor-element elementor-element-f8f20ae elementor-hidden-desktop elementor-hidden-tablet elementor-hidden-mobile elementor-section-boxed elementor-section-height-default elementor-section-height-default\" data-id=\"f8f20ae\" data-element_type=\"section\">\n\t\t\t\t\t\t<div class=\"elementor-container elementor-column-gap-default\">\n\t\t\t\t\t<div class=\"elementor-column elementor-col-33 elementor-inner-column elementor-element elementor-element-68cd9e75\" data-id=\"68cd9e75\" data-element_type=\"column\">\n\t\t\t<div class=\"elementor-widget-wrap elementor-element-populated\">\n\t\t\t\t\t\t<div class=\"elementor-element elementor-element-21cdc16d elementor-headline--style-highlight elementor-widget elementor-widget-vamtam-animated-headline\" data-id=\"21cdc16d\" data-element_type=\"widget\" data-settings=\"{&quot;marker&quot;:&quot;curly&quot;,&quot;highlighted_text&quot;:&quot;92\\\/100&quot;,&quot;headline_style&quot;:&quot;highlight&quot;,&quot;loop&quot;:&quot;yes&quot;,&quot;highlight_animation_duration&quot;:1200,&quot;highlight_iteration_delay&quot;:8000}\" data-widget_type=\"vamtam-animated-headline.default\">\n\t\t\t\t<div class=\"elementor-widget-container\">\n\t\t\t\t\t\t\t\t\t<h5 class=\"elementor-headline\">\n\t\t\t\t\t\t\t\t\t\t\t\t\t\t\t\t\t\t<span class=\"elementor-headline-plain-text elementor-headline-text-wrapper\">Falstaff: <br><\/span>\n\t\t\t\t\t\t\t\t\t\t\t\t<span class=\"elementor-headline-dynamic-wrapper elementor-headline-text-wrapper\">\n\t\t\t\t\t\t\t\t\t\t\t\t\t<span class=\"elementor-headline-dynamic-text elementor-headline-text-active\">92\/100<\/span>\n\t\t\t\t\t\t\t\t\t\t\t\t<\/span>\n\t\t\t\t\t\t\t\t\t\t\t\t\t<span class=\"elementor-headline-plain-text elementor-headline-text-wrapper\">\u00d6sterreich<\/span>\n\t\t\t\t\t\t\t\t\t\t\t\t\t\t\t\t<\/h5>\n\t\t\t\t\t\t\t\t<\/div>\n\t\t\t\t<\/div>\n\t\t\t\t\t<\/div>\n\t\t<\/div>\n\t\t\t\t<div class=\"elementor-column elementor-col-33 elementor-inner-column elementor-element elementor-element-eeb618\" data-id=\"eeb618\" data-element_type=\"column\">\n\t\t\t<div class=\"elementor-widget-wrap elementor-element-populated\">\n\t\t\t\t\t\t<div class=\"elementor-element elementor-element-3a8eb89e elementor-headline--style-highlight elementor-widget elementor-widget-vamtam-animated-headline\" data-id=\"3a8eb89e\" data-element_type=\"widget\" data-settings=\"{&quot;marker&quot;:&quot;curly&quot;,&quot;highlighted_text&quot;:&quot;94\\\/100&quot;,&quot;headline_style&quot;:&quot;highlight&quot;,&quot;loop&quot;:&quot;yes&quot;,&quot;highlight_animation_duration&quot;:1200,&quot;highlight_iteration_delay&quot;:8000}\" data-widget_type=\"vamtam-animated-headline.default\">\n\t\t\t\t<div class=\"elementor-widget-container\">\n\t\t\t\t\t\t\t\t\t<h5 class=\"elementor-headline\">\n\t\t\t\t\t\t\t\t\t\t\t\t\t\t\t\t\t\t<span class=\"elementor-headline-plain-text elementor-headline-text-wrapper\">Daniele Cernilli: <br><\/span>\n\t\t\t\t\t\t\t\t\t\t\t\t<span class=\"elementor-headline-dynamic-wrapper elementor-headline-text-wrapper\">\n\t\t\t\t\t\t\t\t\t\t\t\t\t<span class=\"elementor-headline-dynamic-text elementor-headline-text-active\">94\/100<\/span>\n\t\t\t\t\t\t\t\t\t\t\t\t<\/span>\n\t\t\t\t\t\t\t\t\t\t\t\t\t<span class=\"elementor-headline-plain-text elementor-headline-text-wrapper\">Italien<\/span>\n\t\t\t\t\t\t\t\t\t\t\t\t\t\t\t\t<\/h5>\n\t\t\t\t\t\t\t\t<\/div>\n\t\t\t\t<\/div>\n\t\t\t\t\t<\/div>\n\t\t<\/div>\n\t\t\t\t<div class=\"elementor-column elementor-col-33 elementor-inner-column elementor-element elementor-element-2ba60509\" data-id=\"2ba60509\" data-element_type=\"column\">\n\t\t\t<div class=\"elementor-widget-wrap elementor-element-populated\">\n\t\t\t\t\t\t<div class=\"elementor-element elementor-element-71f4ceb9 elementor-headline--style-highlight elementor-widget elementor-widget-vamtam-animated-headline\" data-id=\"71f4ceb9\" data-element_type=\"widget\" data-settings=\"{&quot;marker&quot;:&quot;curly&quot;,&quot;highlighted_text&quot;:&quot;Tre bicchieri&quot;,&quot;headline_style&quot;:&quot;highlight&quot;,&quot;loop&quot;:&quot;yes&quot;,&quot;highlight_animation_duration&quot;:1200,&quot;highlight_iteration_delay&quot;:8000}\" data-widget_type=\"vamtam-animated-headline.default\">\n\t\t\t\t<div class=\"elementor-widget-container\">\n\t\t\t\t\t\t\t\t\t<h5 class=\"elementor-headline\">\n\t\t\t\t\t\t\t\t\t\t\t\t\t\t\t\t\t\t<span class=\"elementor-headline-plain-text elementor-headline-text-wrapper\">Gambero Rosso\u200b: <br><\/span>\n\t\t\t\t\t\t\t\t\t\t\t\t<span class=\"elementor-headline-dynamic-wrapper elementor-headline-text-wrapper\">\n\t\t\t\t\t\t\t\t\t\t\t\t\t<span class=\"elementor-headline-dynamic-text elementor-headline-text-active\">Drei Gl\u00e4ser<\/span>\n\t\t\t\t\t\t\t\t\t\t\t\t<\/span>\n\t\t\t\t\t\t\t\t\t\t\t\t\t<span class=\"elementor-headline-plain-text elementor-headline-text-wrapper\">Italien<\/span>\n\t\t\t\t\t\t\t\t\t\t\t\t\t\t\t\t<\/h5>\n\t\t\t\t\t\t\t\t<\/div>\n\t\t\t\t<\/div>\n\t\t\t\t\t<\/div>\n\t\t<\/div>\n\t\t\t\t\t<\/div>\n\t\t<\/section>\n\t\t\t\t<section class=\"elementor-section elementor-inner-section elementor-element elementor-element-5649c32f elementor-section-boxed elementor-section-height-default elementor-section-height-default\" data-id=\"5649c32f\" data-element_type=\"section\">\n\t\t\t\t\t\t<div class=\"elementor-container elementor-column-gap-default\">\n\t\t\t\t\t<div class=\"elementor-column elementor-col-100 elementor-inner-column elementor-element elementor-element-1ac98044\" data-id=\"1ac98044\" data-element_type=\"column\">\n\t\t\t<div class=\"elementor-widget-wrap elementor-element-populated\">\n\t\t\t\t\t\t<div class=\"elementor-element elementor-element-3b7be6ec elementor-widget__width-initial elementor-widget-mobile__width-initial elementor-fixed elementor-hidden-tablet elementor-hidden-phone elementor-widget elementor-widget-image\" data-id=\"3b7be6ec\" data-element_type=\"widget\" data-settings=\"{&quot;_position&quot;:&quot;fixed&quot;}\" data-widget_type=\"image.default\">\n\t\t\t\t<div class=\"elementor-widget-container\">\n\t\t\t\t\t\t\t\t\t<div class=\"elementor-image\">\n\t\t\t\t\t\t\t\t\t\t\t\t\t\t\t\t\t\t\t\t\t<img fetchpriority=\"high\" decoding=\"async\" width=\"308\" height=\"444\" src=\"https:\/\/www.samoswine.gr\/wp-content\/uploads\/2024\/09\/GRAND-CRU-1.png\" class=\"attachment-large size-large wp-image-988246\" alt=\"\" srcset=\"https:\/\/www.samoswine.gr\/wp-content\/uploads\/2024\/09\/GRAND-CRU-1.png 308w, https:\/\/www.samoswine.gr\/wp-content\/uploads\/2024\/09\/GRAND-CRU-1-208x300.png 208w\" sizes=\"(max-width: 308px) 100vw, 308px\" \/>\t\t\t\t\t\t\t\t\t\t\t\t\t\t\t\t\t\t\t\t\t\t\t\t<\/div>\n\t\t\t\t\t\t\t\t<\/div>\n\t\t\t\t<\/div>\n\t\t\t\t\t<\/div>\n\t\t<\/div>\n\t\t\t\t\t<\/div>\n\t\t<\/section>\n\t\t\t\t\t<\/div>\n\t\t<\/div>\n\t\t\t\t\t<\/div>\n\t\t<\/section>\n\t\t\t\t<\/div>","protected":false},"excerpt":{"rendered":"<p>\u03a0\u03b5\u03c1\u03b9\u03b3\u03c1\u03b1\u03c6\u03ae \u0388\u03bd\u03b1 \u03ba\u03bb\u03b1\u03c3\u03b9\u03ba\u03cc Vin Doux Naturel (\u03a6\u03c5\u03c3\u03b9\u03ba\u03cc\u03c2 \u03b3\u03bb\u03c5\u03ba\u03cd\u03c2 \u03bf\u03af\u03bd\u03bf\u03c2) \u03b1\u03c0\u03cc \u03ac\u03c3\u03c0\u03c1\u03bf \u03bc\u03bf\u03c3\u03c7\u03ac\u03c4\u03bf. \u03a0\u03b1\u03c1\u03ac\u03b3\u03b5\u03c4\u03b1\u03b9 \u03b1\u03c0\u03cc \u03ba\u03b1\u03bb\u03ac \u03c9\u03c1\u03b9\u03bc\u03b1\u03c3\u03bc\u03ad\u03bd\u03b1 \u03c3\u03c4\u03b1\u03c6\u03cd\u03bb\u03b9\u03b1 \u03b5\u03c0\u03b9\u03bb\u03b5\u03b3\u03bc\u03ad\u03bd\u03c9\u03bd \u03b7\u03bc\u03b9\u03bf\u03c1\u03b5\u03b9\u03bd\u03ce\u03bd \u03b1\u03bc\u03c0\u03b5\u03bb\u03ce\u03bd\u03c9\u03bd, \u03b4\u03b9\u03b1\u03bc\u03bf\u03c1\u03c6\u03c9\u03bc\u03ad\u03bd\u03c9\u03bd \u03c3\u03b5 \u03b1\u03bd\u03b1\u03b2\u03b1\u03b8\u03bc\u03af\u03b4\u03b5\u03c2. \u0397 \u03c3\u03c4\u03c1\u03b5\u03bc\u03bc\u03b1\u03c4\u03b9\u03ba\u03ae \u03b1\u03c0\u03cc\u03b4\u03bf\u03c3\u03b7 \u03b5\u03af\u03bd\u03b1\u03b9 \u03c0\u03b5\u03c1\u03b9\u03bf\u03c1\u03b9\u03c3\u03bc\u03ad\u03bd\u03b7, \u03bc\u03b5 530 \u03ba\u03b9\u03bb\u03ac \u03b1\u03bd\u03ac \u03c3\u03c4\u03c1\u03ad\u03bc\u03bc\u03b1. \u03a4\u03bf Grand Cru \u03b4\u03b9\u03b1\u03ba\u03c1\u03af\u03bd\u03b5\u03c4\u03b1\u03b9 \u03b3\u03b9\u03b1 \u03c4\u03bf \u03bb\u03b1\u03bc\u03c0\u03b5\u03c1\u03cc \u03c7\u03c1\u03c5\u03c3\u03b1\u03c6\u03ad\u03bd\u03b9\u03bf \u03c7\u03c1\u03ce\u03bc\u03b1 \u03c4\u03bf\u03c5, \u03c0\u03bf\u03c5 \u03b8\u03c5\u03bc\u03af\u03b6\u03b5\u03b9 \u03c4\u03bf\u03c0\u03ac\u03b6\u03b9, \u03ba\u03b1\u03b9 \u03c4\u03bf\u03bd \u03b1\u03c1\u03c9\u03bc\u03b1\u03c4\u03b9\u03ba\u03cc \u03c4\u03bf\u03c5 \u03c0\u03bb\u03bf\u03cd\u03c4\u03bf \u03c0\u03bf\u03c5 \u03c3\u03c5\u03bd\u03b4\u03c5\u03ac\u03b6\u03b5\u03b9 \u03c4\u03b9\u03c2 \u03bc\u03bd\u03ae\u03bc\u03b5\u03c2&#8230;<\/p>","protected":false},"featured_media":988113,"comment_status":"closed","ping_status":"closed","template":"","meta":[],"product_brand":[],"product_cat":[66,56],"product_tag":[],"class_list":{"0":"post-987943","1":"product","2":"type-product","3":"status-publish","4":"has-post-thumbnail","6":"product_cat-vin-doux-naturel","7":"product_cat-56","9":"first","10":"instock","11":"shipping-taxable","12":"product-type-simple"},"_links":{"self":[{"href":"https:\/\/www.samoswine.gr\/de\/wp-json\/wp\/v2\/product\/987943","targetHints":{"allow":["GET"]}}],"collection":[{"href":"https:\/\/www.samoswine.gr\/de\/wp-json\/wp\/v2\/product"}],"about":[{"href":"https:\/\/www.samoswine.gr\/de\/wp-json\/wp\/v2\/types\/product"}],"replies":[{"embeddable":true,"href":"https:\/\/www.samoswine.gr\/de\/wp-json\/wp\/v2\/comments?post=987943"}],"version-history":[{"count":17,"href":"https:\/\/www.samoswine.gr\/de\/wp-json\/wp\/v2\/product\/987943\/revisions"}],"predecessor-version":[{"id":989470,"href":"https:\/\/www.samoswine.gr\/de\/wp-json\/wp\/v2\/product\/987943\/revisions\/989470"}],"wp:featuredmedia":[{"embeddable":true,"href":"https:\/\/www.samoswine.gr\/de\/wp-json\/wp\/v2\/media\/988113"}],"wp:attachment":[{"href":"https:\/\/www.samoswine.gr\/de\/wp-json\/wp\/v2\/media?parent=987943"}],"wp:term":[{"taxonomy":"product_brand","embeddable":true,"href":"https:\/\/www.samoswine.gr\/de\/wp-json\/wp\/v2\/product_brand?post=987943"},{"taxonomy":"product_cat","embeddable":true,"href":"https:\/\/www.samoswine.gr\/de\/wp-json\/wp\/v2\/product_cat?post=987943"},{"taxonomy":"product_tag","embeddable":true,"href":"https:\/\/www.samoswine.gr\/de\/wp-json\/wp\/v2\/product_tag?post=987943"}],"curies":[{"name":"wp","href":"https:\/\/api.w.org\/{rel}","templated":true}]}}