{"id":987949,"date":"2026-02-01T16:37:52","date_gmt":"2026-02-01T13:37:52","guid":{"rendered":"https:\/\/paragogoiuwc.gr\/?post_type=product&#038;p=987949"},"modified":"2026-03-31T12:43:41","modified_gmt":"2026-03-31T09:43:41","slug":"samos-vin-doux","status":"publish","type":"product","link":"https:\/\/www.samoswine.gr\/de\/produkt\/samos-vin-doux\/","title":{"rendered":"Samos S\u00fc\u00dfwein"},"content":{"rendered":"<div data-elementor-type=\"product-post\" data-elementor-id=\"987949\" class=\"elementor elementor-987949\" data-elementor-post-type=\"product\">\n\t\t\t\t\t\t<section class=\"elementor-section elementor-top-section elementor-element elementor-element-3f392f9b elementor-section-boxed elementor-section-height-default elementor-section-height-default\" data-id=\"3f392f9b\" data-element_type=\"section\">\n\t\t\t\t\t\t<div class=\"elementor-container elementor-column-gap-default\">\n\t\t\t\t\t<div class=\"elementor-column elementor-col-100 elementor-top-column elementor-element elementor-element-687b430b\" data-id=\"687b430b\" data-element_type=\"column\">\n\t\t\t<div class=\"elementor-widget-wrap elementor-element-populated\">\n\t\t\t\t\t\t<div class=\"elementor-element elementor-element-4e43ad6f elementor-widget elementor-widget-heading\" data-id=\"4e43ad6f\" data-element_type=\"widget\" data-widget_type=\"heading.default\">\n\t\t\t\t<div class=\"elementor-widget-container\">\n\t\t\t\t\t<h5 class=\"elementor-heading-title elementor-size-default\">Beschreibung<\/h5>\t\t\t\t<\/div>\n\t\t\t\t<\/div>\n\t\t\t\t<div class=\"elementor-element elementor-element-6d8c2e7 elementor-widget elementor-widget-text-editor\" data-id=\"6d8c2e7\" data-element_type=\"widget\" data-widget_type=\"text-editor.default\">\n\t\t\t\t<div class=\"elementor-widget-container\">\n\t\t\t\t\t\t\t\t\t<div class=\"woocommerce-product-details__short-description\"><div class=\"short-description std\"><p>Es geh\u00f6rt zur Kategorie der Lik\u00f6rweine (Vins de Liqueur) und<br \/>ist der beliebteste Wein von Samos und wird weltweit exportiert. Das sogenannte \u00abfl\u00fcssige Gold\u00bb mit seiner hellgoldenen Farbe stammt von<br \/>Von halbgebirgigen und bergigen Terrassen. Sowohl sein Aussehen als auch sein Duft sind besonders ansprechend. Aromen von Aprikosenmarmelade und reifer Melone dominieren, w\u00e4hrend am Gaumen Nuancen von Karamell und Bl\u00fcten wahrnehmbar sind. Der erste Kontakt mit dem Gaumen ist explosiv, ein Fest der Aromen und Geschmacksnuancen, die sich um die Muskatellertraube drehen und sich auf au\u00dfergew\u00f6hnlich frische Weise pr\u00e4sentieren.\u00a0<\/p><\/div><\/div>\t\t\t\t\t\t\t\t<\/div>\n\t\t\t\t<\/div>\n\t\t\t\t<div class=\"elementor-element elementor-element-3e30529c elementor-widget elementor-widget-heading\" data-id=\"3e30529c\" data-element_type=\"widget\" data-widget_type=\"heading.default\">\n\t\t\t\t<div class=\"elementor-widget-container\">\n\t\t\t\t\t<h5 class=\"elementor-heading-title elementor-size-default\">N\u00fctzliche Informationen<\/h5>\t\t\t\t<\/div>\n\t\t\t\t<\/div>\n\t\t\t\t<div class=\"elementor-element elementor-element-5887ba4c elementor-widget elementor-widget-text-editor\" data-id=\"5887ba4c\" data-element_type=\"widget\" data-widget_type=\"text-editor.default\">\n\t\t\t\t<div class=\"elementor-widget-container\">\n\t\t\t\t\t\t\t\t\t<p><strong>Kombiniert mit:<br \/><\/strong><\/p><p>Als klassischer Dessertwein wird er nach dem Essen serviert und harmoniert am besten mit leichten und hellen Desserts wie Apfelkuchen, Orangenkuchen und Obstt\u00f6rtchen, aber auch mit intensiv cremigen Kreationen. Er wird jedoch auch vor dem Essen als Aperitif zu Obst, K\u00e4se und N\u00fcssen genossen. Er passt hervorragend zu reifer Melone, und Desserts, K\u00e4se, frisches oder getrocknetes Obst harmonieren wunderbar mit Samos Vin Doux. In der Konditorei wird er zur Herstellung besonders schmackhafter Sirupe verwendet, die s\u00fc\u00dfen Kreationen eine besondere Note verleihen. In der K\u00fcche erg\u00e4nzt er aromatisch und verbindet s\u00fc\u00df-saure Saucen oder verleiht Gefl\u00fcgelgerichten, asiatischen oder auch italienischen Rezepten seine dezente S\u00fc\u00dfe. Er ist der ideale Abschluss eines Essens oder Abendessens, und sein vollmundiger K\u00f6rper eignet sich hervorragend als Basis f\u00fcr die Zubereitung einzigartiger Cocktails in unz\u00e4hligen Kombinationsm\u00f6glichkeiten.<\/p><p><strong>Serviertemperatur:<\/strong> 8 \u2013 10 \u00b0C<br \/><strong>Vielfalt:<\/strong> Wei\u00dfer kleiner Rosenmuskat von Samos 100%<br \/><strong>Geografische Angabe:<\/strong> Gesch\u00fctzte Ursprungsbezeichnung \u00abSamos\u00bb<\/p>\t\t\t\t\t\t\t\t<\/div>\n\t\t\t\t<\/div>\n\t\t\t\t<div class=\"elementor-element elementor-element-234b18e2 elementor-hidden-desktop elementor-hidden-tablet elementor-hidden-mobile elementor-widget elementor-widget-heading\" data-id=\"234b18e2\" data-element_type=\"widget\" data-widget_type=\"heading.default\">\n\t\t\t\t<div class=\"elementor-widget-container\">\n\t\t\t\t\t<h5 class=\"elementor-heading-title elementor-size-default\">Auszeichnungen<\/h5>\t\t\t\t<\/div>\n\t\t\t\t<\/div>\n\t\t\t\t<section class=\"elementor-section elementor-inner-section elementor-element elementor-element-63089938 elementor-hidden-desktop elementor-hidden-tablet elementor-hidden-mobile elementor-section-boxed elementor-section-height-default elementor-section-height-default\" data-id=\"63089938\" data-element_type=\"section\">\n\t\t\t\t\t\t<div class=\"elementor-container elementor-column-gap-default\">\n\t\t\t\t\t<div class=\"elementor-column elementor-col-33 elementor-inner-column elementor-element elementor-element-34d874a8\" data-id=\"34d874a8\" data-element_type=\"column\">\n\t\t\t<div class=\"elementor-widget-wrap elementor-element-populated\">\n\t\t\t\t\t\t<div class=\"elementor-element elementor-element-5c8667db elementor-headline--style-highlight elementor-widget elementor-widget-vamtam-animated-headline\" data-id=\"5c8667db\" data-element_type=\"widget\" data-settings=\"{&quot;marker&quot;:&quot;curly&quot;,&quot;highlighted_text&quot;:&quot;92\\\/100&quot;,&quot;headline_style&quot;:&quot;highlight&quot;,&quot;loop&quot;:&quot;yes&quot;,&quot;highlight_animation_duration&quot;:1200,&quot;highlight_iteration_delay&quot;:8000}\" data-widget_type=\"vamtam-animated-headline.default\">\n\t\t\t\t<div class=\"elementor-widget-container\">\n\t\t\t\t\t\t\t\t\t<h5 class=\"elementor-headline\">\n\t\t\t\t\t\t\t\t\t\t\t\t\t\t\t\t\t\t<span class=\"elementor-headline-plain-text elementor-headline-text-wrapper\">Falstaff: <br><\/span>\n\t\t\t\t\t\t\t\t\t\t\t\t<span class=\"elementor-headline-dynamic-wrapper elementor-headline-text-wrapper\">\n\t\t\t\t\t\t\t\t\t\t\t\t\t<span class=\"elementor-headline-dynamic-text elementor-headline-text-active\">92\/100<\/span>\n\t\t\t\t\t\t\t\t\t\t\t\t<\/span>\n\t\t\t\t\t\t\t\t\t\t\t\t\t<span class=\"elementor-headline-plain-text elementor-headline-text-wrapper\">\u00d6sterreich<\/span>\n\t\t\t\t\t\t\t\t\t\t\t\t\t\t\t\t<\/h5>\n\t\t\t\t\t\t\t\t<\/div>\n\t\t\t\t<\/div>\n\t\t\t\t\t<\/div>\n\t\t<\/div>\n\t\t\t\t<div class=\"elementor-column elementor-col-33 elementor-inner-column elementor-element elementor-element-1346dae\" data-id=\"1346dae\" data-element_type=\"column\">\n\t\t\t<div class=\"elementor-widget-wrap elementor-element-populated\">\n\t\t\t\t\t\t<div class=\"elementor-element elementor-element-13f99e03 elementor-headline--style-highlight elementor-widget elementor-widget-vamtam-animated-headline\" data-id=\"13f99e03\" data-element_type=\"widget\" data-settings=\"{&quot;marker&quot;:&quot;curly&quot;,&quot;highlighted_text&quot;:&quot;94\\\/100&quot;,&quot;headline_style&quot;:&quot;highlight&quot;,&quot;loop&quot;:&quot;yes&quot;,&quot;highlight_animation_duration&quot;:1200,&quot;highlight_iteration_delay&quot;:8000}\" data-widget_type=\"vamtam-animated-headline.default\">\n\t\t\t\t<div class=\"elementor-widget-container\">\n\t\t\t\t\t\t\t\t\t<h5 class=\"elementor-headline\">\n\t\t\t\t\t\t\t\t\t\t\t\t\t\t\t\t\t\t<span class=\"elementor-headline-plain-text elementor-headline-text-wrapper\">Daniele Cernilli: <br><\/span>\n\t\t\t\t\t\t\t\t\t\t\t\t<span class=\"elementor-headline-dynamic-wrapper elementor-headline-text-wrapper\">\n\t\t\t\t\t\t\t\t\t\t\t\t\t<span class=\"elementor-headline-dynamic-text elementor-headline-text-active\">94\/100<\/span>\n\t\t\t\t\t\t\t\t\t\t\t\t<\/span>\n\t\t\t\t\t\t\t\t\t\t\t\t\t<span class=\"elementor-headline-plain-text elementor-headline-text-wrapper\">Italien<\/span>\n\t\t\t\t\t\t\t\t\t\t\t\t\t\t\t\t<\/h5>\n\t\t\t\t\t\t\t\t<\/div>\n\t\t\t\t<\/div>\n\t\t\t\t\t<\/div>\n\t\t<\/div>\n\t\t\t\t<div class=\"elementor-column elementor-col-33 elementor-inner-column elementor-element elementor-element-4b28ad9\" data-id=\"4b28ad9\" data-element_type=\"column\">\n\t\t\t<div class=\"elementor-widget-wrap elementor-element-populated\">\n\t\t\t\t\t\t<div class=\"elementor-element elementor-element-7ed2deb8 elementor-headline--style-highlight elementor-widget elementor-widget-vamtam-animated-headline\" data-id=\"7ed2deb8\" data-element_type=\"widget\" data-settings=\"{&quot;marker&quot;:&quot;curly&quot;,&quot;highlighted_text&quot;:&quot;Tre bicchieri&quot;,&quot;headline_style&quot;:&quot;highlight&quot;,&quot;loop&quot;:&quot;yes&quot;,&quot;highlight_animation_duration&quot;:1200,&quot;highlight_iteration_delay&quot;:8000}\" data-widget_type=\"vamtam-animated-headline.default\">\n\t\t\t\t<div class=\"elementor-widget-container\">\n\t\t\t\t\t\t\t\t\t<h5 class=\"elementor-headline\">\n\t\t\t\t\t\t\t\t\t\t\t\t\t\t\t\t\t\t<span class=\"elementor-headline-plain-text elementor-headline-text-wrapper\">Gambero Rosso\u200b: <br><\/span>\n\t\t\t\t\t\t\t\t\t\t\t\t<span class=\"elementor-headline-dynamic-wrapper elementor-headline-text-wrapper\">\n\t\t\t\t\t\t\t\t\t\t\t\t\t<span class=\"elementor-headline-dynamic-text elementor-headline-text-active\">Drei Gl\u00e4ser<\/span>\n\t\t\t\t\t\t\t\t\t\t\t\t<\/span>\n\t\t\t\t\t\t\t\t\t\t\t\t\t<span class=\"elementor-headline-plain-text elementor-headline-text-wrapper\">Italien<\/span>\n\t\t\t\t\t\t\t\t\t\t\t\t\t\t\t\t<\/h5>\n\t\t\t\t\t\t\t\t<\/div>\n\t\t\t\t<\/div>\n\t\t\t\t\t<\/div>\n\t\t<\/div>\n\t\t\t\t\t<\/div>\n\t\t<\/section>\n\t\t\t\t<section class=\"elementor-section elementor-inner-section elementor-element elementor-element-4080b31e elementor-section-boxed elementor-section-height-default elementor-section-height-default\" data-id=\"4080b31e\" data-element_type=\"section\">\n\t\t\t\t\t\t<div class=\"elementor-container elementor-column-gap-default\">\n\t\t\t\t\t<div class=\"elementor-column elementor-col-100 elementor-inner-column elementor-element elementor-element-23335191\" data-id=\"23335191\" data-element_type=\"column\">\n\t\t\t<div class=\"elementor-widget-wrap elementor-element-populated\">\n\t\t\t\t\t\t<div class=\"elementor-element elementor-element-7243ee20 elementor-widget__width-initial elementor-widget-mobile__width-initial elementor-fixed elementor-hidden-tablet elementor-hidden-phone elementor-widget elementor-widget-image\" data-id=\"7243ee20\" data-element_type=\"widget\" data-settings=\"{&quot;_position&quot;:&quot;fixed&quot;}\" data-widget_type=\"image.default\">\n\t\t\t\t<div class=\"elementor-widget-container\">\n\t\t\t\t\t\t\t\t\t<div class=\"elementor-image\">\n\t\t\t\t\t\t\t\t\t\t\t\t\t\t\t\t\t\t\t\t\t<img fetchpriority=\"high\" decoding=\"async\" width=\"308\" height=\"444\" src=\"https:\/\/www.samoswine.gr\/wp-content\/uploads\/2024\/09\/SAMOS-VIN-DOUX-2.png\" class=\"attachment-large size-large wp-image-988231\" alt=\"\" srcset=\"https:\/\/www.samoswine.gr\/wp-content\/uploads\/2024\/09\/SAMOS-VIN-DOUX-2.png 308w, https:\/\/www.samoswine.gr\/wp-content\/uploads\/2024\/09\/SAMOS-VIN-DOUX-2-208x300.png 208w\" sizes=\"(max-width: 308px) 100vw, 308px\" \/>\t\t\t\t\t\t\t\t\t\t\t\t\t\t\t\t\t\t\t\t\t\t\t\t<\/div>\n\t\t\t\t\t\t\t\t<\/div>\n\t\t\t\t<\/div>\n\t\t\t\t\t<\/div>\n\t\t<\/div>\n\t\t\t\t\t<\/div>\n\t\t<\/section>\n\t\t\t\t\t<\/div>\n\t\t<\/div>\n\t\t\t\t\t<\/div>\n\t\t<\/section>\n\t\t\t\t<\/div>","protected":false},"excerpt":{"rendered":"<p>\u03a0\u03b5\u03c1\u03b9\u03b3\u03c1\u03b1\u03c6\u03ae \u0391\u03bd\u03ae\u03ba\u03b5\u03b9 \u03c3\u03c4\u03b7\u03bd \u03ba\u03b1\u03c4\u03b7\u03b3\u03bf\u03c1\u03af\u03b1 \u03c4\u03c9\u03bd Vins de Liqueur (\u03b5\u03bd\u03b9\u03c3\u03c7\u03c5\u03bc\u03ad\u03bd\u03c9\u03bd \u03ba\u03c1\u03b1\u03c3\u03b9\u03ce\u03bd) \u03ba\u03b1\u03b9 \u03b5\u03af\u03bd\u03b1\u03b9 \u03c4\u03bf \u03c0\u03b9\u03bf \u03b4\u03b7\u03bc\u03bf\u03c6\u03b9\u03bb\u03ad\u03c2 \u03ba\u03c1\u03b1\u03c3\u03af \u03c4\u03b7\u03c2 \u03a3\u03ac\u03bc\u03bf\u03c5, \u03b5\u03bd\u03ce \u03b5\u03be\u03ac\u03b3\u03b5\u03c4\u03b1\u03b9 \u03c3\u03b5 \u03cc\u03bb\u03bf\u03bd \u03c4\u03bf\u03bd \u03ba\u03cc\u03c3\u03bc\u03bf. \u03a4\u03bf \u03bb\u03b5\u03b3\u03cc\u03bc\u03b5\u03bd\u03bf \u00ab\u03c5\u03b3\u03c1\u03cc \u03c7\u03c1\u03c5\u03c3\u03ac\u03c6\u03b9\u00bb, \u03bc\u03b5 \u03c4\u03bf \u03b1\u03bd\u03bf\u03b9\u03c7\u03c4\u03cc\u03c7\u03c1\u03c9\u03bc\u03bf \u03c7\u03c1\u03c5\u03c3\u03b1\u03c6\u03af, \u03c0\u03c1\u03bf\u03ad\u03c1\u03c7\u03b5\u03c4\u03b1\u03b9 \u03b1\u03c0\u03cc \u03b7\u03bc\u03b9\u03bf\u03c1\u03b5\u03b9\u03bd\u03ad\u03c2 \u03ba\u03b1\u03b9 \u03bf\u03c1\u03b5\u03b9\u03bd\u03ad\u03c2 \u03b1\u03bd\u03b1\u03b2\u03b1\u03b8\u03bc\u03af\u03b4\u03b5\u03c2. \u03a4\u03cc\u03c3\u03bf \u03b7 \u03cc\u03c8\u03b7 \u03cc\u03c3\u03bf \u03ba\u03b1\u03b9 \u03b7 \u03bf\u03c3\u03bc\u03ae \u03c4\u03bf\u03c5 \u03b5\u03af\u03bd\u03b1\u03b9 \u03b9\u03b4\u03b9\u03b1\u03af\u03c4\u03b5\u03c1\u03b1 \u03b5\u03bb\u03ba\u03c5\u03c3\u03c4\u03b9\u03ba\u03ae. \u039a\u03c5\u03c1\u03b9\u03b1\u03c1\u03c7\u03bf\u03cd\u03bd \u03b1\u03c1\u03ce\u03bc\u03b1\u03c4\u03b1 \u03bc\u03b1\u03c1\u03bc\u03b5\u03bb\u03ac\u03b4\u03b1\u03c2 \u03b2\u03b5\u03c1\u03af\u03ba\u03bf\u03ba\u03bf\u03c5 \u03ba\u03b1\u03b9 \u03ce\u03c1\u03b9\u03bc\u03bf\u03c5&#8230;<\/p>","protected":false},"featured_media":988124,"comment_status":"closed","ping_status":"closed","template":"","meta":[],"product_brand":[],"product_cat":[65,56],"product_tag":[],"class_list":{"0":"post-987949","1":"product","2":"type-product","3":"status-publish","4":"has-post-thumbnail","6":"product_cat-vin-de-liqueur","7":"product_cat-56","9":"first","10":"instock","11":"shipping-taxable","12":"product-type-simple"},"_links":{"self":[{"href":"https:\/\/www.samoswine.gr\/de\/wp-json\/wp\/v2\/product\/987949","targetHints":{"allow":["GET"]}}],"collection":[{"href":"https:\/\/www.samoswine.gr\/de\/wp-json\/wp\/v2\/product"}],"about":[{"href":"https:\/\/www.samoswine.gr\/de\/wp-json\/wp\/v2\/types\/product"}],"replies":[{"embeddable":true,"href":"https:\/\/www.samoswine.gr\/de\/wp-json\/wp\/v2\/comments?post=987949"}],"version-history":[{"count":24,"href":"https:\/\/www.samoswine.gr\/de\/wp-json\/wp\/v2\/product\/987949\/revisions"}],"predecessor-version":[{"id":989471,"href":"https:\/\/www.samoswine.gr\/de\/wp-json\/wp\/v2\/product\/987949\/revisions\/989471"}],"wp:featuredmedia":[{"embeddable":true,"href":"https:\/\/www.samoswine.gr\/de\/wp-json\/wp\/v2\/media\/988124"}],"wp:attachment":[{"href":"https:\/\/www.samoswine.gr\/de\/wp-json\/wp\/v2\/media?parent=987949"}],"wp:term":[{"taxonomy":"product_brand","embeddable":true,"href":"https:\/\/www.samoswine.gr\/de\/wp-json\/wp\/v2\/product_brand?post=987949"},{"taxonomy":"product_cat","embeddable":true,"href":"https:\/\/www.samoswine.gr\/de\/wp-json\/wp\/v2\/product_cat?post=987949"},{"taxonomy":"product_tag","embeddable":true,"href":"https:\/\/www.samoswine.gr\/de\/wp-json\/wp\/v2\/product_tag?post=987949"}],"curies":[{"name":"wp","href":"https:\/\/api.w.org\/{rel}","templated":true}]}}