{"id":987979,"date":"2026-02-02T16:48:35","date_gmt":"2026-02-02T13:48:35","guid":{"rendered":"https:\/\/paragogoiuwc.gr\/?post_type=product&#038;p=987979"},"modified":"2026-03-31T15:13:39","modified_gmt":"2026-03-31T12:13:39","slug":"samos-%cf%86%cf%85%ce%bb%ce%bb%ce%ac%cf%82","status":"publish","type":"product","link":"https:\/\/www.samoswine.gr\/de\/produkt\/samos-%cf%86%cf%85%ce%bb%ce%bb%ce%ac%cf%82\/","title":{"rendered":"Samos Fyllas"},"content":{"rendered":"<div data-elementor-type=\"product-post\" data-elementor-id=\"987979\" class=\"elementor elementor-987979\" data-elementor-post-type=\"product\">\n\t\t\t\t\t\t<section class=\"elementor-section elementor-top-section elementor-element elementor-element-356f51d9 elementor-section-boxed elementor-section-height-default elementor-section-height-default\" data-id=\"356f51d9\" data-element_type=\"section\">\n\t\t\t\t\t\t<div class=\"elementor-container elementor-column-gap-default\">\n\t\t\t\t\t<div class=\"elementor-column elementor-col-100 elementor-top-column elementor-element elementor-element-1ee5b10b\" data-id=\"1ee5b10b\" data-element_type=\"column\">\n\t\t\t<div class=\"elementor-widget-wrap elementor-element-populated\">\n\t\t\t\t\t\t<div class=\"elementor-element elementor-element-703b63ed elementor-widget elementor-widget-heading\" data-id=\"703b63ed\" data-element_type=\"widget\" data-widget_type=\"heading.default\">\n\t\t\t\t<div class=\"elementor-widget-container\">\n\t\t\t\t\t<h5 class=\"elementor-heading-title elementor-size-default\">Beschreibung<\/h5>\t\t\t\t<\/div>\n\t\t\t\t<\/div>\n\t\t\t\t<div class=\"elementor-element elementor-element-21ac18ff elementor-widget elementor-widget-text-editor\" data-id=\"21ac18ff\" data-element_type=\"widget\" data-widget_type=\"text-editor.default\">\n\t\t\t\t<div class=\"elementor-widget-container\">\n\t\t\t\t\t\t\t\t\t<div class=\"woocommerce-product-details__short-description\"><p><span style=\"font-weight: 400;\">Mit einer leuchtend gelbgoldenen Farbe, <\/span><b>Bio<\/b> <b>Fyllas<\/b><span style=\"font-weight: 400;\">\u00a0Dieser Wein stammt aus ausgew\u00e4hlten Bio-Weinbergen. In der Nase dominieren intensive, harmonische Aromen von Aprikose und Fruchtkompott. Es handelt sich um einen exzellenten s\u00fc\u00dfen Muskateller mit einer weichen und ausgewogenen S\u00e4ure. Sein eleganter K\u00f6rper unterstreicht die charakteristischen Noten der Rebsorte, die sich vor dem Hintergrund von reifen Fr\u00fcchten und N\u00fcssen entfalten.<\/span><\/p><\/div>\t\t\t\t\t\t\t\t<\/div>\n\t\t\t\t<\/div>\n\t\t\t\t<div class=\"elementor-element elementor-element-4f62610c elementor-widget elementor-widget-heading\" data-id=\"4f62610c\" data-element_type=\"widget\" data-widget_type=\"heading.default\">\n\t\t\t\t<div class=\"elementor-widget-container\">\n\t\t\t\t\t<h5 class=\"elementor-heading-title elementor-size-default\">N\u00fctzliche Informationen<\/h5>\t\t\t\t<\/div>\n\t\t\t\t<\/div>\n\t\t\t\t<div class=\"elementor-element elementor-element-1ebe9e83 elementor-widget elementor-widget-text-editor\" data-id=\"1ebe9e83\" data-element_type=\"widget\" data-widget_type=\"text-editor.default\">\n\t\t\t\t<div class=\"elementor-widget-container\">\n\t\t\t\t\t\t\t\t\t<p><b>Kombiniert mit:\u00a0<\/b><\/p><p><span style=\"font-weight: 400;\">\u0391\u03c0\u03bf\u03c4\u03b5\u03bb\u03b5\u03af \u03b9\u03b4\u03b1\u03bd\u03b9\u03ba\u03cc \u03c3\u03c5\u03bd\u03bf\u03b4\u03cc \u03c4\u03b7\u03c2 \u03b6\u03b1\u03c7\u03b1\u03c1\u03bf\u03c0\u03bb\u03b1\u03c3\u03c4\u03b9\u03ba\u03ae\u03c2 \u03bc\u03b5 \u03b1\u03c6\u03b5\u03c4\u03b7\u03c1\u03af\u03b1 \u03c4\u03b1 \u03c6\u03c1\u03ad\u03c3\u03ba\u03b1 \u03c6\u03c1\u03bf\u03cd\u03c4\u03b1, \u03b1\u03bb\u03bb\u03ac \u03ba\u03b1\u03b9 \u03c4\u03b9\u03c2 \u03c4\u03ac\u03c1\u03c4\u03b5\u03c2 \u03c6\u03c1\u03bf\u03cd\u03c4\u03c9\u03bd, \u03c4\u03b9\u03c2 \u03ba\u03c1\u03ad\u03bc\u03b5\u03c2 \u03bc\u03c0\u03b1\u03b2\u03b1\u03c1\u03bf\u03c5\u03ac\u03b6 \u03ba\u03b1\u03b9 \u03c4\u03b1 \u03c6\u03c1\u03bf\u03cd\u03b9 \u03ba\u03bf\u03bd\u03c6\u03af.<\/span><\/p><p><b>Serviertemperatur: <\/b>8 \u2013 10\u03bfC<\/p><p><b>Vielfalt: <\/b>Wei\u00dfer kleiner Rosenmuskat von Samos 100%<\/p><p><b>Geografische Angabe:<\/b> Gesch\u00fctzte Ursprungsbezeichnung \u00abSamos\u00bb<\/p>\t\t\t\t\t\t\t\t<\/div>\n\t\t\t\t<\/div>\n\t\t\t\t<div class=\"elementor-element elementor-element-1c3b1bde elementor-hidden-desktop elementor-hidden-tablet elementor-hidden-mobile elementor-widget elementor-widget-heading\" data-id=\"1c3b1bde\" data-element_type=\"widget\" data-widget_type=\"heading.default\">\n\t\t\t\t<div class=\"elementor-widget-container\">\n\t\t\t\t\t<h5 class=\"elementor-heading-title elementor-size-default\">Auszeichnungen<\/h5>\t\t\t\t<\/div>\n\t\t\t\t<\/div>\n\t\t\t\t<section class=\"elementor-section elementor-inner-section elementor-element elementor-element-9f6ac0a elementor-hidden-desktop elementor-hidden-tablet elementor-hidden-mobile elementor-section-boxed elementor-section-height-default elementor-section-height-default\" data-id=\"9f6ac0a\" data-element_type=\"section\">\n\t\t\t\t\t\t<div class=\"elementor-container elementor-column-gap-default\">\n\t\t\t\t\t<div class=\"elementor-column elementor-col-33 elementor-inner-column elementor-element elementor-element-4d54d2ab\" data-id=\"4d54d2ab\" data-element_type=\"column\">\n\t\t\t<div class=\"elementor-widget-wrap elementor-element-populated\">\n\t\t\t\t\t\t<div class=\"elementor-element elementor-element-63760103 elementor-headline--style-highlight elementor-widget elementor-widget-vamtam-animated-headline\" data-id=\"63760103\" data-element_type=\"widget\" data-settings=\"{&quot;marker&quot;:&quot;curly&quot;,&quot;highlighted_text&quot;:&quot;92\\\/100&quot;,&quot;headline_style&quot;:&quot;highlight&quot;,&quot;loop&quot;:&quot;yes&quot;,&quot;highlight_animation_duration&quot;:1200,&quot;highlight_iteration_delay&quot;:8000}\" data-widget_type=\"vamtam-animated-headline.default\">\n\t\t\t\t<div class=\"elementor-widget-container\">\n\t\t\t\t\t\t\t\t\t<h5 class=\"elementor-headline\">\n\t\t\t\t\t\t\t\t\t\t\t\t\t\t\t\t\t\t<span class=\"elementor-headline-plain-text elementor-headline-text-wrapper\">Falstaff: <br><\/span>\n\t\t\t\t\t\t\t\t\t\t\t\t<span class=\"elementor-headline-dynamic-wrapper elementor-headline-text-wrapper\">\n\t\t\t\t\t\t\t\t\t\t\t\t\t<span class=\"elementor-headline-dynamic-text elementor-headline-text-active\">92\/100<\/span>\n\t\t\t\t\t\t\t\t\t\t\t\t<\/span>\n\t\t\t\t\t\t\t\t\t\t\t\t\t<span class=\"elementor-headline-plain-text elementor-headline-text-wrapper\">\u00d6sterreich<\/span>\n\t\t\t\t\t\t\t\t\t\t\t\t\t\t\t\t<\/h5>\n\t\t\t\t\t\t\t\t<\/div>\n\t\t\t\t<\/div>\n\t\t\t\t\t<\/div>\n\t\t<\/div>\n\t\t\t\t<div class=\"elementor-column elementor-col-33 elementor-inner-column elementor-element elementor-element-1b8c02a6\" data-id=\"1b8c02a6\" data-element_type=\"column\">\n\t\t\t<div class=\"elementor-widget-wrap elementor-element-populated\">\n\t\t\t\t\t\t<div class=\"elementor-element elementor-element-75f2cb0f elementor-headline--style-highlight elementor-widget elementor-widget-vamtam-animated-headline\" data-id=\"75f2cb0f\" data-element_type=\"widget\" data-settings=\"{&quot;marker&quot;:&quot;curly&quot;,&quot;highlighted_text&quot;:&quot;94\\\/100&quot;,&quot;headline_style&quot;:&quot;highlight&quot;,&quot;loop&quot;:&quot;yes&quot;,&quot;highlight_animation_duration&quot;:1200,&quot;highlight_iteration_delay&quot;:8000}\" data-widget_type=\"vamtam-animated-headline.default\">\n\t\t\t\t<div class=\"elementor-widget-container\">\n\t\t\t\t\t\t\t\t\t<h5 class=\"elementor-headline\">\n\t\t\t\t\t\t\t\t\t\t\t\t\t\t\t\t\t\t<span class=\"elementor-headline-plain-text elementor-headline-text-wrapper\">Daniele Cernilli: <br><\/span>\n\t\t\t\t\t\t\t\t\t\t\t\t<span class=\"elementor-headline-dynamic-wrapper elementor-headline-text-wrapper\">\n\t\t\t\t\t\t\t\t\t\t\t\t\t<span class=\"elementor-headline-dynamic-text elementor-headline-text-active\">94\/100<\/span>\n\t\t\t\t\t\t\t\t\t\t\t\t<\/span>\n\t\t\t\t\t\t\t\t\t\t\t\t\t<span class=\"elementor-headline-plain-text elementor-headline-text-wrapper\">Italien<\/span>\n\t\t\t\t\t\t\t\t\t\t\t\t\t\t\t\t<\/h5>\n\t\t\t\t\t\t\t\t<\/div>\n\t\t\t\t<\/div>\n\t\t\t\t\t<\/div>\n\t\t<\/div>\n\t\t\t\t<div class=\"elementor-column elementor-col-33 elementor-inner-column elementor-element elementor-element-66167608\" data-id=\"66167608\" data-element_type=\"column\">\n\t\t\t<div class=\"elementor-widget-wrap elementor-element-populated\">\n\t\t\t\t\t\t<div class=\"elementor-element elementor-element-3d5ab0e elementor-headline--style-highlight elementor-widget elementor-widget-vamtam-animated-headline\" data-id=\"3d5ab0e\" data-element_type=\"widget\" data-settings=\"{&quot;marker&quot;:&quot;curly&quot;,&quot;highlighted_text&quot;:&quot;Tre bicchieri&quot;,&quot;headline_style&quot;:&quot;highlight&quot;,&quot;loop&quot;:&quot;yes&quot;,&quot;highlight_animation_duration&quot;:1200,&quot;highlight_iteration_delay&quot;:8000}\" data-widget_type=\"vamtam-animated-headline.default\">\n\t\t\t\t<div class=\"elementor-widget-container\">\n\t\t\t\t\t\t\t\t\t<h5 class=\"elementor-headline\">\n\t\t\t\t\t\t\t\t\t\t\t\t\t\t\t\t\t\t<span class=\"elementor-headline-plain-text elementor-headline-text-wrapper\">Gambero Rosso\u200b: <br><\/span>\n\t\t\t\t\t\t\t\t\t\t\t\t<span class=\"elementor-headline-dynamic-wrapper elementor-headline-text-wrapper\">\n\t\t\t\t\t\t\t\t\t\t\t\t\t<span class=\"elementor-headline-dynamic-text elementor-headline-text-active\">Drei Gl\u00e4ser<\/span>\n\t\t\t\t\t\t\t\t\t\t\t\t<\/span>\n\t\t\t\t\t\t\t\t\t\t\t\t\t<span class=\"elementor-headline-plain-text elementor-headline-text-wrapper\">Italien<\/span>\n\t\t\t\t\t\t\t\t\t\t\t\t\t\t\t\t<\/h5>\n\t\t\t\t\t\t\t\t<\/div>\n\t\t\t\t<\/div>\n\t\t\t\t\t<\/div>\n\t\t<\/div>\n\t\t\t\t\t<\/div>\n\t\t<\/section>\n\t\t\t\t<section class=\"elementor-section elementor-inner-section elementor-element elementor-element-40d6d61b elementor-section-boxed elementor-section-height-default elementor-section-height-default\" data-id=\"40d6d61b\" data-element_type=\"section\">\n\t\t\t\t\t\t<div class=\"elementor-container elementor-column-gap-default\">\n\t\t\t\t\t<div class=\"elementor-column elementor-col-100 elementor-inner-column elementor-element elementor-element-1e400b93\" data-id=\"1e400b93\" data-element_type=\"column\">\n\t\t\t<div class=\"elementor-widget-wrap elementor-element-populated\">\n\t\t\t\t\t\t<div class=\"elementor-element elementor-element-69c76992 elementor-widget__width-initial elementor-widget-mobile__width-initial elementor-fixed elementor-hidden-tablet elementor-hidden-phone elementor-widget elementor-widget-image\" data-id=\"69c76992\" data-element_type=\"widget\" data-settings=\"{&quot;_position&quot;:&quot;fixed&quot;}\" data-widget_type=\"image.default\">\n\t\t\t\t<div class=\"elementor-widget-container\">\n\t\t\t\t\t\t\t\t\t<div class=\"elementor-image\">\n\t\t\t\t\t\t\t\t\t\t\t\t\t\t\t\t\t\t\t\t\t<img fetchpriority=\"high\" decoding=\"async\" width=\"308\" height=\"444\" src=\"https:\/\/www.samoswine.gr\/wp-content\/uploads\/2024\/09\/fyllas-1-1.png\" class=\"attachment-large size-large wp-image-988240\" alt=\"\" srcset=\"https:\/\/www.samoswine.gr\/wp-content\/uploads\/2024\/09\/fyllas-1-1.png 308w, https:\/\/www.samoswine.gr\/wp-content\/uploads\/2024\/09\/fyllas-1-1-208x300.png 208w\" sizes=\"(max-width: 308px) 100vw, 308px\" \/>\t\t\t\t\t\t\t\t\t\t\t\t\t\t\t\t\t\t\t\t\t\t\t\t<\/div>\n\t\t\t\t\t\t\t\t<\/div>\n\t\t\t\t<\/div>\n\t\t\t\t\t<\/div>\n\t\t<\/div>\n\t\t\t\t\t<\/div>\n\t\t<\/section>\n\t\t\t\t\t<\/div>\n\t\t<\/div>\n\t\t\t\t\t<\/div>\n\t\t<\/section>\n\t\t\t\t<\/div>","protected":false},"excerpt":{"rendered":"<p>\u03a0\u03b5\u03c1\u03b9\u03b3\u03c1\u03b1\u03c6\u03ae \u039c\u03b5 \u03bb\u03b1\u03bc\u03c0\u03b5\u03c1\u03cc \u03ba\u03b9\u03c4\u03c1\u03b9\u03bd\u03bf\u03c7\u03c1\u03c5\u03c3\u03b1\u03c6\u03af \u03c7\u03c1\u03ce\u03bc\u03b1, \u03c4\u03bf \u03b2\u03b9\u03bf\u03bb\u03bf\u03b3\u03b9\u03ba\u03cc \u03a6\u03c5\u03bb\u03bb\u03ac\u03c2\u00a0\u03c0\u03c1\u03bf\u03ad\u03c1\u03c7\u03b5\u03c4\u03b1\u03b9 \u03b1\u03c0\u03cc \u03b5\u03c0\u03b9\u03bb\u03b5\u03b3\u03bc\u03ad\u03bd\u03bf\u03c5\u03c2 \u03b2\u03b9\u03bf\u03bb\u03bf\u03b3\u03b9\u03ba\u03bf\u03cd\u03c2 \u03b1\u03bc\u03c0\u03b5\u03bb\u03ce\u03bd\u03b5\u03c2. \u03a3\u03c4\u03b7 \u03bc\u03cd\u03c4\u03b7 \u03ba\u03c5\u03c1\u03b9\u03b1\u03c1\u03c7\u03bf\u03cd\u03bd \u03ad\u03bd\u03c4\u03bf\u03bd\u03b1, \u03b1\u03c1\u03bc\u03bf\u03bd\u03b9\u03ba\u03ac \u03b1\u03c1\u03ce\u03bc\u03b1\u03c4\u03b1 \u03b2\u03b5\u03c1\u03af\u03ba\u03bf\u03ba\u03bf\u03c5 \u03ba\u03b1\u03b9 \u03ba\u03bf\u03bc\u03c0\u03cc\u03c3\u03c4\u03b1\u03c2 \u03c6\u03c1\u03bf\u03cd\u03c4\u03c9\u03bd. \u03a0\u03c1\u03cc\u03ba\u03b5\u03b9\u03c4\u03b1\u03b9 \u03b3\u03b9\u03b1 \u03ad\u03bd\u03b1\u03bd \u03b5\u03be\u03b1\u03b9\u03c1\u03b5\u03c4\u03b9\u03ba\u03cc \u03b3\u03bb\u03c5\u03ba\u03cc \u039c\u03bf\u03c3\u03c7\u03ac\u03c4\u03bf \u03bf\u03af\u03bd\u03bf, \u03bc\u03b5 \u03b3\u03b5\u03cd\u03c3\u03b7 \u03b1\u03c0\u03b1\u03bb\u03ae \u03ba\u03b1\u03b9 \u03b9\u03c3\u03bf\u03c1\u03c1\u03bf\u03c0\u03b7\u03bc\u03ad\u03bd\u03b7 \u03bf\u03be\u03cd\u03c4\u03b7\u03c4\u03b1. \u03a4\u03bf \u03ba\u03bf\u03bc\u03c8\u03cc \u03c4\u03bf\u03c5 \u03c3\u03ce\u03bc\u03b1 \u03b1\u03bd\u03b1\u03b4\u03b5\u03b9\u03ba\u03bd\u03cd\u03b5\u03b9 \u03c4\u03b9\u03c2 \u03c7\u03b1\u03c1\u03b1\u03ba\u03c4\u03b7\u03c1\u03b9\u03c3\u03c4\u03b9\u03ba\u03ad\u03c2 \u03bd\u03cc\u03c4\u03b5\u03c2 \u03c4\u03b7\u03c2 \u03c0\u03bf\u03b9\u03ba\u03b9\u03bb\u03af\u03b1\u03c2, \u03bf\u03b9 \u03bf\u03c0\u03bf\u03af\u03b5\u03c2 \u03be\u03b5\u03b4\u03b9\u03c0\u03bb\u03ce\u03bd\u03bf\u03bd\u03c4\u03b1\u03b9 \u03c3\u03b5 \u03ad\u03bd\u03b1 \u03c6\u03cc\u03bd\u03c4\u03bf \u03ce\u03c1\u03b9\u03bc\u03c9\u03bd \u03c6\u03c1\u03bf\u03cd\u03c4\u03c9\u03bd \u03ba\u03b1\u03b9 \u03be\u03b7\u03c1\u03ce\u03bd&#8230;<\/p>","protected":false},"featured_media":989480,"comment_status":"closed","ping_status":"closed","template":"","meta":[],"product_brand":[],"product_cat":[65,56],"product_tag":[],"class_list":{"0":"post-987979","1":"product","2":"type-product","3":"status-publish","4":"has-post-thumbnail","6":"product_cat-vin-de-liqueur","7":"product_cat-56","9":"first","10":"instock","11":"shipping-taxable","12":"product-type-simple"},"_links":{"self":[{"href":"https:\/\/www.samoswine.gr\/de\/wp-json\/wp\/v2\/product\/987979","targetHints":{"allow":["GET"]}}],"collection":[{"href":"https:\/\/www.samoswine.gr\/de\/wp-json\/wp\/v2\/product"}],"about":[{"href":"https:\/\/www.samoswine.gr\/de\/wp-json\/wp\/v2\/types\/product"}],"replies":[{"embeddable":true,"href":"https:\/\/www.samoswine.gr\/de\/wp-json\/wp\/v2\/comments?post=987979"}],"version-history":[{"count":18,"href":"https:\/\/www.samoswine.gr\/de\/wp-json\/wp\/v2\/product\/987979\/revisions"}],"predecessor-version":[{"id":989483,"href":"https:\/\/www.samoswine.gr\/de\/wp-json\/wp\/v2\/product\/987979\/revisions\/989483"}],"wp:featuredmedia":[{"embeddable":true,"href":"https:\/\/www.samoswine.gr\/de\/wp-json\/wp\/v2\/media\/989480"}],"wp:attachment":[{"href":"https:\/\/www.samoswine.gr\/de\/wp-json\/wp\/v2\/media?parent=987979"}],"wp:term":[{"taxonomy":"product_brand","embeddable":true,"href":"https:\/\/www.samoswine.gr\/de\/wp-json\/wp\/v2\/product_brand?post=987979"},{"taxonomy":"product_cat","embeddable":true,"href":"https:\/\/www.samoswine.gr\/de\/wp-json\/wp\/v2\/product_cat?post=987979"},{"taxonomy":"product_tag","embeddable":true,"href":"https:\/\/www.samoswine.gr\/de\/wp-json\/wp\/v2\/product_tag?post=987979"}],"curies":[{"name":"wp","href":"https:\/\/api.w.org\/{rel}","templated":true}]}}