{"id":987925,"date":"2024-09-09T16:29:30","date_gmt":"2024-09-09T13:29:30","guid":{"rendered":"https:\/\/paragogoiuwc.gr\/?post_type=product&#038;p=987925"},"modified":"2026-02-10T16:53:23","modified_gmt":"2026-02-10T13:53:23","slug":"%ce%ac%ce%b8%ce%b9%ce%ba%cf%84%ce%bf%cf%82-%ce%bf%ce%af%ce%bd%ce%bf%cf%82-%cf%80%cf%81%ce%bf%cf%86%ce%ae%cf%84%ce%b7%cf%82","status":"publish","type":"product","link":"https:\/\/www.samoswine.gr\/fr\/produit\/%ce%ac%ce%b8%ce%b9%ce%ba%cf%84%ce%bf%cf%82-%ce%bf%ce%af%ce%bd%ce%bf%cf%82-%cf%80%cf%81%ce%bf%cf%86%ce%ae%cf%84%ce%b7%cf%82\/","title":{"rendered":"Vin intact \u00ab Proph\u00e8te \u00bb"},"content":{"rendered":"<div data-elementor-type=\"product-post\" data-elementor-id=\"987925\" class=\"elementor elementor-987925\" data-elementor-post-type=\"product\">\n\t\t\t\t\t\t<section class=\"elementor-section elementor-top-section elementor-element elementor-element-5a509cf8 elementor-section-boxed elementor-section-height-default elementor-section-height-default\" data-id=\"5a509cf8\" data-element_type=\"section\">\n\t\t\t\t\t\t<div class=\"elementor-container elementor-column-gap-default\">\n\t\t\t\t\t<div class=\"elementor-column elementor-col-100 elementor-top-column elementor-element elementor-element-4bdf7143\" data-id=\"4bdf7143\" data-element_type=\"column\">\n\t\t\t<div class=\"elementor-widget-wrap elementor-element-populated\">\n\t\t\t\t\t\t<div class=\"elementor-element elementor-element-96dcbd9 elementor-widget elementor-widget-heading\" data-id=\"96dcbd9\" data-element_type=\"widget\" data-widget_type=\"heading.default\">\n\t\t\t\t<div class=\"elementor-widget-container\">\n\t\t\t\t\t<h5 class=\"elementor-heading-title elementor-size-default\">Description<\/h5>\t\t\t\t<\/div>\n\t\t\t\t<\/div>\n\t\t\t\t<div class=\"elementor-element elementor-element-43064a8c elementor-widget elementor-widget-text-editor\" data-id=\"43064a8c\" data-element_type=\"widget\" data-widget_type=\"text-editor.default\">\n\t\t\t\t<div class=\"elementor-widget-container\">\n\t\t\t\t\t\t\t\t\t<div class=\"woocommerce-product-details__short-description\"><p>Issu d&#039;un vignoble bio ensoleill\u00e9 situ\u00e9 sur le hameau de Paliamela, \u00e0 450 m d&#039;altitude, dans le village de Pagonda, ce vin est captivant. Particuli\u00e8rement aromatique, il d\u00e9voile des notes d&#039;agrumes s\u00e9ch\u00e9s et de raisins muscat\u00e9s. Sa bouche est \u00e9l\u00e9gante, souple et ronde. Ferment\u00e9 et \u00e9lev\u00e9 pendant 12 mois dans des cuves ovales sp\u00e9cifiques, il est, comme tous les vins \u00ab\u00a0Intact\u00a0\u00bb, mis en bouteille sans filtration, sans collage et sans sulfites ajout\u00e9s.<\/p><\/div>\t\t\t\t\t\t\t\t<\/div>\n\t\t\t\t<\/div>\n\t\t\t\t<div class=\"elementor-element elementor-element-1d5360a1 elementor-widget elementor-widget-heading\" data-id=\"1d5360a1\" data-element_type=\"widget\" data-widget_type=\"heading.default\">\n\t\t\t\t<div class=\"elementor-widget-container\">\n\t\t\t\t\t<h5 class=\"elementor-heading-title elementor-size-default\">Informations utiles<\/h5>\t\t\t\t<\/div>\n\t\t\t\t<\/div>\n\t\t\t\t<div class=\"elementor-element elementor-element-6058acf3 elementor-widget elementor-widget-text-editor\" data-id=\"6058acf3\" data-element_type=\"widget\" data-widget_type=\"text-editor.default\">\n\t\t\t\t<div class=\"elementor-widget-container\">\n\t\t\t\t\t\t\t\t\t<p><strong>Combin\u00e9 avec : <\/strong><\/p><p>Il se marie parfaitement avec les saveurs des fruits de mer, le poisson sous toutes ses formes et les plats cuisin\u00e9s au citron.<\/p><p><strong>Temp\u00e9rature de service : 10 \u2013 12<sup>\u03bf<\/sup><\/strong><strong>C<\/strong><\/p><p><strong>C\u00e9page : Muscat blanc \u00e0 petits raisins de Samos 100%<\/strong><\/p><p><strong>Indication g\u00e9ographique : Vin de c\u00e9page issu de l&#039;agriculture biologique<\/strong><\/p>\t\t\t\t\t\t\t\t<\/div>\n\t\t\t\t<\/div>\n\t\t\t\t<div class=\"elementor-element elementor-element-67a59f53 elementor-hidden-desktop elementor-hidden-tablet elementor-hidden-mobile elementor-widget elementor-widget-heading\" data-id=\"67a59f53\" data-element_type=\"widget\" data-widget_type=\"heading.default\">\n\t\t\t\t<div class=\"elementor-widget-container\">\n\t\t\t\t\t<h5 class=\"elementor-heading-title elementor-size-default\">Prix<\/h5>\t\t\t\t<\/div>\n\t\t\t\t<\/div>\n\t\t\t\t<section class=\"elementor-section elementor-inner-section elementor-element elementor-element-187d5da4 elementor-hidden-desktop elementor-hidden-tablet elementor-hidden-mobile elementor-section-boxed elementor-section-height-default elementor-section-height-default\" data-id=\"187d5da4\" data-element_type=\"section\">\n\t\t\t\t\t\t<div class=\"elementor-container elementor-column-gap-default\">\n\t\t\t\t\t<div class=\"elementor-column elementor-col-33 elementor-inner-column elementor-element elementor-element-5bc8c732\" data-id=\"5bc8c732\" data-element_type=\"column\">\n\t\t\t<div class=\"elementor-widget-wrap elementor-element-populated\">\n\t\t\t\t\t\t<div class=\"elementor-element elementor-element-38c86196 elementor-headline--style-highlight elementor-widget elementor-widget-vamtam-animated-headline\" data-id=\"38c86196\" data-element_type=\"widget\" data-settings=\"{&quot;marker&quot;:&quot;curly&quot;,&quot;highlighted_text&quot;:&quot;92\\\/100&quot;,&quot;headline_style&quot;:&quot;highlight&quot;,&quot;loop&quot;:&quot;yes&quot;,&quot;highlight_animation_duration&quot;:1200,&quot;highlight_iteration_delay&quot;:8000}\" data-widget_type=\"vamtam-animated-headline.default\">\n\t\t\t\t<div class=\"elementor-widget-container\">\n\t\t\t\t\t\t\t\t\t<h5 class=\"elementor-headline\">\n\t\t\t\t\t\t\t\t\t\t\t\t\t\t\t\t\t\t<span class=\"elementor-headline-plain-text elementor-headline-text-wrapper\">Falstaff : <br><\/span>\n\t\t\t\t\t\t\t\t\t\t\t\t<span class=\"elementor-headline-dynamic-wrapper elementor-headline-text-wrapper\">\n\t\t\t\t\t\t\t\t\t\t\t\t\t<span class=\"elementor-headline-dynamic-text elementor-headline-text-active\">92\/100<\/span>\n\t\t\t\t\t\t\t\t\t\t\t\t<\/span>\n\t\t\t\t\t\t\t\t\t\t\t\t\t<span class=\"elementor-headline-plain-text elementor-headline-text-wrapper\">Autriche<\/span>\n\t\t\t\t\t\t\t\t\t\t\t\t\t\t\t\t<\/h5>\n\t\t\t\t\t\t\t\t<\/div>\n\t\t\t\t<\/div>\n\t\t\t\t\t<\/div>\n\t\t<\/div>\n\t\t\t\t<div class=\"elementor-column elementor-col-33 elementor-inner-column elementor-element elementor-element-16fb41d5\" data-id=\"16fb41d5\" data-element_type=\"column\">\n\t\t\t<div class=\"elementor-widget-wrap elementor-element-populated\">\n\t\t\t\t\t\t<div class=\"elementor-element elementor-element-4d34ef57 elementor-headline--style-highlight elementor-widget elementor-widget-vamtam-animated-headline\" data-id=\"4d34ef57\" data-element_type=\"widget\" data-settings=\"{&quot;marker&quot;:&quot;curly&quot;,&quot;highlighted_text&quot;:&quot;94\\\/100&quot;,&quot;headline_style&quot;:&quot;highlight&quot;,&quot;loop&quot;:&quot;yes&quot;,&quot;highlight_animation_duration&quot;:1200,&quot;highlight_iteration_delay&quot;:8000}\" data-widget_type=\"vamtam-animated-headline.default\">\n\t\t\t\t<div class=\"elementor-widget-container\">\n\t\t\t\t\t\t\t\t\t<h5 class=\"elementor-headline\">\n\t\t\t\t\t\t\t\t\t\t\t\t\t\t\t\t\t\t<span class=\"elementor-headline-plain-text elementor-headline-text-wrapper\">Daniele Cernilli : <br><\/span>\n\t\t\t\t\t\t\t\t\t\t\t\t<span class=\"elementor-headline-dynamic-wrapper elementor-headline-text-wrapper\">\n\t\t\t\t\t\t\t\t\t\t\t\t\t<span class=\"elementor-headline-dynamic-text elementor-headline-text-active\">94\/100<\/span>\n\t\t\t\t\t\t\t\t\t\t\t\t<\/span>\n\t\t\t\t\t\t\t\t\t\t\t\t\t<span class=\"elementor-headline-plain-text elementor-headline-text-wrapper\">Italie<\/span>\n\t\t\t\t\t\t\t\t\t\t\t\t\t\t\t\t<\/h5>\n\t\t\t\t\t\t\t\t<\/div>\n\t\t\t\t<\/div>\n\t\t\t\t\t<\/div>\n\t\t<\/div>\n\t\t\t\t<div class=\"elementor-column elementor-col-33 elementor-inner-column elementor-element elementor-element-2c21abe5\" data-id=\"2c21abe5\" data-element_type=\"column\">\n\t\t\t<div class=\"elementor-widget-wrap elementor-element-populated\">\n\t\t\t\t\t\t<div class=\"elementor-element elementor-element-39e8a491 elementor-headline--style-highlight elementor-widget elementor-widget-vamtam-animated-headline\" data-id=\"39e8a491\" data-element_type=\"widget\" data-settings=\"{&quot;marker&quot;:&quot;curly&quot;,&quot;highlighted_text&quot;:&quot;Tre bicchieri&quot;,&quot;headline_style&quot;:&quot;highlight&quot;,&quot;loop&quot;:&quot;yes&quot;,&quot;highlight_animation_duration&quot;:1200,&quot;highlight_iteration_delay&quot;:8000}\" data-widget_type=\"vamtam-animated-headline.default\">\n\t\t\t\t<div class=\"elementor-widget-container\">\n\t\t\t\t\t\t\t\t\t<h5 class=\"elementor-headline\">\n\t\t\t\t\t\t\t\t\t\t\t\t\t\t\t\t\t\t<span class=\"elementor-headline-plain-text elementor-headline-text-wrapper\">Gambero Rosso\u200b: <br><\/span>\n\t\t\t\t\t\t\t\t\t\t\t\t<span class=\"elementor-headline-dynamic-wrapper elementor-headline-text-wrapper\">\n\t\t\t\t\t\t\t\t\t\t\t\t\t<span class=\"elementor-headline-dynamic-text elementor-headline-text-active\">Trois verres<\/span>\n\t\t\t\t\t\t\t\t\t\t\t\t<\/span>\n\t\t\t\t\t\t\t\t\t\t\t\t\t<span class=\"elementor-headline-plain-text elementor-headline-text-wrapper\">Italie<\/span>\n\t\t\t\t\t\t\t\t\t\t\t\t\t\t\t\t<\/h5>\n\t\t\t\t\t\t\t\t<\/div>\n\t\t\t\t<\/div>\n\t\t\t\t\t<\/div>\n\t\t<\/div>\n\t\t\t\t\t<\/div>\n\t\t<\/section>\n\t\t\t\t<section class=\"elementor-section elementor-inner-section elementor-element elementor-element-188b26c5 elementor-section-boxed elementor-section-height-default elementor-section-height-default\" data-id=\"188b26c5\" data-element_type=\"section\">\n\t\t\t\t\t\t<div class=\"elementor-container elementor-column-gap-default\">\n\t\t\t\t\t<div class=\"elementor-column elementor-col-100 elementor-inner-column elementor-element elementor-element-580d1132\" data-id=\"580d1132\" data-element_type=\"column\">\n\t\t\t<div class=\"elementor-widget-wrap elementor-element-populated\">\n\t\t\t\t\t\t<div class=\"elementor-element elementor-element-5a88c872 elementor-widget__width-initial elementor-widget-mobile__width-initial elementor-fixed elementor-hidden-tablet elementor-hidden-phone elementor-widget elementor-widget-image\" data-id=\"5a88c872\" data-element_type=\"widget\" data-settings=\"{&quot;_position&quot;:&quot;fixed&quot;}\" data-widget_type=\"image.default\">\n\t\t\t\t<div class=\"elementor-widget-container\">\n\t\t\t\t\t\t\t\t\t<div class=\"elementor-image\">\n\t\t\t\t\t\t\t\t\t\t\t\t\t\t\t\t\t\t\t\t\t<img fetchpriority=\"high\" decoding=\"async\" width=\"308\" height=\"444\" src=\"https:\/\/www.samoswine.gr\/wp-content\/uploads\/2024\/09\/\u03a0\u03c1\u03bf\u03c6\u03ae\u03c4\u03b7\u03c2.png\" class=\"attachment-large size-large wp-image-988394\" alt=\"\" srcset=\"https:\/\/www.samoswine.gr\/wp-content\/uploads\/2024\/09\/\u03a0\u03c1\u03bf\u03c6\u03ae\u03c4\u03b7\u03c2.png 308w, https:\/\/www.samoswine.gr\/wp-content\/uploads\/2024\/09\/\u03a0\u03c1\u03bf\u03c6\u03ae\u03c4\u03b7\u03c2-208x300.png 208w\" sizes=\"(max-width: 308px) 100vw, 308px\" \/>\t\t\t\t\t\t\t\t\t\t\t\t\t\t\t\t\t\t\t\t\t\t\t\t<\/div>\n\t\t\t\t\t\t\t\t<\/div>\n\t\t\t\t<\/div>\n\t\t\t\t\t<\/div>\n\t\t<\/div>\n\t\t\t\t\t<\/div>\n\t\t<\/section>\n\t\t\t\t\t<\/div>\n\t\t<\/div>\n\t\t\t\t\t<\/div>\n\t\t<\/section>\n\t\t\t\t<\/div>","protected":false},"excerpt":{"rendered":"<p>\u03a0\u03b5\u03c1\u03b9\u03b3\u03c1\u03b1\u03c6\u03ae \u03a0\u03c1\u03bf\u03ad\u03c1\u03c7\u03b5\u03c4\u03b1\u03b9 \u03b1\u03c0\u03cc \u03ad\u03bd\u03b1\u03bd \u03c0\u03c1\u03bf\u03c3\u03ae\u03bb\u03b9\u03bf \u03b1\u03bc\u03c0\u03b5\u03bb\u03ce\u03bd\u03b1 \u03b2\u03b9\u03bf\u03bb\u03bf\u03b3\u03b9\u03ba\u03ae\u03c2 \u03b3\u03b5\u03c9\u03c1\u03b3\u03af\u03b1\u03c2 \u03c3\u03c4\u03b7 \u03b8\u03ad\u03c3\u03b7 \u00ab\u03a0\u03b1\u03bb\u03b9\u03ac\u03bc\u03c0\u03b5\u03bb\u03b1\u00bb \u03c4\u03bf\u03c5 \u03c7\u03c9\u03c1\u03b9\u03bf\u03cd \u03a0\u03b1\u03b3\u03ce\u03bd\u03b4\u03b1, \u03c3\u03b5 \u03c5\u03c8\u03cc\u03bc\u03b5\u03c4\u03c1\u03bf 450 \u03bc. \u0395\u03af\u03bd\u03b1\u03b9 \u03ad\u03bd\u03b1 \u03ba\u03c1\u03b1\u03c3\u03af \u03c3\u03b1\u03b3\u03b7\u03bd\u03b5\u03c5\u03c4\u03b9\u03ba\u03cc, \u03b9\u03b4\u03b9\u03b1\u03af\u03c4\u03b5\u03c1\u03b1 \u03b1\u03c1\u03c9\u03bc\u03b1\u03c4\u03b9\u03ba\u03cc, \u03bc\u03b5 \u03bd\u03cc\u03c4\u03b5\u03c2 \u03b1\u03c0\u03bf\u03be\u03b7\u03c1\u03b1\u03bc\u03ad\u03bd\u03c9\u03bd \u03b5\u03c3\u03c0\u03b5\u03c1\u03b9\u03b4\u03bf\u03b5\u03b9\u03b4\u03ce\u03bd \u03ba\u03b1\u03b9 \u03c3\u03c4\u03b1\u03c6\u03af\u03b4\u03b1\u03c2 \u03bc\u03bf\u03c3\u03c7\u03ac\u03c4\u03bf\u03c5. \u0397 \u03b3\u03b5\u03cd\u03c3\u03b7 \u03c4\u03bf\u03c5 \u03b5\u03af\u03bd\u03b1\u03b9 \u03ba\u03bf\u03bc\u03c8\u03ae, \u03bc\u03b1\u03bb\u03b1\u03ba\u03ae \u03ba\u03b1\u03b9 \u03c3\u03c4\u03c1\u03bf\u03b3\u03b3\u03c5\u03bb\u03ae. \u0396\u03cd\u03bc\u03c9\u03c3\u03b5 \u03ba\u03b1\u03b9 \u03c9\u03c1\u03af\u03bc\u03b1\u03c3\u03b5 12 \u03bc\u03ae\u03bd\u03b5\u03c2 \u03c3\u03b5 \u03b5\u03b9\u03b4\u03b9\u03ba\u03ad\u03c2 \u03c9\u03bf\u03b5\u03b9\u03b4\u03b5\u03af\u03c2 \u03b4\u03b5\u03be\u03b1\u03bc\u03b5\u03bd\u03ad\u03c2 \u03ba\u03b1\u03b9 \u03cc\u03c0\u03c9\u03c2 \u03cc\u03bb\u03bf\u03b9 \u03bf\u03b9 \u00ab\u0386\u03b8\u03b9\u03ba\u03c4\u03bf\u03b9 \u039f\u03af\u03bd\u03bf\u03b9\u00bb \u03b5\u03bc\u03c6\u03b9\u03b1\u03bb\u03ce\u03b8\u03b7\u03ba\u03b5&#8230;<\/p>","protected":false},"featured_media":988102,"comment_status":"closed","ping_status":"closed","template":"","meta":[],"product_brand":[],"product_cat":[58],"product_tag":[],"class_list":{"0":"post-987925","1":"product","2":"type-product","3":"status-publish","4":"has-post-thumbnail","6":"product_cat-58","8":"first","9":"instock","10":"shipping-taxable","11":"product-type-simple"},"_links":{"self":[{"href":"https:\/\/www.samoswine.gr\/fr\/wp-json\/wp\/v2\/product\/987925","targetHints":{"allow":["GET"]}}],"collection":[{"href":"https:\/\/www.samoswine.gr\/fr\/wp-json\/wp\/v2\/product"}],"about":[{"href":"https:\/\/www.samoswine.gr\/fr\/wp-json\/wp\/v2\/types\/product"}],"replies":[{"embeddable":true,"href":"https:\/\/www.samoswine.gr\/fr\/wp-json\/wp\/v2\/comments?post=987925"}],"version-history":[{"count":14,"href":"https:\/\/www.samoswine.gr\/fr\/wp-json\/wp\/v2\/product\/987925\/revisions"}],"predecessor-version":[{"id":989117,"href":"https:\/\/www.samoswine.gr\/fr\/wp-json\/wp\/v2\/product\/987925\/revisions\/989117"}],"wp:featuredmedia":[{"embeddable":true,"href":"https:\/\/www.samoswine.gr\/fr\/wp-json\/wp\/v2\/media\/988102"}],"wp:attachment":[{"href":"https:\/\/www.samoswine.gr\/fr\/wp-json\/wp\/v2\/media?parent=987925"}],"wp:term":[{"taxonomy":"product_brand","embeddable":true,"href":"https:\/\/www.samoswine.gr\/fr\/wp-json\/wp\/v2\/product_brand?post=987925"},{"taxonomy":"product_cat","embeddable":true,"href":"https:\/\/www.samoswine.gr\/fr\/wp-json\/wp\/v2\/product_cat?post=987925"},{"taxonomy":"product_tag","embeddable":true,"href":"https:\/\/www.samoswine.gr\/fr\/wp-json\/wp\/v2\/product_tag?post=987925"}],"curies":[{"name":"wp","href":"https:\/\/api.w.org\/{rel}","templated":true}]}}