{"id":987931,"date":"2024-09-09T16:31:05","date_gmt":"2024-09-09T13:31:05","guid":{"rendered":"https:\/\/paragogoiuwc.gr\/?post_type=product&#038;p=987931"},"modified":"2026-02-10T16:55:44","modified_gmt":"2026-02-10T13:55:44","slug":"%ce%ac%ce%b8%ce%b9%ce%ba%cf%84%ce%bf%cf%82-%ce%bf%ce%af%ce%bd%ce%bf%cf%82-%ce%b5%cf%81%ce%b7%ce%bc%ce%af%cf%84%ce%b7%cf%82","status":"publish","type":"product","link":"https:\/\/www.samoswine.gr\/fr\/produit\/%ce%ac%ce%b8%ce%b9%ce%ba%cf%84%ce%bf%cf%82-%ce%bf%ce%af%ce%bd%ce%bf%cf%82-%ce%b5%cf%81%ce%b7%ce%bc%ce%af%cf%84%ce%b7%cf%82\/","title":{"rendered":"Vin intact \u00abEremit\u00bb"},"content":{"rendered":"<div data-elementor-type=\"product-post\" data-elementor-id=\"987931\" class=\"elementor elementor-987931\" data-elementor-post-type=\"product\">\n\t\t\t\t\t\t<section class=\"elementor-section elementor-top-section elementor-element elementor-element-3264be50 elementor-section-boxed elementor-section-height-default elementor-section-height-default\" data-id=\"3264be50\" data-element_type=\"section\">\n\t\t\t\t\t\t<div class=\"elementor-container elementor-column-gap-default\">\n\t\t\t\t\t<div class=\"elementor-column elementor-col-100 elementor-top-column elementor-element elementor-element-753f5ade\" data-id=\"753f5ade\" data-element_type=\"column\">\n\t\t\t<div class=\"elementor-widget-wrap elementor-element-populated\">\n\t\t\t\t\t\t<div class=\"elementor-element elementor-element-4ec2b580 elementor-widget elementor-widget-heading\" data-id=\"4ec2b580\" data-element_type=\"widget\" data-widget_type=\"heading.default\">\n\t\t\t\t<div class=\"elementor-widget-container\">\n\t\t\t\t\t<h5 class=\"elementor-heading-title elementor-size-default\">Description<\/h5>\t\t\t\t<\/div>\n\t\t\t\t<\/div>\n\t\t\t\t<div class=\"elementor-element elementor-element-3e0fbf1f elementor-widget elementor-widget-text-editor\" data-id=\"3e0fbf1f\" data-element_type=\"widget\" data-widget_type=\"text-editor.default\">\n\t\t\t\t<div class=\"elementor-widget-container\">\n\t\t\t\t\t\t\t\t\t<div class=\"woocommerce-product-details__short-description\"><p>Ce vin provient d&#039;un vignoble biodynamique isol\u00e9 situ\u00e9 \u00e0 Vasilikohorafa, dans la r\u00e9gion de Kontakaikon, \u00e0 650 m d&#039;altitude. C&#039;est un vin orange au caract\u00e8re aromatique intense, expressif, min\u00e9ral, terreux et bucolique, avec des notes iod\u00e9es et une finale remarquable. Il a ferment\u00e9 en amphores avec des baies enti\u00e8res, a \u00e9t\u00e9 \u00e9lev\u00e9 12 mois en cuves ovales puis 6 mois en f\u00fbts de ch\u00eane. Il a \u00e9t\u00e9 mis en bouteille non filtr\u00e9, non coll\u00e9 et sans sulfites ajout\u00e9s.<\/p><\/div><div class=\"product_meta p-meta mgb20 mgt20 clear\">\u00a0<\/div>\t\t\t\t\t\t\t\t<\/div>\n\t\t\t\t<\/div>\n\t\t\t\t<div class=\"elementor-element elementor-element-63629b21 elementor-widget elementor-widget-heading\" data-id=\"63629b21\" data-element_type=\"widget\" data-widget_type=\"heading.default\">\n\t\t\t\t<div class=\"elementor-widget-container\">\n\t\t\t\t\t<h5 class=\"elementor-heading-title elementor-size-default\">Informations utiles<\/h5>\t\t\t\t<\/div>\n\t\t\t\t<\/div>\n\t\t\t\t<div class=\"elementor-element elementor-element-37711cb5 elementor-widget elementor-widget-text-editor\" data-id=\"37711cb5\" data-element_type=\"widget\" data-widget_type=\"text-editor.default\">\n\t\t\t\t<div class=\"elementor-widget-container\">\n\t\t\t\t\t\t\t\t\t<p><strong>Combin\u00e9 avec : <\/strong><\/p><p>Son caract\u00e8re terreux se marie parfaitement avec toutes les pr\u00e9parations contenant des champignons ou des truffes, ainsi qu&#039;avec la viande.<\/p><p><strong>Temp\u00e9rature de service : 10 \u2013 12<sup>\u03bf<\/sup><\/strong><strong>C<\/strong><\/p><p><strong>C\u00e9page : Muscat blanc \u00e0 petits raisins de Samos 100%<\/strong><\/p><p><strong>Indication g\u00e9ographique : Vin de c\u00e9page issu de l&#039;agriculture biodynamique<\/strong><\/p>\t\t\t\t\t\t\t\t<\/div>\n\t\t\t\t<\/div>\n\t\t\t\t<div class=\"elementor-element elementor-element-57c6c647 elementor-hidden-desktop elementor-hidden-tablet elementor-hidden-mobile elementor-widget elementor-widget-heading\" data-id=\"57c6c647\" data-element_type=\"widget\" data-widget_type=\"heading.default\">\n\t\t\t\t<div class=\"elementor-widget-container\">\n\t\t\t\t\t<h5 class=\"elementor-heading-title elementor-size-default\">Prix<\/h5>\t\t\t\t<\/div>\n\t\t\t\t<\/div>\n\t\t\t\t<section class=\"elementor-section elementor-inner-section elementor-element elementor-element-2cef0375 elementor-hidden-desktop elementor-hidden-tablet elementor-hidden-mobile elementor-section-boxed elementor-section-height-default elementor-section-height-default\" data-id=\"2cef0375\" data-element_type=\"section\">\n\t\t\t\t\t\t<div class=\"elementor-container elementor-column-gap-default\">\n\t\t\t\t\t<div class=\"elementor-column elementor-col-33 elementor-inner-column elementor-element elementor-element-2714b7f5\" data-id=\"2714b7f5\" data-element_type=\"column\">\n\t\t\t<div class=\"elementor-widget-wrap elementor-element-populated\">\n\t\t\t\t\t\t<div class=\"elementor-element elementor-element-36afe558 elementor-headline--style-highlight elementor-widget elementor-widget-vamtam-animated-headline\" data-id=\"36afe558\" data-element_type=\"widget\" data-settings=\"{&quot;marker&quot;:&quot;curly&quot;,&quot;highlighted_text&quot;:&quot;92\\\/100&quot;,&quot;headline_style&quot;:&quot;highlight&quot;,&quot;loop&quot;:&quot;yes&quot;,&quot;highlight_animation_duration&quot;:1200,&quot;highlight_iteration_delay&quot;:8000}\" data-widget_type=\"vamtam-animated-headline.default\">\n\t\t\t\t<div class=\"elementor-widget-container\">\n\t\t\t\t\t\t\t\t\t<h5 class=\"elementor-headline\">\n\t\t\t\t\t\t\t\t\t\t\t\t\t\t\t\t\t\t<span class=\"elementor-headline-plain-text elementor-headline-text-wrapper\">Falstaff : <br><\/span>\n\t\t\t\t\t\t\t\t\t\t\t\t<span class=\"elementor-headline-dynamic-wrapper elementor-headline-text-wrapper\">\n\t\t\t\t\t\t\t\t\t\t\t\t\t<span class=\"elementor-headline-dynamic-text elementor-headline-text-active\">92\/100<\/span>\n\t\t\t\t\t\t\t\t\t\t\t\t<\/span>\n\t\t\t\t\t\t\t\t\t\t\t\t\t<span class=\"elementor-headline-plain-text elementor-headline-text-wrapper\">Autriche<\/span>\n\t\t\t\t\t\t\t\t\t\t\t\t\t\t\t\t<\/h5>\n\t\t\t\t\t\t\t\t<\/div>\n\t\t\t\t<\/div>\n\t\t\t\t\t<\/div>\n\t\t<\/div>\n\t\t\t\t<div class=\"elementor-column elementor-col-33 elementor-inner-column elementor-element elementor-element-4f88f5c1\" data-id=\"4f88f5c1\" data-element_type=\"column\">\n\t\t\t<div class=\"elementor-widget-wrap elementor-element-populated\">\n\t\t\t\t\t\t<div class=\"elementor-element elementor-element-3e8ce07f elementor-headline--style-highlight elementor-widget elementor-widget-vamtam-animated-headline\" data-id=\"3e8ce07f\" data-element_type=\"widget\" data-settings=\"{&quot;marker&quot;:&quot;curly&quot;,&quot;highlighted_text&quot;:&quot;94\\\/100&quot;,&quot;headline_style&quot;:&quot;highlight&quot;,&quot;loop&quot;:&quot;yes&quot;,&quot;highlight_animation_duration&quot;:1200,&quot;highlight_iteration_delay&quot;:8000}\" data-widget_type=\"vamtam-animated-headline.default\">\n\t\t\t\t<div class=\"elementor-widget-container\">\n\t\t\t\t\t\t\t\t\t<h5 class=\"elementor-headline\">\n\t\t\t\t\t\t\t\t\t\t\t\t\t\t\t\t\t\t<span class=\"elementor-headline-plain-text elementor-headline-text-wrapper\">Daniele Cernilli : <br><\/span>\n\t\t\t\t\t\t\t\t\t\t\t\t<span class=\"elementor-headline-dynamic-wrapper elementor-headline-text-wrapper\">\n\t\t\t\t\t\t\t\t\t\t\t\t\t<span class=\"elementor-headline-dynamic-text elementor-headline-text-active\">94\/100<\/span>\n\t\t\t\t\t\t\t\t\t\t\t\t<\/span>\n\t\t\t\t\t\t\t\t\t\t\t\t\t<span class=\"elementor-headline-plain-text elementor-headline-text-wrapper\">Italie<\/span>\n\t\t\t\t\t\t\t\t\t\t\t\t\t\t\t\t<\/h5>\n\t\t\t\t\t\t\t\t<\/div>\n\t\t\t\t<\/div>\n\t\t\t\t\t<\/div>\n\t\t<\/div>\n\t\t\t\t<div class=\"elementor-column elementor-col-33 elementor-inner-column elementor-element elementor-element-9474205\" data-id=\"9474205\" data-element_type=\"column\">\n\t\t\t<div class=\"elementor-widget-wrap elementor-element-populated\">\n\t\t\t\t\t\t<div class=\"elementor-element elementor-element-3257f963 elementor-headline--style-highlight elementor-widget elementor-widget-vamtam-animated-headline\" data-id=\"3257f963\" data-element_type=\"widget\" data-settings=\"{&quot;marker&quot;:&quot;curly&quot;,&quot;highlighted_text&quot;:&quot;Tre bicchieri&quot;,&quot;headline_style&quot;:&quot;highlight&quot;,&quot;loop&quot;:&quot;yes&quot;,&quot;highlight_animation_duration&quot;:1200,&quot;highlight_iteration_delay&quot;:8000}\" data-widget_type=\"vamtam-animated-headline.default\">\n\t\t\t\t<div class=\"elementor-widget-container\">\n\t\t\t\t\t\t\t\t\t<h5 class=\"elementor-headline\">\n\t\t\t\t\t\t\t\t\t\t\t\t\t\t\t\t\t\t<span class=\"elementor-headline-plain-text elementor-headline-text-wrapper\">Gambero Rosso\u200b: <br><\/span>\n\t\t\t\t\t\t\t\t\t\t\t\t<span class=\"elementor-headline-dynamic-wrapper elementor-headline-text-wrapper\">\n\t\t\t\t\t\t\t\t\t\t\t\t\t<span class=\"elementor-headline-dynamic-text elementor-headline-text-active\">Trois verres<\/span>\n\t\t\t\t\t\t\t\t\t\t\t\t<\/span>\n\t\t\t\t\t\t\t\t\t\t\t\t\t<span class=\"elementor-headline-plain-text elementor-headline-text-wrapper\">Italie<\/span>\n\t\t\t\t\t\t\t\t\t\t\t\t\t\t\t\t<\/h5>\n\t\t\t\t\t\t\t\t<\/div>\n\t\t\t\t<\/div>\n\t\t\t\t\t<\/div>\n\t\t<\/div>\n\t\t\t\t\t<\/div>\n\t\t<\/section>\n\t\t\t\t<section class=\"elementor-section elementor-inner-section elementor-element elementor-element-a27ae8d elementor-section-boxed elementor-section-height-default elementor-section-height-default\" data-id=\"a27ae8d\" data-element_type=\"section\">\n\t\t\t\t\t\t<div class=\"elementor-container elementor-column-gap-default\">\n\t\t\t\t\t<div class=\"elementor-column elementor-col-100 elementor-inner-column elementor-element elementor-element-772ed753\" data-id=\"772ed753\" data-element_type=\"column\">\n\t\t\t<div class=\"elementor-widget-wrap elementor-element-populated\">\n\t\t\t\t\t\t<div class=\"elementor-element elementor-element-7ee12a55 elementor-widget__width-initial elementor-widget-mobile__width-initial elementor-fixed elementor-hidden-tablet elementor-hidden-phone elementor-widget elementor-widget-image\" data-id=\"7ee12a55\" data-element_type=\"widget\" data-settings=\"{&quot;_position&quot;:&quot;fixed&quot;}\" data-widget_type=\"image.default\">\n\t\t\t\t<div class=\"elementor-widget-container\">\n\t\t\t\t\t\t\t\t\t<div class=\"elementor-image\">\n\t\t\t\t\t\t\t\t\t\t\t\t\t\t\t\t\t\t\t\t\t<img fetchpriority=\"high\" decoding=\"async\" width=\"308\" height=\"444\" src=\"https:\/\/www.samoswine.gr\/wp-content\/uploads\/2024\/09\/erimitis-1.png\" class=\"attachment-large size-large wp-image-989118\" alt=\"\" srcset=\"https:\/\/www.samoswine.gr\/wp-content\/uploads\/2024\/09\/erimitis-1.png 308w, https:\/\/www.samoswine.gr\/wp-content\/uploads\/2024\/09\/erimitis-1-208x300.png 208w, https:\/\/www.samoswine.gr\/wp-content\/uploads\/2024\/09\/erimitis-1-8x12.png 8w\" sizes=\"(max-width: 308px) 100vw, 308px\" \/>\t\t\t\t\t\t\t\t\t\t\t\t\t\t\t\t\t\t\t\t\t\t\t\t<\/div>\n\t\t\t\t\t\t\t\t<\/div>\n\t\t\t\t<\/div>\n\t\t\t\t\t<\/div>\n\t\t<\/div>\n\t\t\t\t\t<\/div>\n\t\t<\/section>\n\t\t\t\t\t<\/div>\n\t\t<\/div>\n\t\t\t\t\t<\/div>\n\t\t<\/section>\n\t\t\t\t<\/div>","protected":false},"excerpt":{"rendered":"<p>\u03a0\u03b5\u03c1\u03b9\u03b3\u03c1\u03b1\u03c6\u03ae \u03a0\u03c1\u03bf\u03ad\u03c1\u03c7\u03b5\u03c4\u03b1\u03b9 \u03b1\u03c0\u03cc \u03ad\u03bd\u03b1\u03bd \u03b1\u03c0\u03cc\u03bc\u03b1\u03ba\u03c1\u03bf \u03b1\u03bc\u03c0\u03b5\u03bb\u03ce\u03bd\u03b1 \u03b2\u03b9\u03bf\u03b4\u03c5\u03bd\u03b1\u03bc\u03b9\u03ba\u03ae\u03c2 \u03ba\u03b1\u03bb\u03bb\u03b9\u03ad\u03c1\u03b3\u03b5\u03b9\u03b1\u03c2 \u03c3\u03c4\u03b7 \u03b8\u03ad\u03c3\u03b7 \u0392\u03b1\u03c3\u03b9\u03bb\u03b9\u03ba\u03bf\u03c7\u03ce\u03c1\u03b1\u03c6\u03b1 \u039a\u03bf\u03bd\u03c4\u03b1\u03ba\u03b1\u03af\u03b9\u03ba\u03c9\u03bd, \u03c3\u03b5 \u03c5\u03c8\u03cc\u03bc\u03b5\u03c4\u03c1\u03bf 650 \u03bc. \u03a0\u03c1\u03cc\u03ba\u03b5\u03b9\u03c4\u03b1\u03b9 \u03b3\u03b9\u03b1 \u03ad\u03bd\u03b1 \u03c0\u03bf\u03c1\u03c4\u03bf\u03ba\u03b1\u03bb\u03af \u03ba\u03c1\u03b1\u03c3\u03af \u03bc\u03b5 \u03ad\u03bd\u03c4\u03bf\u03bd\u03bf \u03b1\u03c1\u03c9\u03bc\u03b1\u03c4\u03b9\u03ba\u03cc \u03c7\u03b1\u03c1\u03b1\u03ba\u03c4\u03ae\u03c1\u03b1, \u03b5\u03ba\u03c6\u03c1\u03b1\u03c3\u03c4\u03b9\u03ba\u03cc, \u03bf\u03c1\u03c5\u03ba\u03c4\u03ce\u03b4\u03b5\u03c2, \u03b3\u03ae\u03b9\u03bd\u03bf \u03ba\u03b1\u03b9 \u03b2\u03bf\u03c5\u03ba\u03bf\u03bb\u03b9\u03ba\u03cc, \u03bc\u03b5 \u03bd\u03cc\u03c4\u03b5\u03c2 \u03b9\u03c9\u03b4\u03b9\u03bf\u03cd\u03c7\u03b5\u03c2 \u03ba\u03b1\u03b9 \u03bc\u03b5 \u03b4\u03b9\u03ac\u03c1\u03ba\u03b5\u03b9\u03b1 \u03b5\u03c0\u03af\u03b3\u03b5\u03c5\u03c3\u03b7\u03c2 \u03c0\u03bf\u03c5 \u03b5\u03bd\u03c4\u03c5\u03c0\u03c9\u03c3\u03b9\u03ac\u03b6\u03b5\u03b9. \u0396\u03cd\u03bc\u03c9\u03c3\u03b5 \u03bc\u03b5 \u03bf\u03bb\u03cc\u03ba\u03bb\u03b7\u03c1\u03b5\u03c2 \u03c4\u03b9\u03c2 \u03c1\u03ce\u03b3\u03b5\u03c2 \u03c3\u03b5 \u03b1\u03bc\u03c6\u03bf\u03c1\u03ad\u03b1, \u03c9\u03c1\u03af\u03bc\u03b1\u03c3\u03b5 \u03c3\u03b5 \u03c9\u03bf\u03b5\u03b9\u03b4\u03b5\u03af\u03c2 \u03b4\u03b5\u03be\u03b1\u03bc\u03b5\u03bd\u03ad\u03c2 \u03b3\u03b9\u03b1 12 \u03bc\u03ae\u03bd\u03b5\u03c2 \u03ba\u03b1\u03b9 \u03c0\u03b1\u03bb\u03b1\u03af\u03c9\u03c3\u03b5&#8230;<\/p>","protected":false},"featured_media":988013,"comment_status":"closed","ping_status":"closed","template":"","meta":[],"product_brand":[],"product_cat":[58],"product_tag":[],"class_list":{"0":"post-987931","1":"product","2":"type-product","3":"status-publish","4":"has-post-thumbnail","6":"product_cat-58","8":"first","9":"instock","10":"shipping-taxable","11":"product-type-simple"},"_links":{"self":[{"href":"https:\/\/www.samoswine.gr\/fr\/wp-json\/wp\/v2\/product\/987931","targetHints":{"allow":["GET"]}}],"collection":[{"href":"https:\/\/www.samoswine.gr\/fr\/wp-json\/wp\/v2\/product"}],"about":[{"href":"https:\/\/www.samoswine.gr\/fr\/wp-json\/wp\/v2\/types\/product"}],"replies":[{"embeddable":true,"href":"https:\/\/www.samoswine.gr\/fr\/wp-json\/wp\/v2\/comments?post=987931"}],"version-history":[{"count":18,"href":"https:\/\/www.samoswine.gr\/fr\/wp-json\/wp\/v2\/product\/987931\/revisions"}],"predecessor-version":[{"id":989121,"href":"https:\/\/www.samoswine.gr\/fr\/wp-json\/wp\/v2\/product\/987931\/revisions\/989121"}],"wp:featuredmedia":[{"embeddable":true,"href":"https:\/\/www.samoswine.gr\/fr\/wp-json\/wp\/v2\/media\/988013"}],"wp:attachment":[{"href":"https:\/\/www.samoswine.gr\/fr\/wp-json\/wp\/v2\/media?parent=987931"}],"wp:term":[{"taxonomy":"product_brand","embeddable":true,"href":"https:\/\/www.samoswine.gr\/fr\/wp-json\/wp\/v2\/product_brand?post=987931"},{"taxonomy":"product_cat","embeddable":true,"href":"https:\/\/www.samoswine.gr\/fr\/wp-json\/wp\/v2\/product_cat?post=987931"},{"taxonomy":"product_tag","embeddable":true,"href":"https:\/\/www.samoswine.gr\/fr\/wp-json\/wp\/v2\/product_tag?post=987931"}],"curies":[{"name":"wp","href":"https:\/\/api.w.org\/{rel}","templated":true}]}}