{"id":987937,"date":"2024-09-09T16:32:14","date_gmt":"2024-09-09T13:32:14","guid":{"rendered":"https:\/\/paragogoiuwc.gr\/?post_type=product&#038;p=987937"},"modified":"2026-02-10T16:56:39","modified_gmt":"2026-02-10T13:56:39","slug":"%ce%ac%ce%b8%ce%b9%ce%ba%cf%84%ce%bf%cf%82-%ce%bf%ce%af%ce%bd%ce%bf%cf%82-%ce%b2%ce%bf%cf%85%ce%bd%ce%af%cf%84%ce%b7%cf%82","status":"publish","type":"product","link":"https:\/\/www.samoswine.gr\/fr\/produit\/%ce%ac%ce%b8%ce%b9%ce%ba%cf%84%ce%bf%cf%82-%ce%bf%ce%af%ce%bd%ce%bf%cf%82-%ce%b2%ce%bf%cf%85%ce%bd%ce%af%cf%84%ce%b7%cf%82\/","title":{"rendered":"Vin pur \u00ab Vounitis \u00bb"},"content":{"rendered":"<div data-elementor-type=\"product-post\" data-elementor-id=\"987937\" class=\"elementor elementor-987937\" data-elementor-post-type=\"product\">\n\t\t\t\t\t\t<section class=\"elementor-section elementor-top-section elementor-element elementor-element-5422a566 elementor-section-boxed elementor-section-height-default elementor-section-height-default\" data-id=\"5422a566\" data-element_type=\"section\">\n\t\t\t\t\t\t<div class=\"elementor-container elementor-column-gap-default\">\n\t\t\t\t\t<div class=\"elementor-column elementor-col-100 elementor-top-column elementor-element elementor-element-2eead982\" data-id=\"2eead982\" data-element_type=\"column\" data-settings=\"{&quot;background_background&quot;:&quot;classic&quot;}\">\n\t\t\t<div class=\"elementor-widget-wrap elementor-element-populated\">\n\t\t\t\t\t\t<div class=\"elementor-element elementor-element-6d824d3c elementor-widget elementor-widget-heading\" data-id=\"6d824d3c\" data-element_type=\"widget\" data-widget_type=\"heading.default\">\n\t\t\t\t<div class=\"elementor-widget-container\">\n\t\t\t\t\t<h5 class=\"elementor-heading-title elementor-size-default\">Description<\/h5>\t\t\t\t<\/div>\n\t\t\t\t<\/div>\n\t\t\t\t<div class=\"elementor-element elementor-element-104a577c elementor-widget elementor-widget-text-editor\" data-id=\"104a577c\" data-element_type=\"widget\" data-widget_type=\"text-editor.default\">\n\t\t\t\t<div class=\"elementor-widget-container\">\n\t\t\t\t\t\t\t\t\t<div class=\"woocommerce-product-details__short-description\"><p>Ce vin provient de vignobles cultiv\u00e9s en agriculture biologique \u00e0 1\u00a0100\u00a0m d\u2019altitude, au sommet du mont Karvouni, surplombant les villages de Vourliotes, Ampelo et Pandroso, dans l\u2019appellation Xepagiasmeno. C\u2019est un vin \u00e0 l\u2019acidit\u00e9 vive, franc et typique, particuli\u00e8rement sec et cors\u00e9, aux ar\u00f4mes fruit\u00e9s, avec des notes de levure et d\u2019herbes, et une longue finale. Il a b\u00e9n\u00e9fici\u00e9 d\u2019un \u00e9levage de 12\u00a0mois en cuve et sous vide. Il a \u00e9t\u00e9 mis en bouteille sans filtration, sans collage et sans sulfites ajout\u00e9s.<\/p><\/div>\t\t\t\t\t\t\t\t<\/div>\n\t\t\t\t<\/div>\n\t\t\t\t<div class=\"elementor-element elementor-element-50a369d5 elementor-widget elementor-widget-heading\" data-id=\"50a369d5\" data-element_type=\"widget\" data-widget_type=\"heading.default\">\n\t\t\t\t<div class=\"elementor-widget-container\">\n\t\t\t\t\t<h5 class=\"elementor-heading-title elementor-size-default\">Informations utiles<\/h5>\t\t\t\t<\/div>\n\t\t\t\t<\/div>\n\t\t\t\t<div class=\"elementor-element elementor-element-66a183f1 elementor-widget elementor-widget-text-editor\" data-id=\"66a183f1\" data-element_type=\"widget\" data-widget_type=\"text-editor.default\">\n\t\t\t\t<div class=\"elementor-widget-container\">\n\t\t\t\t\t\t\t\t\t<p><strong>Combin\u00e9 avec : <\/strong><\/p><p>Il se marie d\u00e9licieusement avec tous les plats de poisson, ainsi qu&#039;avec les plats ethniques.<\/p><p><strong>Temp\u00e9rature de service : 10 \u2013 12<sup>\u03bf<\/sup><\/strong><strong>C<\/strong><\/p><p><strong>C\u00e9page : Muscat blanc \u00e0 petits raisins de Samos 100%<\/strong><\/p><p><strong>Indication g\u00e9ographique : Vin de c\u00e9page issu de l&#039;agriculture biologique<\/strong><\/p>\t\t\t\t\t\t\t\t<\/div>\n\t\t\t\t<\/div>\n\t\t\t\t<div class=\"elementor-element elementor-element-12f6418b elementor-hidden-desktop elementor-hidden-tablet elementor-hidden-mobile elementor-widget elementor-widget-heading\" data-id=\"12f6418b\" data-element_type=\"widget\" data-widget_type=\"heading.default\">\n\t\t\t\t<div class=\"elementor-widget-container\">\n\t\t\t\t\t<h5 class=\"elementor-heading-title elementor-size-default\">Prix<\/h5>\t\t\t\t<\/div>\n\t\t\t\t<\/div>\n\t\t\t\t<section class=\"elementor-section elementor-inner-section elementor-element elementor-element-1cdc8081 elementor-hidden-desktop elementor-hidden-tablet elementor-hidden-mobile elementor-section-boxed elementor-section-height-default elementor-section-height-default\" data-id=\"1cdc8081\" data-element_type=\"section\">\n\t\t\t\t\t\t<div class=\"elementor-container elementor-column-gap-default\">\n\t\t\t\t\t<div class=\"elementor-column elementor-col-33 elementor-inner-column elementor-element elementor-element-14c927c4\" data-id=\"14c927c4\" data-element_type=\"column\">\n\t\t\t<div class=\"elementor-widget-wrap elementor-element-populated\">\n\t\t\t\t\t\t<div class=\"elementor-element elementor-element-587b7b05 elementor-headline--style-highlight elementor-widget elementor-widget-vamtam-animated-headline\" data-id=\"587b7b05\" data-element_type=\"widget\" data-settings=\"{&quot;marker&quot;:&quot;curly&quot;,&quot;highlighted_text&quot;:&quot;92\\\/100&quot;,&quot;headline_style&quot;:&quot;highlight&quot;,&quot;loop&quot;:&quot;yes&quot;,&quot;highlight_animation_duration&quot;:1200,&quot;highlight_iteration_delay&quot;:8000}\" data-widget_type=\"vamtam-animated-headline.default\">\n\t\t\t\t<div class=\"elementor-widget-container\">\n\t\t\t\t\t\t\t\t\t<h5 class=\"elementor-headline\">\n\t\t\t\t\t\t\t\t\t\t\t\t\t\t\t\t\t\t<span class=\"elementor-headline-plain-text elementor-headline-text-wrapper\">Falstaff : <br><\/span>\n\t\t\t\t\t\t\t\t\t\t\t\t<span class=\"elementor-headline-dynamic-wrapper elementor-headline-text-wrapper\">\n\t\t\t\t\t\t\t\t\t\t\t\t\t<span class=\"elementor-headline-dynamic-text elementor-headline-text-active\">92\/100<\/span>\n\t\t\t\t\t\t\t\t\t\t\t\t<\/span>\n\t\t\t\t\t\t\t\t\t\t\t\t\t<span class=\"elementor-headline-plain-text elementor-headline-text-wrapper\">Autriche<\/span>\n\t\t\t\t\t\t\t\t\t\t\t\t\t\t\t\t<\/h5>\n\t\t\t\t\t\t\t\t<\/div>\n\t\t\t\t<\/div>\n\t\t\t\t\t<\/div>\n\t\t<\/div>\n\t\t\t\t<div class=\"elementor-column elementor-col-33 elementor-inner-column elementor-element elementor-element-28619b52\" data-id=\"28619b52\" data-element_type=\"column\">\n\t\t\t<div class=\"elementor-widget-wrap elementor-element-populated\">\n\t\t\t\t\t\t<div class=\"elementor-element elementor-element-ef4a44e elementor-headline--style-highlight elementor-widget elementor-widget-vamtam-animated-headline\" data-id=\"ef4a44e\" data-element_type=\"widget\" data-settings=\"{&quot;marker&quot;:&quot;curly&quot;,&quot;highlighted_text&quot;:&quot;94\\\/100&quot;,&quot;headline_style&quot;:&quot;highlight&quot;,&quot;loop&quot;:&quot;yes&quot;,&quot;highlight_animation_duration&quot;:1200,&quot;highlight_iteration_delay&quot;:8000}\" data-widget_type=\"vamtam-animated-headline.default\">\n\t\t\t\t<div class=\"elementor-widget-container\">\n\t\t\t\t\t\t\t\t\t<h5 class=\"elementor-headline\">\n\t\t\t\t\t\t\t\t\t\t\t\t\t\t\t\t\t\t<span class=\"elementor-headline-plain-text elementor-headline-text-wrapper\">Daniele Cernilli : <br><\/span>\n\t\t\t\t\t\t\t\t\t\t\t\t<span class=\"elementor-headline-dynamic-wrapper elementor-headline-text-wrapper\">\n\t\t\t\t\t\t\t\t\t\t\t\t\t<span class=\"elementor-headline-dynamic-text elementor-headline-text-active\">94\/100<\/span>\n\t\t\t\t\t\t\t\t\t\t\t\t<\/span>\n\t\t\t\t\t\t\t\t\t\t\t\t\t<span class=\"elementor-headline-plain-text elementor-headline-text-wrapper\">Italie<\/span>\n\t\t\t\t\t\t\t\t\t\t\t\t\t\t\t\t<\/h5>\n\t\t\t\t\t\t\t\t<\/div>\n\t\t\t\t<\/div>\n\t\t\t\t\t<\/div>\n\t\t<\/div>\n\t\t\t\t<div class=\"elementor-column elementor-col-33 elementor-inner-column elementor-element elementor-element-c33b12\" data-id=\"c33b12\" data-element_type=\"column\">\n\t\t\t<div class=\"elementor-widget-wrap elementor-element-populated\">\n\t\t\t\t\t\t<div class=\"elementor-element elementor-element-1e87758c elementor-headline--style-highlight elementor-widget elementor-widget-vamtam-animated-headline\" data-id=\"1e87758c\" data-element_type=\"widget\" data-settings=\"{&quot;marker&quot;:&quot;curly&quot;,&quot;highlighted_text&quot;:&quot;Tre bicchieri&quot;,&quot;headline_style&quot;:&quot;highlight&quot;,&quot;loop&quot;:&quot;yes&quot;,&quot;highlight_animation_duration&quot;:1200,&quot;highlight_iteration_delay&quot;:8000}\" data-widget_type=\"vamtam-animated-headline.default\">\n\t\t\t\t<div class=\"elementor-widget-container\">\n\t\t\t\t\t\t\t\t\t<h5 class=\"elementor-headline\">\n\t\t\t\t\t\t\t\t\t\t\t\t\t\t\t\t\t\t<span class=\"elementor-headline-plain-text elementor-headline-text-wrapper\">Gambero Rosso\u200b: <br><\/span>\n\t\t\t\t\t\t\t\t\t\t\t\t<span class=\"elementor-headline-dynamic-wrapper elementor-headline-text-wrapper\">\n\t\t\t\t\t\t\t\t\t\t\t\t\t<span class=\"elementor-headline-dynamic-text elementor-headline-text-active\">Trois verres<\/span>\n\t\t\t\t\t\t\t\t\t\t\t\t<\/span>\n\t\t\t\t\t\t\t\t\t\t\t\t\t<span class=\"elementor-headline-plain-text elementor-headline-text-wrapper\">Italie<\/span>\n\t\t\t\t\t\t\t\t\t\t\t\t\t\t\t\t<\/h5>\n\t\t\t\t\t\t\t\t<\/div>\n\t\t\t\t<\/div>\n\t\t\t\t\t<\/div>\n\t\t<\/div>\n\t\t\t\t\t<\/div>\n\t\t<\/section>\n\t\t\t\t<section class=\"elementor-section elementor-inner-section elementor-element elementor-element-4e6da8d4 elementor-section-boxed elementor-section-height-default elementor-section-height-default\" data-id=\"4e6da8d4\" data-element_type=\"section\">\n\t\t\t\t\t\t<div class=\"elementor-container elementor-column-gap-default\">\n\t\t\t\t\t<div class=\"elementor-column elementor-col-100 elementor-inner-column elementor-element elementor-element-5a60520f\" data-id=\"5a60520f\" data-element_type=\"column\">\n\t\t\t<div class=\"elementor-widget-wrap elementor-element-populated\">\n\t\t\t\t\t\t<div class=\"elementor-element elementor-element-3491cedd elementor-widget__width-initial elementor-widget-mobile__width-initial elementor-fixed elementor-hidden-tablet elementor-hidden-phone elementor-widget elementor-widget-image\" data-id=\"3491cedd\" data-element_type=\"widget\" data-settings=\"{&quot;_position&quot;:&quot;fixed&quot;}\" data-widget_type=\"image.default\">\n\t\t\t\t<div class=\"elementor-widget-container\">\n\t\t\t\t\t\t\t\t\t<div class=\"elementor-image\">\n\t\t\t\t\t\t\t\t\t\t\t\t\t\t\t\t\t\t\t\t\t<img fetchpriority=\"high\" decoding=\"async\" width=\"308\" height=\"444\" src=\"https:\/\/www.samoswine.gr\/wp-content\/uploads\/2024\/09\/\u03b2\u03bf\u03c5\u03bd\u03b7\u03c4\u03b7\u03c2-1.png\" class=\"attachment-full size-full wp-image-988400\" alt=\"\" srcset=\"https:\/\/www.samoswine.gr\/wp-content\/uploads\/2024\/09\/\u03b2\u03bf\u03c5\u03bd\u03b7\u03c4\u03b7\u03c2-1.png 308w, https:\/\/www.samoswine.gr\/wp-content\/uploads\/2024\/09\/\u03b2\u03bf\u03c5\u03bd\u03b7\u03c4\u03b7\u03c2-1-208x300.png 208w\" sizes=\"(max-width: 308px) 100vw, 308px\" \/>\t\t\t\t\t\t\t\t\t\t\t\t\t\t\t\t\t\t\t\t\t\t\t\t<\/div>\n\t\t\t\t\t\t\t\t<\/div>\n\t\t\t\t<\/div>\n\t\t\t\t\t<\/div>\n\t\t<\/div>\n\t\t\t\t\t<\/div>\n\t\t<\/section>\n\t\t\t\t\t<\/div>\n\t\t<\/div>\n\t\t\t\t\t<\/div>\n\t\t<\/section>\n\t\t\t\t<\/div>","protected":false},"excerpt":{"rendered":"<p>\u03a0\u03b5\u03c1\u03b9\u03b3\u03c1\u03b1\u03c6\u03ae \u03a0\u03c1\u03bf\u03ad\u03c1\u03c7\u03b5\u03c4\u03b1\u03b9 \u03b1\u03c0\u03cc \u03b1\u03bc\u03c0\u03ad\u03bb\u03b9\u03b1 \u03b2\u03b9\u03bf\u03bb\u03bf\u03b3\u03b9\u03ba\u03ae\u03c2 \u03ba\u03b1\u03bb\u03bb\u03b9\u03ad\u03c1\u03b3\u03b5\u03b9\u03b1\u03c2 \u03c3\u03c4\u03b1 1.100 \u03bc. \u03c5\u03c8\u03cc\u03bc\u03b5\u03c4\u03c1\u03bf \u03c3\u03c4\u03b7\u03bd \u03ba\u03bf\u03c1\u03c5\u03c6\u03ae \u03c4\u03bf\u03c5 \u03cc\u03c1\u03bf\u03c5\u03c2 \u039a\u03b1\u03c1\u03b2\u03bf\u03cd\u03bd\u03b7 \u03c0\u03ac\u03bd\u03c9 \u03b1\u03c0\u03cc \u03c4\u03b1 \u03c7\u03c9\u03c1\u03b9\u03ac \u0392\u03bf\u03c5\u03c1\u03bb\u03b9\u03ce\u03c4\u03b5\u03c2, \u0386\u03bc\u03c0\u03b5\u03bb\u03bf \u03ba\u03b1\u03b9 \u03a0\u03ac\u03bd\u03b4\u03c1\u03bf\u03c3\u03bf, \u03c3\u03c4\u03b7 \u03b8\u03ad\u03c3\u03b7 \u039e\u03b5\u03c0\u03b1\u03b3\u03b9\u03b1\u03c3\u03bc\u03ad\u03bd\u03bf. \u0395\u03af\u03bd\u03b1\u03b9 \u03ad\u03bd\u03b1 \u03ba\u03c1\u03b1\u03c3\u03af \u03bc\u03b5 \u03c5\u03c8\u03b7\u03bb\u03ae \u03bf\u03be\u03cd\u03c4\u03b7\u03c4\u03b1, \u03b5\u03c5\u03b8\u03cd \u03ba\u03b1\u03b9 \u03c4\u03c5\u03c0\u03b9\u03ba\u03cc, \u03b9\u03b4\u03b9\u03b1\u03af\u03c4\u03b5\u03c1\u03b1 \u03be\u03b7\u03c1\u03cc \u03ba\u03b1\u03b9 \u03bc\u03b5 \u03b3\u03b5\u03bc\u03ac\u03c4\u03bf \u03c3\u03c4\u03cc\u03bc\u03b1, \u03bc\u03b5 \u03c6\u03c1\u03bf\u03c5\u03c4\u03ce\u03b4\u03b7 \u03b1\u03c1\u03ce\u03bc\u03b1\u03c4\u03b1, \u03bd\u03cd\u03be\u03b5\u03b9\u03c2 \u03b6\u03cd\u03bc\u03b7\u03c2 \u03ba\u03b1\u03b9 \u03b2\u03bf\u03c4\u03ac\u03bd\u03c9\u03bd, \u03bc\u03b1\u03ba\u03c1\u03ac \u03b5\u03c0\u03af\u03b3\u03b5\u03c5\u03c3\u03b7. \u0388\u03c7\u03b5\u03b9 12\u03bc\u03b7\u03bd\u03b7 \u03c9\u03c1\u03af\u03bc\u03b1\u03bd\u03c3\u03b7 \u03c3\u03b5 \u03b4\u03b5\u03be\u03b1\u03bc\u03b5\u03bd\u03ae&#8230;<\/p>","protected":false},"featured_media":988108,"comment_status":"closed","ping_status":"closed","template":"","meta":[],"product_brand":[],"product_cat":[58],"product_tag":[],"class_list":{"0":"post-987937","1":"product","2":"type-product","3":"status-publish","4":"has-post-thumbnail","6":"product_cat-58","8":"first","9":"instock","10":"shipping-taxable","11":"product-type-simple"},"_links":{"self":[{"href":"https:\/\/www.samoswine.gr\/fr\/wp-json\/wp\/v2\/product\/987937","targetHints":{"allow":["GET"]}}],"collection":[{"href":"https:\/\/www.samoswine.gr\/fr\/wp-json\/wp\/v2\/product"}],"about":[{"href":"https:\/\/www.samoswine.gr\/fr\/wp-json\/wp\/v2\/types\/product"}],"replies":[{"embeddable":true,"href":"https:\/\/www.samoswine.gr\/fr\/wp-json\/wp\/v2\/comments?post=987937"}],"version-history":[{"count":21,"href":"https:\/\/www.samoswine.gr\/fr\/wp-json\/wp\/v2\/product\/987937\/revisions"}],"predecessor-version":[{"id":989124,"href":"https:\/\/www.samoswine.gr\/fr\/wp-json\/wp\/v2\/product\/987937\/revisions\/989124"}],"wp:featuredmedia":[{"embeddable":true,"href":"https:\/\/www.samoswine.gr\/fr\/wp-json\/wp\/v2\/media\/988108"}],"wp:attachment":[{"href":"https:\/\/www.samoswine.gr\/fr\/wp-json\/wp\/v2\/media?parent=987937"}],"wp:term":[{"taxonomy":"product_brand","embeddable":true,"href":"https:\/\/www.samoswine.gr\/fr\/wp-json\/wp\/v2\/product_brand?post=987937"},{"taxonomy":"product_cat","embeddable":true,"href":"https:\/\/www.samoswine.gr\/fr\/wp-json\/wp\/v2\/product_cat?post=987937"},{"taxonomy":"product_tag","embeddable":true,"href":"https:\/\/www.samoswine.gr\/fr\/wp-json\/wp\/v2\/product_tag?post=987937"}],"curies":[{"name":"wp","href":"https:\/\/api.w.org\/{rel}","templated":true}]}}