{"id":987955,"date":"2026-02-05T16:40:34","date_gmt":"2026-02-05T13:40:34","guid":{"rendered":"https:\/\/paragogoiuwc.gr\/?post_type=product&#038;p=987955"},"modified":"2026-03-31T15:15:28","modified_gmt":"2026-03-31T12:15:28","slug":"samos-anthemis","status":"publish","type":"product","link":"https:\/\/www.samoswine.gr\/fr\/produit\/samos-anthemis\/","title":{"rendered":"Samos Anthemis"},"content":{"rendered":"<div data-elementor-type=\"product-post\" data-elementor-id=\"987955\" class=\"elementor elementor-987955\" data-elementor-post-type=\"product\">\n\t\t\t\t\t\t<section class=\"elementor-section elementor-top-section elementor-element elementor-element-8e99f57 elementor-section-boxed elementor-section-height-default elementor-section-height-default\" data-id=\"8e99f57\" data-element_type=\"section\">\n\t\t\t\t\t\t<div class=\"elementor-container elementor-column-gap-default\">\n\t\t\t\t\t<div class=\"elementor-column elementor-col-100 elementor-top-column elementor-element elementor-element-6b5500dd\" data-id=\"6b5500dd\" data-element_type=\"column\">\n\t\t\t<div class=\"elementor-widget-wrap elementor-element-populated\">\n\t\t\t\t\t\t<div class=\"elementor-element elementor-element-6ffc0901 elementor-widget elementor-widget-heading\" data-id=\"6ffc0901\" data-element_type=\"widget\" data-widget_type=\"heading.default\">\n\t\t\t\t<div class=\"elementor-widget-container\">\n\t\t\t\t\t<h5 class=\"elementor-heading-title elementor-size-default\">Description<\/h5>\t\t\t\t<\/div>\n\t\t\t\t<\/div>\n\t\t\t\t<div class=\"elementor-element elementor-element-747dec4a elementor-widget elementor-widget-text-editor\" data-id=\"747dec4a\" data-element_type=\"widget\" data-widget_type=\"text-editor.default\">\n\t\t\t\t<div class=\"elementor-widget-container\">\n\t\t\t\t\t\t\t\t\t<div class=\"woocommerce-product-details__short-description\"><p><span style=\"font-weight: 400;\">Un merveilleux <\/span><b>vin de liqueur<\/b><span style=\"font-weight: 400;\"> \u00c9labor\u00e9 \u00e0 partir de raisins muscat issus des vignobles semi-montagnards de Samos, ce vin est ensuite \u00e9lev\u00e9 pendant 5 ans en f\u00fbts de ch\u00eane. Il y acquiert une belle robe jaune brun\u00e2tre et un bouquet envo\u00fbtant aux ar\u00f4mes de fleurs, de miel, de tabac, de chocolat et de fruits secs. Des notes de miel en rayon, de caramel, de bonbons, de cerises \u00e0 l&#039;alcool et de noix composent un profil aromatique particuli\u00e8rement complexe et dense.\u00a0<\/span><\/p><\/div>\t\t\t\t\t\t\t\t<\/div>\n\t\t\t\t<\/div>\n\t\t\t\t<div class=\"elementor-element elementor-element-ff2eaf6 elementor-widget elementor-widget-heading\" data-id=\"ff2eaf6\" data-element_type=\"widget\" data-widget_type=\"heading.default\">\n\t\t\t\t<div class=\"elementor-widget-container\">\n\t\t\t\t\t<h5 class=\"elementor-heading-title elementor-size-default\">Informations utiles<\/h5>\t\t\t\t<\/div>\n\t\t\t\t<\/div>\n\t\t\t\t<div class=\"elementor-element elementor-element-743ce2ff elementor-widget elementor-widget-text-editor\" data-id=\"743ce2ff\" data-element_type=\"widget\" data-widget_type=\"text-editor.default\">\n\t\t\t\t<div class=\"elementor-widget-container\">\n\t\t\t\t\t\t\t\t\t<p><strong>Combin\u00e9 avec :<\/strong><\/p><p><span style=\"font-weight: 400;\">Il s&#039;accorde exceptionnellement bien avec les p\u00e2tisseries de grande qualit\u00e9, gr\u00e2ce \u00e0 son caract\u00e8re intens\u00e9ment sucr\u00e9 et \u00e0 sa complexit\u00e9 aromatique. Il se marie \u00e9galement avec les viennoiseries, les fromages \u00e0 p\u00e2te molle affin\u00e9s, les confiseries aux fruits secs, les tartes aux fruits, le foie gras aux coings ou aux figues, et les glaces artisanales. D\u00e9gust\u00e9 seul, en fin de repas, il accompagne \u00e0 merveille un cigare l\u00e9ger.<\/span><\/p><p><b>Temp\u00e9rature de service : <\/b>12 \u2013 14\u00b0C<\/p><p><b>Vari\u00e9t\u00e9: <\/b>Muscat blanc ros\u00e9 de Samos 100%<\/p><p><b>Indication g\u00e9ographique\u00a0:<\/b> Appellation d&#039;origine prot\u00e9g\u00e9e \u00ab Samos \u00bb<\/p>\t\t\t\t\t\t\t\t<\/div>\n\t\t\t\t<\/div>\n\t\t\t\t<div class=\"elementor-element elementor-element-1cf817e8 elementor-hidden-desktop elementor-hidden-tablet elementor-hidden-mobile elementor-widget elementor-widget-heading\" data-id=\"1cf817e8\" data-element_type=\"widget\" data-widget_type=\"heading.default\">\n\t\t\t\t<div class=\"elementor-widget-container\">\n\t\t\t\t\t<h5 class=\"elementor-heading-title elementor-size-default\">Prix<\/h5>\t\t\t\t<\/div>\n\t\t\t\t<\/div>\n\t\t\t\t<section class=\"elementor-section elementor-inner-section elementor-element elementor-element-286150d4 elementor-hidden-desktop elementor-hidden-tablet elementor-hidden-mobile elementor-section-boxed elementor-section-height-default elementor-section-height-default\" data-id=\"286150d4\" data-element_type=\"section\">\n\t\t\t\t\t\t<div class=\"elementor-container elementor-column-gap-default\">\n\t\t\t\t\t<div class=\"elementor-column elementor-col-33 elementor-inner-column elementor-element elementor-element-2bd21293\" data-id=\"2bd21293\" data-element_type=\"column\">\n\t\t\t<div class=\"elementor-widget-wrap elementor-element-populated\">\n\t\t\t\t\t\t<div class=\"elementor-element elementor-element-3f2149f2 elementor-headline--style-highlight elementor-widget elementor-widget-vamtam-animated-headline\" data-id=\"3f2149f2\" data-element_type=\"widget\" data-settings=\"{&quot;marker&quot;:&quot;curly&quot;,&quot;highlighted_text&quot;:&quot;92\\\/100&quot;,&quot;headline_style&quot;:&quot;highlight&quot;,&quot;loop&quot;:&quot;yes&quot;,&quot;highlight_animation_duration&quot;:1200,&quot;highlight_iteration_delay&quot;:8000}\" data-widget_type=\"vamtam-animated-headline.default\">\n\t\t\t\t<div class=\"elementor-widget-container\">\n\t\t\t\t\t\t\t\t\t<h5 class=\"elementor-headline\">\n\t\t\t\t\t\t\t\t\t\t\t\t\t\t\t\t\t\t<span class=\"elementor-headline-plain-text elementor-headline-text-wrapper\">Falstaff : <br><\/span>\n\t\t\t\t\t\t\t\t\t\t\t\t<span class=\"elementor-headline-dynamic-wrapper elementor-headline-text-wrapper\">\n\t\t\t\t\t\t\t\t\t\t\t\t\t<span class=\"elementor-headline-dynamic-text elementor-headline-text-active\">92\/100<\/span>\n\t\t\t\t\t\t\t\t\t\t\t\t<\/span>\n\t\t\t\t\t\t\t\t\t\t\t\t\t<span class=\"elementor-headline-plain-text elementor-headline-text-wrapper\">Autriche<\/span>\n\t\t\t\t\t\t\t\t\t\t\t\t\t\t\t\t<\/h5>\n\t\t\t\t\t\t\t\t<\/div>\n\t\t\t\t<\/div>\n\t\t\t\t\t<\/div>\n\t\t<\/div>\n\t\t\t\t<div class=\"elementor-column elementor-col-33 elementor-inner-column elementor-element elementor-element-44c97001\" data-id=\"44c97001\" data-element_type=\"column\">\n\t\t\t<div class=\"elementor-widget-wrap elementor-element-populated\">\n\t\t\t\t\t\t<div class=\"elementor-element elementor-element-71f51926 elementor-headline--style-highlight elementor-widget elementor-widget-vamtam-animated-headline\" data-id=\"71f51926\" data-element_type=\"widget\" data-settings=\"{&quot;marker&quot;:&quot;curly&quot;,&quot;highlighted_text&quot;:&quot;94\\\/100&quot;,&quot;headline_style&quot;:&quot;highlight&quot;,&quot;loop&quot;:&quot;yes&quot;,&quot;highlight_animation_duration&quot;:1200,&quot;highlight_iteration_delay&quot;:8000}\" data-widget_type=\"vamtam-animated-headline.default\">\n\t\t\t\t<div class=\"elementor-widget-container\">\n\t\t\t\t\t\t\t\t\t<h5 class=\"elementor-headline\">\n\t\t\t\t\t\t\t\t\t\t\t\t\t\t\t\t\t\t<span class=\"elementor-headline-plain-text elementor-headline-text-wrapper\">Daniele Cernilli : <br><\/span>\n\t\t\t\t\t\t\t\t\t\t\t\t<span class=\"elementor-headline-dynamic-wrapper elementor-headline-text-wrapper\">\n\t\t\t\t\t\t\t\t\t\t\t\t\t<span class=\"elementor-headline-dynamic-text elementor-headline-text-active\">94\/100<\/span>\n\t\t\t\t\t\t\t\t\t\t\t\t<\/span>\n\t\t\t\t\t\t\t\t\t\t\t\t\t<span class=\"elementor-headline-plain-text elementor-headline-text-wrapper\">Italie<\/span>\n\t\t\t\t\t\t\t\t\t\t\t\t\t\t\t\t<\/h5>\n\t\t\t\t\t\t\t\t<\/div>\n\t\t\t\t<\/div>\n\t\t\t\t\t<\/div>\n\t\t<\/div>\n\t\t\t\t<div class=\"elementor-column elementor-col-33 elementor-inner-column elementor-element elementor-element-6af5086\" data-id=\"6af5086\" data-element_type=\"column\">\n\t\t\t<div class=\"elementor-widget-wrap elementor-element-populated\">\n\t\t\t\t\t\t<div class=\"elementor-element elementor-element-3f9ecb94 elementor-headline--style-highlight elementor-widget elementor-widget-vamtam-animated-headline\" data-id=\"3f9ecb94\" data-element_type=\"widget\" data-settings=\"{&quot;marker&quot;:&quot;curly&quot;,&quot;highlighted_text&quot;:&quot;Tre bicchieri&quot;,&quot;headline_style&quot;:&quot;highlight&quot;,&quot;loop&quot;:&quot;yes&quot;,&quot;highlight_animation_duration&quot;:1200,&quot;highlight_iteration_delay&quot;:8000}\" data-widget_type=\"vamtam-animated-headline.default\">\n\t\t\t\t<div class=\"elementor-widget-container\">\n\t\t\t\t\t\t\t\t\t<h5 class=\"elementor-headline\">\n\t\t\t\t\t\t\t\t\t\t\t\t\t\t\t\t\t\t<span class=\"elementor-headline-plain-text elementor-headline-text-wrapper\">Gambero Rosso\u200b: <br><\/span>\n\t\t\t\t\t\t\t\t\t\t\t\t<span class=\"elementor-headline-dynamic-wrapper elementor-headline-text-wrapper\">\n\t\t\t\t\t\t\t\t\t\t\t\t\t<span class=\"elementor-headline-dynamic-text elementor-headline-text-active\">Trois verres<\/span>\n\t\t\t\t\t\t\t\t\t\t\t\t<\/span>\n\t\t\t\t\t\t\t\t\t\t\t\t\t<span class=\"elementor-headline-plain-text elementor-headline-text-wrapper\">Italie<\/span>\n\t\t\t\t\t\t\t\t\t\t\t\t\t\t\t\t<\/h5>\n\t\t\t\t\t\t\t\t<\/div>\n\t\t\t\t<\/div>\n\t\t\t\t\t<\/div>\n\t\t<\/div>\n\t\t\t\t\t<\/div>\n\t\t<\/section>\n\t\t\t\t<section class=\"elementor-section elementor-inner-section elementor-element elementor-element-64c11cce elementor-section-boxed elementor-section-height-default elementor-section-height-default\" data-id=\"64c11cce\" data-element_type=\"section\">\n\t\t\t\t\t\t<div class=\"elementor-container elementor-column-gap-default\">\n\t\t\t\t\t<div class=\"elementor-column elementor-col-100 elementor-inner-column elementor-element elementor-element-363b6137\" data-id=\"363b6137\" data-element_type=\"column\">\n\t\t\t<div class=\"elementor-widget-wrap elementor-element-populated\">\n\t\t\t\t\t\t<div class=\"elementor-element elementor-element-238367d9 elementor-widget__width-initial elementor-widget-mobile__width-initial elementor-fixed elementor-hidden-tablet elementor-hidden-phone elementor-widget elementor-widget-image\" data-id=\"238367d9\" data-element_type=\"widget\" data-settings=\"{&quot;_position&quot;:&quot;fixed&quot;}\" data-widget_type=\"image.default\">\n\t\t\t\t<div class=\"elementor-widget-container\">\n\t\t\t\t\t\t\t\t\t<div class=\"elementor-image\">\n\t\t\t\t\t\t\t\t\t\t\t\t\t\t\t\t\t\t\t\t\t<img fetchpriority=\"high\" decoding=\"async\" width=\"308\" height=\"444\" src=\"https:\/\/www.samoswine.gr\/wp-content\/uploads\/2024\/09\/\u0391\u039d\u03a4\u0397\u0395\u039cIS-.png\" class=\"attachment-large size-large wp-image-988415\" alt=\"\" srcset=\"https:\/\/www.samoswine.gr\/wp-content\/uploads\/2024\/09\/\u0391\u039d\u03a4\u0397\u0395\u039cIS-.png 308w, https:\/\/www.samoswine.gr\/wp-content\/uploads\/2024\/09\/\u0391\u039d\u03a4\u0397\u0395\u039cIS--208x300.png 208w\" sizes=\"(max-width: 308px) 100vw, 308px\" \/>\t\t\t\t\t\t\t\t\t\t\t\t\t\t\t\t\t\t\t\t\t\t\t\t<\/div>\n\t\t\t\t\t\t\t\t<\/div>\n\t\t\t\t<\/div>\n\t\t\t\t\t<\/div>\n\t\t<\/div>\n\t\t\t\t\t<\/div>\n\t\t<\/section>\n\t\t\t\t\t<\/div>\n\t\t<\/div>\n\t\t\t\t\t<\/div>\n\t\t<\/section>\n\t\t\t\t<\/div>","protected":false},"excerpt":{"rendered":"<p>\u03a0\u03b5\u03c1\u03b9\u03b3\u03c1\u03b1\u03c6\u03ae \u0388\u03bd\u03b1 \u03c5\u03c0\u03ad\u03c1\u03bf\u03c7\u03bf vin de liqueur \u03c0\u03bf\u03c5 \u03c0\u03b1\u03c1\u03ac\u03b3\u03b5\u03c4\u03b1\u03b9 \u03b1\u03c0\u03cc \u03bc\u03bf\u03c3\u03c7\u03ac\u03c4\u03bf \u03c3\u03c4\u03b1\u03c6\u03cd\u03bb\u03b9 \u03c4\u03c9\u03bd \u03b7\u03bc\u03b9\u03bf\u03c1\u03b5\u03b9\u03bd\u03ce\u03bd \u03b1\u03bc\u03c0\u03b5\u03bb\u03ce\u03bd\u03c9\u03bd \u03c4\u03b7\u03c2 \u03a3\u03ac\u03bc\u03bf\u03c5. \u03a3\u03c4\u03b7 \u03c3\u03c5\u03bd\u03ad\u03c7\u03b5\u03b9\u03b1 \u03c4\u03bf \u03ba\u03c1\u03b1\u03c3\u03af \u03c0\u03b1\u03bb\u03b1\u03b9\u03ce\u03bd\u03b5\u03b9 \u03b5\u03c0\u03af 5 \u03c7\u03c1\u03cc\u03bd\u03b9\u03b1 \u03c3\u03b5 \u03b4\u03c1\u03cd\u03b9\u03bd\u03b1 \u03b2\u03b1\u03c1\u03ad\u03bb\u03b9\u03b1, \u03cc\u03c0\u03bf\u03c5 \u03b1\u03c0\u03bf\u03ba\u03c4\u03ac \u03ad\u03bd\u03b1 \u03b5\u03bb\u03ba\u03c5\u03c3\u03c4\u03b9\u03ba\u03cc \u03ba\u03b1\u03c3\u03c4\u03b1\u03bd\u03cc\u03be\u03b1\u03bd\u03b8\u03bf \u03c7\u03c1\u03ce\u03bc\u03b1 \u03ba\u03b1\u03b9 \u03ad\u03bd\u03b1 \u03b3\u03bf\u03b7\u03c4\u03b5\u03c5\u03c4\u03b9\u03ba\u03cc \u03bc\u03c0\u03bf\u03c5\u03ba\u03ad\u03c4\u03bf \u03b1\u03c1\u03c9\u03bc\u03ac\u03c4\u03c9\u03bd \u03c0\u03bf\u03c5 \u03b8\u03c5\u03bc\u03af\u03b6\u03bf\u03c5\u03bd \u03bb\u03bf\u03c5\u03bb\u03bf\u03cd\u03b4\u03b9\u03b1, \u03bc\u03ad\u03bb\u03b9, \u03ba\u03b1\u03c0\u03bd\u03cc, \u03c3\u03bf\u03ba\u03bf\u03bb\u03ac\u03c4\u03b1 \u03ba\u03b1\u03b9 \u03b1\u03c0\u03bf\u03be\u03b7\u03c1\u03b1\u03bc\u03ad\u03bd\u03b1 \u03c6\u03c1\u03bf\u03cd\u03c4\u03b1. \u0391\u03c1\u03ce\u03bc\u03b1\u03c4\u03b1 \u03ba\u03b5\u03c1\u03ae\u03b8\u03c1\u03b1\u03c2, \u03ba\u03b1\u03c1\u03b1\u03bc\u03ad\u03bb\u03b1\u03c2 \u03b2\u03bf\u03c5\u03c4\u03cd\u03c1\u03bf\u03c5, \u03b3\u03bb\u03c5\u03ba\u03ce\u03bd \u03ba\u03bf\u03c5\u03c4\u03b1\u03bb\u03b9\u03bf\u03cd, \u03ba\u03b5\u03c1\u03b1\u03c3\u03b9\u03ce\u03bd \u03c3\u03b5&#8230;<\/p>","protected":false},"featured_media":988122,"comment_status":"closed","ping_status":"closed","template":"","meta":[],"product_brand":[],"product_cat":[65,56],"product_tag":[],"class_list":{"0":"post-987955","1":"product","2":"type-product","3":"status-publish","4":"has-post-thumbnail","6":"product_cat-vin-de-liqueur","7":"product_cat-56","9":"first","10":"instock","11":"shipping-taxable","12":"product-type-simple"},"_links":{"self":[{"href":"https:\/\/www.samoswine.gr\/fr\/wp-json\/wp\/v2\/product\/987955","targetHints":{"allow":["GET"]}}],"collection":[{"href":"https:\/\/www.samoswine.gr\/fr\/wp-json\/wp\/v2\/product"}],"about":[{"href":"https:\/\/www.samoswine.gr\/fr\/wp-json\/wp\/v2\/types\/product"}],"replies":[{"embeddable":true,"href":"https:\/\/www.samoswine.gr\/fr\/wp-json\/wp\/v2\/comments?post=987955"}],"version-history":[{"count":17,"href":"https:\/\/www.samoswine.gr\/fr\/wp-json\/wp\/v2\/product\/987955\/revisions"}],"predecessor-version":[{"id":989482,"href":"https:\/\/www.samoswine.gr\/fr\/wp-json\/wp\/v2\/product\/987955\/revisions\/989482"}],"wp:featuredmedia":[{"embeddable":true,"href":"https:\/\/www.samoswine.gr\/fr\/wp-json\/wp\/v2\/media\/988122"}],"wp:attachment":[{"href":"https:\/\/www.samoswine.gr\/fr\/wp-json\/wp\/v2\/media?parent=987955"}],"wp:term":[{"taxonomy":"product_brand","embeddable":true,"href":"https:\/\/www.samoswine.gr\/fr\/wp-json\/wp\/v2\/product_brand?post=987955"},{"taxonomy":"product_cat","embeddable":true,"href":"https:\/\/www.samoswine.gr\/fr\/wp-json\/wp\/v2\/product_cat?post=987955"},{"taxonomy":"product_tag","embeddable":true,"href":"https:\/\/www.samoswine.gr\/fr\/wp-json\/wp\/v2\/product_tag?post=987955"}],"curies":[{"name":"wp","href":"https:\/\/api.w.org\/{rel}","templated":true}]}}