{"id":987961,"date":"2026-02-05T16:42:53","date_gmt":"2026-02-05T13:42:53","guid":{"rendered":"https:\/\/paragogoiuwc.gr\/?post_type=product&#038;p=987961"},"modified":"2026-03-31T15:15:11","modified_gmt":"2026-03-31T12:15:11","slug":"samos-nectar","status":"publish","type":"product","link":"https:\/\/www.samoswine.gr\/fr\/produit\/samos-nectar\/","title":{"rendered":"Nectar de Samos"},"content":{"rendered":"<div data-elementor-type=\"product-post\" data-elementor-id=\"987961\" class=\"elementor elementor-987961\" data-elementor-post-type=\"product\">\n\t\t\t\t\t\t<section class=\"elementor-section elementor-top-section elementor-element elementor-element-8cbe7c elementor-section-boxed elementor-section-height-default elementor-section-height-default\" data-id=\"8cbe7c\" data-element_type=\"section\">\n\t\t\t\t\t\t<div class=\"elementor-container elementor-column-gap-default\">\n\t\t\t\t\t<div class=\"elementor-column elementor-col-100 elementor-top-column elementor-element elementor-element-51aff4bd\" data-id=\"51aff4bd\" data-element_type=\"column\">\n\t\t\t<div class=\"elementor-widget-wrap elementor-element-populated\">\n\t\t\t\t\t\t<div class=\"elementor-element elementor-element-7bcd21d5 elementor-widget elementor-widget-heading\" data-id=\"7bcd21d5\" data-element_type=\"widget\" data-widget_type=\"heading.default\">\n\t\t\t\t<div class=\"elementor-widget-container\">\n\t\t\t\t\t<h5 class=\"elementor-heading-title elementor-size-default\">Description<\/h5>\t\t\t\t<\/div>\n\t\t\t\t<\/div>\n\t\t\t\t<div class=\"elementor-element elementor-element-5dddc6b9 elementor-widget elementor-widget-text-editor\" data-id=\"5dddc6b9\" data-element_type=\"widget\" data-widget_type=\"text-editor.default\">\n\t\t\t\t<div class=\"elementor-widget-container\">\n\t\t\t\t\t\t\t\t\t<div class=\"woocommerce-product-details__short-description\"><p><span style=\"font-weight: 400;\">Un excellent <\/span><b>vin sec<\/b><span style=\"font-weight: 400;\"> qui perp\u00e9tue l&#039;h\u00e9ritage de la tradition grecque depuis la pr\u00e9histoire jusqu&#039;\u00e0 nos jours. Issu de raisins surm\u00fbris et s\u00e9ch\u00e9s au soleil, et ayant m\u00fbri pendant <\/span><b>6 ans en f\u00fbts de ch\u00eane<\/b><span style=\"font-weight: 400;\">, Ce vin figure parmi les meilleurs au monde. Son bouquet est domin\u00e9 par les raisins secs, le miel et les noix, tandis que sa longue finale r\u00e9v\u00e8le des notes complexes de tabac, de caramel, de noix et d&#039;orange m\u00fbre, avec de subtiles touches de clou de girofle.<\/span><\/p><\/div>\t\t\t\t\t\t\t\t<\/div>\n\t\t\t\t<\/div>\n\t\t\t\t<div class=\"elementor-element elementor-element-442bd746 elementor-widget elementor-widget-heading\" data-id=\"442bd746\" data-element_type=\"widget\" data-widget_type=\"heading.default\">\n\t\t\t\t<div class=\"elementor-widget-container\">\n\t\t\t\t\t<h5 class=\"elementor-heading-title elementor-size-default\">Informations utiles<\/h5>\t\t\t\t<\/div>\n\t\t\t\t<\/div>\n\t\t\t\t<div class=\"elementor-element elementor-element-6875c251 elementor-widget elementor-widget-text-editor\" data-id=\"6875c251\" data-element_type=\"widget\" data-widget_type=\"text-editor.default\">\n\t\t\t\t<div class=\"elementor-widget-container\">\n\t\t\t\t\t\t\t\t\t<p><strong>Combin\u00e9 avec : <br \/><\/strong><\/p><p><span style=\"font-weight: 400;\">Il accompagne \u00e0 merveille les plats aigres-doux et les desserts riches en chocolat, caramel et fruits secs. Il se marie \u00e9galement tr\u00e8s bien avec les fromages affin\u00e9s et fum\u00e9s, et peut m\u00eame conclure un repas en beaut\u00e9.<\/span><\/p><p><b>Temp\u00e9rature de service : <\/b>12 \u2013 14\u00b0C<\/p><p><b>Vari\u00e9t\u00e9: <\/b>Muscat blanc ros\u00e9 de Samos 100%<\/p><p><b>Indication g\u00e9ographique\u00a0:<\/b> Appellation d&#039;origine prot\u00e9g\u00e9e \u00ab Samos \u00bb<\/p>\t\t\t\t\t\t\t\t<\/div>\n\t\t\t\t<\/div>\n\t\t\t\t<div class=\"elementor-element elementor-element-305c1eab elementor-hidden-desktop elementor-hidden-tablet elementor-hidden-mobile elementor-widget elementor-widget-heading\" data-id=\"305c1eab\" data-element_type=\"widget\" data-widget_type=\"heading.default\">\n\t\t\t\t<div class=\"elementor-widget-container\">\n\t\t\t\t\t<h5 class=\"elementor-heading-title elementor-size-default\">Prix<\/h5>\t\t\t\t<\/div>\n\t\t\t\t<\/div>\n\t\t\t\t<section class=\"elementor-section elementor-inner-section elementor-element elementor-element-1be86c14 elementor-hidden-desktop elementor-hidden-tablet elementor-hidden-mobile elementor-section-boxed elementor-section-height-default elementor-section-height-default\" data-id=\"1be86c14\" data-element_type=\"section\">\n\t\t\t\t\t\t<div class=\"elementor-container elementor-column-gap-default\">\n\t\t\t\t\t<div class=\"elementor-column elementor-col-33 elementor-inner-column elementor-element elementor-element-60a51a43\" data-id=\"60a51a43\" data-element_type=\"column\">\n\t\t\t<div class=\"elementor-widget-wrap elementor-element-populated\">\n\t\t\t\t\t\t<div class=\"elementor-element elementor-element-3a55549e elementor-headline--style-highlight elementor-widget elementor-widget-vamtam-animated-headline\" data-id=\"3a55549e\" data-element_type=\"widget\" data-settings=\"{&quot;marker&quot;:&quot;curly&quot;,&quot;highlighted_text&quot;:&quot;92\\\/100&quot;,&quot;headline_style&quot;:&quot;highlight&quot;,&quot;loop&quot;:&quot;yes&quot;,&quot;highlight_animation_duration&quot;:1200,&quot;highlight_iteration_delay&quot;:8000}\" data-widget_type=\"vamtam-animated-headline.default\">\n\t\t\t\t<div class=\"elementor-widget-container\">\n\t\t\t\t\t\t\t\t\t<h5 class=\"elementor-headline\">\n\t\t\t\t\t\t\t\t\t\t\t\t\t\t\t\t\t\t<span class=\"elementor-headline-plain-text elementor-headline-text-wrapper\">Falstaff : <br><\/span>\n\t\t\t\t\t\t\t\t\t\t\t\t<span class=\"elementor-headline-dynamic-wrapper elementor-headline-text-wrapper\">\n\t\t\t\t\t\t\t\t\t\t\t\t\t<span class=\"elementor-headline-dynamic-text elementor-headline-text-active\">92\/100<\/span>\n\t\t\t\t\t\t\t\t\t\t\t\t<\/span>\n\t\t\t\t\t\t\t\t\t\t\t\t\t<span class=\"elementor-headline-plain-text elementor-headline-text-wrapper\">Autriche<\/span>\n\t\t\t\t\t\t\t\t\t\t\t\t\t\t\t\t<\/h5>\n\t\t\t\t\t\t\t\t<\/div>\n\t\t\t\t<\/div>\n\t\t\t\t\t<\/div>\n\t\t<\/div>\n\t\t\t\t<div class=\"elementor-column elementor-col-33 elementor-inner-column elementor-element elementor-element-55fcc772\" data-id=\"55fcc772\" data-element_type=\"column\">\n\t\t\t<div class=\"elementor-widget-wrap elementor-element-populated\">\n\t\t\t\t\t\t<div class=\"elementor-element elementor-element-78b4ecc2 elementor-headline--style-highlight elementor-widget elementor-widget-vamtam-animated-headline\" data-id=\"78b4ecc2\" data-element_type=\"widget\" data-settings=\"{&quot;marker&quot;:&quot;curly&quot;,&quot;highlighted_text&quot;:&quot;94\\\/100&quot;,&quot;headline_style&quot;:&quot;highlight&quot;,&quot;loop&quot;:&quot;yes&quot;,&quot;highlight_animation_duration&quot;:1200,&quot;highlight_iteration_delay&quot;:8000}\" data-widget_type=\"vamtam-animated-headline.default\">\n\t\t\t\t<div class=\"elementor-widget-container\">\n\t\t\t\t\t\t\t\t\t<h5 class=\"elementor-headline\">\n\t\t\t\t\t\t\t\t\t\t\t\t\t\t\t\t\t\t<span class=\"elementor-headline-plain-text elementor-headline-text-wrapper\">Daniele Cernilli : <br><\/span>\n\t\t\t\t\t\t\t\t\t\t\t\t<span class=\"elementor-headline-dynamic-wrapper elementor-headline-text-wrapper\">\n\t\t\t\t\t\t\t\t\t\t\t\t\t<span class=\"elementor-headline-dynamic-text elementor-headline-text-active\">94\/100<\/span>\n\t\t\t\t\t\t\t\t\t\t\t\t<\/span>\n\t\t\t\t\t\t\t\t\t\t\t\t\t<span class=\"elementor-headline-plain-text elementor-headline-text-wrapper\">Italie<\/span>\n\t\t\t\t\t\t\t\t\t\t\t\t\t\t\t\t<\/h5>\n\t\t\t\t\t\t\t\t<\/div>\n\t\t\t\t<\/div>\n\t\t\t\t\t<\/div>\n\t\t<\/div>\n\t\t\t\t<div class=\"elementor-column elementor-col-33 elementor-inner-column elementor-element elementor-element-29cf4a0f\" data-id=\"29cf4a0f\" data-element_type=\"column\">\n\t\t\t<div class=\"elementor-widget-wrap elementor-element-populated\">\n\t\t\t\t\t\t<div class=\"elementor-element elementor-element-6e8c0877 elementor-headline--style-highlight elementor-widget elementor-widget-vamtam-animated-headline\" data-id=\"6e8c0877\" data-element_type=\"widget\" data-settings=\"{&quot;marker&quot;:&quot;curly&quot;,&quot;highlighted_text&quot;:&quot;Tre bicchieri&quot;,&quot;headline_style&quot;:&quot;highlight&quot;,&quot;loop&quot;:&quot;yes&quot;,&quot;highlight_animation_duration&quot;:1200,&quot;highlight_iteration_delay&quot;:8000}\" data-widget_type=\"vamtam-animated-headline.default\">\n\t\t\t\t<div class=\"elementor-widget-container\">\n\t\t\t\t\t\t\t\t\t<h5 class=\"elementor-headline\">\n\t\t\t\t\t\t\t\t\t\t\t\t\t\t\t\t\t\t<span class=\"elementor-headline-plain-text elementor-headline-text-wrapper\">Gambero Rosso\u200b: <br><\/span>\n\t\t\t\t\t\t\t\t\t\t\t\t<span class=\"elementor-headline-dynamic-wrapper elementor-headline-text-wrapper\">\n\t\t\t\t\t\t\t\t\t\t\t\t\t<span class=\"elementor-headline-dynamic-text elementor-headline-text-active\">Trois verres<\/span>\n\t\t\t\t\t\t\t\t\t\t\t\t<\/span>\n\t\t\t\t\t\t\t\t\t\t\t\t\t<span class=\"elementor-headline-plain-text elementor-headline-text-wrapper\">Italie<\/span>\n\t\t\t\t\t\t\t\t\t\t\t\t\t\t\t\t<\/h5>\n\t\t\t\t\t\t\t\t<\/div>\n\t\t\t\t<\/div>\n\t\t\t\t\t<\/div>\n\t\t<\/div>\n\t\t\t\t\t<\/div>\n\t\t<\/section>\n\t\t\t\t<section class=\"elementor-section elementor-inner-section elementor-element elementor-element-312bf28 elementor-section-boxed elementor-section-height-default elementor-section-height-default\" data-id=\"312bf28\" data-element_type=\"section\">\n\t\t\t\t\t\t<div class=\"elementor-container elementor-column-gap-default\">\n\t\t\t\t\t<div class=\"elementor-column elementor-col-100 elementor-inner-column elementor-element elementor-element-56af6a3f\" data-id=\"56af6a3f\" data-element_type=\"column\">\n\t\t\t<div class=\"elementor-widget-wrap elementor-element-populated\">\n\t\t\t\t\t\t<div class=\"elementor-element elementor-element-3a21eb54 elementor-widget__width-initial elementor-widget-mobile__width-initial elementor-fixed elementor-hidden-tablet elementor-hidden-phone elementor-widget elementor-widget-image\" data-id=\"3a21eb54\" data-element_type=\"widget\" data-settings=\"{&quot;_position&quot;:&quot;fixed&quot;}\" data-widget_type=\"image.default\">\n\t\t\t\t<div class=\"elementor-widget-container\">\n\t\t\t\t\t\t\t\t\t<div class=\"elementor-image\">\n\t\t\t\t\t\t\t\t\t\t\t\t\t\t\t\t\t\t\t\t\t<img fetchpriority=\"high\" decoding=\"async\" width=\"308\" height=\"444\" src=\"https:\/\/www.samoswine.gr\/wp-content\/uploads\/2024\/09\/HERMIT-1.png\" class=\"attachment-large size-large wp-image-988411\" alt=\"\" srcset=\"\" sizes=\"(max-width: 308px) 100vw, 308px\" data-srcset=\"\" \/>\t\t\t\t\t\t\t\t\t\t\t\t\t\t\t\t\t\t\t\t\t\t\t\t<\/div>\n\t\t\t\t\t\t\t\t<\/div>\n\t\t\t\t<\/div>\n\t\t\t\t\t<\/div>\n\t\t<\/div>\n\t\t\t\t\t<\/div>\n\t\t<\/section>\n\t\t\t\t\t<\/div>\n\t\t<\/div>\n\t\t\t\t\t<\/div>\n\t\t<\/section>\n\t\t\t\t<\/div>","protected":false},"excerpt":{"rendered":"<p>\u03a0\u03b5\u03c1\u03b9\u03b3\u03c1\u03b1\u03c6\u03ae \u0388\u03bd\u03b1\u03c2 \u03c3\u03c0\u03bf\u03c5\u03b4\u03b1\u03af\u03bf\u03c2 \u03bb\u03b9\u03b1\u03c3\u03c4\u03cc\u03c2 \u03bf\u03af\u03bd\u03bf\u03c2 \u03c0\u03bf\u03c5 \u03ba\u03bf\u03c5\u03b2\u03b1\u03bb\u03ac \u03c4\u03b7\u03bd \u03ba\u03bb\u03b7\u03c1\u03bf\u03bd\u03bf\u03bc\u03b9\u03ac \u03c4\u03b7\u03c2 \u03b5\u03bb\u03bb\u03b7\u03bd\u03b9\u03ba\u03ae\u03c2 \u03c0\u03b1\u03c1\u03ac\u03b4\u03bf\u03c3\u03b7\u03c2 \u03b1\u03c0\u03cc \u03c4\u03bf\u03c5\u03c2 \u03c0\u03c1\u03bf\u03ca\u03c3\u03c4\u03bf\u03c1\u03b9\u03ba\u03bf\u03cd\u03c2 \u03c7\u03c1\u03cc\u03bd\u03bf\u03c5\u03c2 \u03ad\u03c9\u03c2 \u03c3\u03ae\u03bc\u03b5\u03c1\u03b1. \u03a0\u03c1\u03bf\u03b5\u03c1\u03c7\u03cc\u03bc\u03b5\u03bd\u03bf \u03b1\u03c0\u03cc \u03c5\u03c0\u03b5\u03c1\u03ce\u03c1\u03b9\u03bc\u03b1, \u03bb\u03b9\u03b1\u03c3\u03c4\u03ac \u03c3\u03c4\u03b1\u03c6\u03cd\u03bb\u03b9\u03b1 \u03ba\u03b1\u03b9 \u03ad\u03c7\u03bf\u03bd\u03c4\u03b1\u03c2 \u03c9\u03c1\u03b9\u03bc\u03ac\u03c3\u03b5\u03b9 \u03b3\u03b9\u03b1 6 \u03c7\u03c1\u03cc\u03bd\u03b9\u03b1 \u03c3\u03b5 \u03b4\u03c1\u03cd\u03b9\u03bd\u03b1 \u03b2\u03b1\u03c1\u03ad\u03bb\u03b9\u03b1, \u03c4\u03bf \u03ba\u03c1\u03b1\u03c3\u03af \u03b1\u03c5\u03c4\u03cc \u03c3\u03c5\u03b3\u03ba\u03b1\u03c4\u03b1\u03bb\u03ad\u03b3\u03b5\u03c4\u03b1\u03b9 \u03c3\u03c4\u03b1 \u03ba\u03bf\u03c1\u03c5\u03c6\u03b1\u03af\u03b1 \u03c4\u03bf\u03c5 \u03ba\u03cc\u03c3\u03bc\u03bf\u03c5. \u03a3\u03c4\u03bf \u03bc\u03c0\u03bf\u03c5\u03ba\u03ad\u03c4\u03bf \u03c4\u03bf\u03c5 \u03ba\u03c5\u03c1\u03b9\u03b1\u03c1\u03c7\u03bf\u03cd\u03bd \u03b7 \u03c3\u03c4\u03b1\u03c6\u03af\u03b4\u03b1, \u03c4\u03bf \u03bc\u03ad\u03bb\u03b9 \u03ba\u03b1\u03b9 \u03bf\u03b9 \u03be\u03b7\u03c1\u03bf\u03af \u03ba\u03b1\u03c1\u03c0\u03bf\u03af, \u03b5\u03bd\u03ce \u03b7 \u03bc\u03b1\u03ba\u03c1\u03ac&#8230;<\/p>","protected":false},"featured_media":988126,"comment_status":"closed","ping_status":"closed","template":"","meta":[],"product_brand":[],"product_cat":[67,56],"product_tag":[],"class_list":{"0":"post-987961","1":"product","2":"type-product","3":"status-publish","4":"has-post-thumbnail","6":"product_cat-naturellement-doux","7":"product_cat-56","9":"first","10":"instock","11":"shipping-taxable","12":"product-type-simple"},"_links":{"self":[{"href":"https:\/\/www.samoswine.gr\/fr\/wp-json\/wp\/v2\/product\/987961","targetHints":{"allow":["GET"]}}],"collection":[{"href":"https:\/\/www.samoswine.gr\/fr\/wp-json\/wp\/v2\/product"}],"about":[{"href":"https:\/\/www.samoswine.gr\/fr\/wp-json\/wp\/v2\/types\/product"}],"replies":[{"embeddable":true,"href":"https:\/\/www.samoswine.gr\/fr\/wp-json\/wp\/v2\/comments?post=987961"}],"version-history":[{"count":16,"href":"https:\/\/www.samoswine.gr\/fr\/wp-json\/wp\/v2\/product\/987961\/revisions"}],"predecessor-version":[{"id":989481,"href":"https:\/\/www.samoswine.gr\/fr\/wp-json\/wp\/v2\/product\/987961\/revisions\/989481"}],"wp:featuredmedia":[{"embeddable":true,"href":"https:\/\/www.samoswine.gr\/fr\/wp-json\/wp\/v2\/media\/988126"}],"wp:attachment":[{"href":"https:\/\/www.samoswine.gr\/fr\/wp-json\/wp\/v2\/media?parent=987961"}],"wp:term":[{"taxonomy":"product_brand","embeddable":true,"href":"https:\/\/www.samoswine.gr\/fr\/wp-json\/wp\/v2\/product_brand?post=987961"},{"taxonomy":"product_cat","embeddable":true,"href":"https:\/\/www.samoswine.gr\/fr\/wp-json\/wp\/v2\/product_cat?post=987961"},{"taxonomy":"product_tag","embeddable":true,"href":"https:\/\/www.samoswine.gr\/fr\/wp-json\/wp\/v2\/product_tag?post=987961"}],"curies":[{"name":"wp","href":"https:\/\/api.w.org\/{rel}","templated":true}]}}