{"id":987967,"date":"2026-03-09T16:45:32","date_gmt":"2026-03-09T13:45:32","guid":{"rendered":"https:\/\/paragogoiuwc.gr\/?post_type=product&#038;p=987967"},"modified":"2026-03-31T12:41:19","modified_gmt":"2026-03-31T09:41:19","slug":"samos-1963","status":"publish","type":"product","link":"https:\/\/www.samoswine.gr\/fr\/produit\/samos-1963\/","title":{"rendered":"Samos 1963"},"content":{"rendered":"<div data-elementor-type=\"product-post\" data-elementor-id=\"987967\" class=\"elementor elementor-987967\" data-elementor-post-type=\"product\">\n\t\t\t\t\t\t<section class=\"elementor-section elementor-top-section elementor-element elementor-element-78b03da4 elementor-section-boxed elementor-section-height-default elementor-section-height-default\" data-id=\"78b03da4\" data-element_type=\"section\">\n\t\t\t\t\t\t<div class=\"elementor-container elementor-column-gap-default\">\n\t\t\t\t\t<div class=\"elementor-column elementor-col-100 elementor-top-column elementor-element elementor-element-6887bc21\" data-id=\"6887bc21\" data-element_type=\"column\">\n\t\t\t<div class=\"elementor-widget-wrap elementor-element-populated\">\n\t\t\t\t\t\t<div class=\"elementor-element elementor-element-382f27a3 elementor-widget elementor-widget-heading\" data-id=\"382f27a3\" data-element_type=\"widget\" data-widget_type=\"heading.default\">\n\t\t\t\t<div class=\"elementor-widget-container\">\n\t\t\t\t\t<h5 class=\"elementor-heading-title elementor-size-default\">Description<\/h5>\t\t\t\t<\/div>\n\t\t\t\t<\/div>\n\t\t\t\t<div class=\"elementor-element elementor-element-171db9a6 elementor-widget elementor-widget-text-editor\" data-id=\"171db9a6\" data-element_type=\"widget\" data-widget_type=\"text-editor.default\">\n\t\t\t\t<div class=\"elementor-widget-container\">\n\t\t\t\t\t\t\t\t\t<div class=\"woocommerce-product-details__short-description\"><p><b><i>Pendant 60 longues ann\u00e9es, il a attendu comme une \u00ab Belle au bois dormant \u00bb le baiser des amateurs de vin qui allaient \u00ab r\u00e9veiller \u00bb les souvenirs et les ar\u00f4mes du vignoble samien d&#039;une ann\u00e9e marquante pour le Muscat de Samos !<\/i><\/b><span style=\"font-weight: 400;\">\u00a0<\/span><\/p><p><span style=\"font-weight: 400;\">Le <\/span><b>Samos 1963<\/b><span style=\"font-weight: 400;\"> Ce vin fait partie int\u00e9grante de l&#039;histoire du vin grec, car il nous transporte dans le pass\u00e9, ravivant les souvenirs des saveurs et des ar\u00f4mes des ann\u00e9es 60. D&#039;une couleur assez sombre, \u00e9l\u00e9gant, il offre des ar\u00f4mes intenses et complexes de chocolat, de grains de caf\u00e9 torr\u00e9fi\u00e9s, d&#039;\u00e9pices, de m\u00e9lasse, de tabac, de miel, de noix et de figues s\u00e9ch\u00e9es.<\/span><\/p><p><span style=\"font-weight: 400;\">\u0388\u03bd\u03b1\u00a0<\/span><b>\u03c0\u03b1\u03bb\u03b1\u03b9\u03c9\u03bc\u03ad\u03bd\u03bf \u03b5\u03c0\u03af \u03b4\u03b5\u03ba\u03b1\u03b5\u03c4\u03af\u03b5\u03c2 \u03ba\u03c1\u03b1\u03c3\u03af<\/b><span style=\"font-weight: 400;\">, <\/span><b>\u03c3\u03c5\u03bb\u03bb\u03b5\u03ba\u03c4\u03b9\u03ba\u03cc<\/b><span style=\"font-weight: 400;\">, \u03c4\u03bf \u03bf\u03c0\u03bf\u03af\u03bf \u03ba\u03c5\u03ba\u03bb\u03bf\u03c6\u03bf\u03c1\u03b5\u03af \u03c3\u03b5 \u03c0\u03b5\u03c1\u03b9\u03bf\u03c1\u03b9\u03c3\u03bc\u03ad\u03bd\u03bf \u03b1\u03c1\u03b9\u03b8\u03bc\u03cc \u03c6\u03b9\u03b1\u03bb\u03ce\u03bd. \u03a4\u03b1 \u03c7\u03c1\u03cc\u03bd\u03b9\u03b1 \u03b6\u03c9\u03ae\u03c2 \u03c4\u03bf\u03c5 \u03c4\u03bf\u03cd \u03c0\u03c1\u03bf\u03c3\u03b4\u03af\u03b4\u03bf\u03c5\u03bd\u00a0<\/span><b>\u03b1\u03bd\u03b5\u03ba\u03c4\u03af\u03bc\u03b7\u03c4\u03b7 \u03c0\u03bf\u03b9\u03cc\u03c4\u03b7\u03c4\u03b1,<\/b><span style=\"font-weight: 400;\">\u00a0\u03b1\u03bb\u03bb\u03ac \u03ba\u03b1\u03b9 \u03bc\u03b9\u03b1\u00a0<\/span><b>\u03c0\u03c1\u03c9\u03c4\u03cc\u03b3\u03bd\u03c9\u03c1\u03b7 \u03c6\u03c1\u03b5\u03c3\u03ba\u03ac\u03b4\u03b1<\/b><span style=\"font-weight: 400;\">, \u03b7 \u03bf\u03c0\u03bf\u03af\u03b1 \u03b1\u03bd\u03b1\u03b4\u03b5\u03b9\u03ba\u03bd\u03cd\u03b5\u03c4\u03b1\u03b9 \u03b1\u03ba\u03cc\u03bc\u03b7 \u03c0\u03b5\u03c1\u03b9\u03c3\u03c3\u03cc\u03c4\u03b5\u03c1\u03bf \u03b1\u03c0\u03cc \u03c4\u03bf\u03bd\u00a0<\/span><b>\u03c0\u03bb\u03bf\u03cd\u03c4\u03bf \u03c4\u03c9\u03bd \u03c0\u03c5\u03ba\u03bd\u03ce\u03bd \u03b1\u03c1\u03c9\u03bc\u03ac\u03c4\u03c9\u03bd<\/b><span style=\"font-weight: 400;\">, \u03c0\u03bf\u03c5 \u03c0\u03bb\u03b1\u03b9\u03c3\u03b9\u03ce\u03bd\u03bf\u03c5\u03bd \u03c4\u03b7\u00a0<\/span><b>\u03bc\u03bf\u03bd\u03b1\u03b4\u03b9\u03ba\u03ae \u03c4\u03bf\u03c5 \u03b3\u03b5\u03cd\u03c3\u03b7<\/b><span style=\"font-weight: 400;\">.<\/span><\/p><p><b>\u0388\u03bd\u03b1\u03c2 \u03b1\u03bd\u03b5\u03ba\u03c4\u03af\u03bc\u03b7\u03c4\u03bf\u03c2\u00a0 \u03c5\u03b3\u03c1\u03cc\u03c2 \u03b8\u03b7\u03c3\u03b1\u03c5\u03c1\u03cc\u03c2 \u03c3\u03b5 \u03bc\u03c0\u03bf\u03c5\u03ba\u03ac\u03bb\u03b9<\/b><span style=\"font-weight: 400;\">!<\/span><\/p><p><b><i>\u03a0\u03ce\u03c2 \u03bf \u00ab\u03c7\u03b5\u03b9\u03bc\u03ce\u03bd\u03b1\u03c2 \u03c4\u03c9\u03bd \u03c0\u03ac\u03b3\u03c9\u03bd\u00bb \u03ba\u03b1\u03b9 \u03bc\u03b9\u03b1 \u03cc\u03bc\u03bf\u03c1\u03c6\u03b7 \u03ac\u03bd\u03bf\u03b9\u03be\u03b7, \u00ab\u03ad\u03c6\u03c4\u03b9\u03b1\u03be\u03b1\u03bd\u00bb \u03c4\u03bf \u00abSamos 1963\u00bb<\/i><\/b><\/p><p><span style=\"font-weight: 400;\">\u039f \u03c7\u03b5\u03b9\u03bc\u03ce\u03bd\u03b1\u03c2 \u03c4\u03bf\u03c5 1962-1963 \u03ad\u03bc\u03b5\u03b9\u03bd\u03b5 \u03c3\u03c4\u03b7\u03bd \u03b9\u03c3\u03c4\u03bf\u03c1\u03af\u03b1 \u03c9\u03c2 \u03bf \u00ab\u03c7\u03b5\u03b9\u03bc\u03ce\u03bd\u03b1\u03c2 \u03c4\u03c9\u03bd \u03c0\u03ac\u03b3\u03c9\u03bd\u00bb \u03b1\u03c6\u03bf\u03cd \u03c3\u03b5 \u03bf\u03bb\u03cc\u03ba\u03bb\u03b7\u03c1\u03b7 \u03c4\u03b7\u03bd \u0395\u03c5\u03c1\u03ce\u03c0\u03b7 \u03bf\u03b9 \u03ba\u03b1\u03b9\u03c1\u03b9\u03ba\u03ad\u03c2 \u03c3\u03c5\u03bd\u03b8\u03ae\u03ba\u03b5\u03c2 \u03b8\u03cd\u03bc\u03b9\u03b6\u03b1\u03bd\u2026 \u0392\u03cc\u03c1\u03b5\u03b9\u03bf \u03c0\u03cc\u03bb\u03bf.<\/span><\/p><p><span style=\"font-weight: 400;\">\u0391\u03c0\u03cc \u03c4\u03b1 \u03bc\u03ad\u03c3\u03b1 \u0393\u03b5\u03bd\u03ac\u03c1\u03b7 \u03c7\u03b9\u03cc\u03bd\u03b9\u03b6\u03b5 \u03c7\u03c9\u03c1\u03af\u03c2 \u03c3\u03c4\u03b1\u03bc\u03b1\u03c4\u03b7\u03bc\u03cc \u03c3\u03b5 \u03cc\u03bb\u03b7 \u03c4\u03b7\u03bd \u0395\u03bb\u03bb\u03ac\u03b4\u03b1 \u03ba\u03b1\u03b9 \u03b3\u03af\u03bd\u03bf\u03bd\u03c4\u03b1\u03bd \u03c1\u03af\u03c8\u03b5\u03b9\u03c2 \u03b5\u03c6\u03bf\u03b4\u03af\u03c9\u03bd \u03c3\u03b5 \u03b1\u03c0\u03bf\u03ba\u03bb\u03b5\u03b9\u03c3\u03bc\u03ad\u03bd\u03b5\u03c2 \u03c0\u03b5\u03c1\u03b9\u03bf\u03c7\u03ad\u03c2 \u03bb\u03cc\u03b3\u03c9 \u03c0\u03b1\u03b3\u03b5\u03c4\u03bf\u03cd. \u0397 \u03b8\u03b5\u03c1\u03bc\u03bf\u03ba\u03c1\u03b1\u03c3\u03af\u03b1 \u03ba\u03c5\u03bc\u03b1\u03b9\u03bd\u03cc\u03c4\u03b1\u03bd \u03c3\u03b5 \u03c0\u03bf\u03bb\u03bb\u03bf\u03cd\u03c2 \u03b2\u03b1\u03b8\u03bc\u03bf\u03cd\u03c2 \u03c5\u03c0\u03cc \u03c4\u03bf \u03bc\u03b7\u03b4\u03ad\u03bd, \u03ba\u03ac\u03c4\u03b9 \u03c0\u03bf\u03c5 \u03b4\u03b5\u03bd \u03b5\u03af\u03c7\u03b5 \u03be\u03b1\u03bd\u03b1\u03b6\u03ae\u03c3\u03b5\u03b9 \u03b7 \u03c7\u03ce\u03c1\u03b1 \u03bc\u03b1\u03c2! \u03a3\u03c4\u03b7 \u03c3\u03c5\u03bd\u03ad\u03c7\u03b5\u03b9\u03b1, \u03bc\u03b9\u03b1 \u03c0\u03c1\u03c9\u03c4\u03bf\u03c6\u03b1\u03bd\u03ae\u03c2 \u03bd\u03b5\u03c1\u03bf\u03c0\u03bf\u03bd\u03c4\u03ae \u03ad\u03c0\u03bb\u03b7\u03be\u03b5 \u03c4\u03b7 \u03c7\u03ce\u03c1\u03b1 \u03bc\u03b1\u03c2 \u03bc\u03b5 \u03b1\u03c0\u03bf\u03c4\u03ad\u03bb\u03b5\u03c3\u03bc\u03b1 \u03b5\u03ba\u03b1\u03c4\u03bf\u03bd\u03c4\u03ac\u03b4\u03b5\u03c2 \u03c3\u03c0\u03af\u03c4\u03b9\u03b1 \u03ba\u03b1\u03b9 \u03ba\u03b1\u03bb\u03bb\u03b9\u03ad\u03c1\u03b3\u03b5\u03b9\u03b5\u03c2 \u03bd\u03b1 \u03ba\u03b1\u03c4\u03b1\u03c3\u03c4\u03c1\u03b1\u03c6\u03bf\u03cd\u03bd.<\/span><\/p><p><span style=\"font-weight: 400;\">\u039c\u03b9\u03b1 \u03ae\u03c0\u03b9\u03b1 \u03ac\u03bd\u03bf\u03b9\u03be\u03b7 \u03b4\u03b9\u03b1\u03b4\u03ad\u03c7\u03c4\u03b7\u03ba\u03b5 \u03c4\u03b7\u03bd \u03ba\u03b1\u03ba\u03bf\u03ba\u03b1\u03b9\u03c1\u03af\u03b1, \u03c0\u03c1\u03ac\u03b3\u03bc\u03b1 \u03c0\u03bf\u03c5 \u03b5\u03c0\u03ad\u03c4\u03c1\u03b5\u03c8\u03b5 \u03c4\u03b7\u03bd \u03b1\u03bd\u03b8\u03bf\u03c6\u03bf\u03c1\u03af\u03b1 \u03c4\u03bf\u03c5 \u03bc\u03bf\u03c3\u03c7\u03ac\u03c4\u03bf\u03c5 \u03c3\u03c4\u03b1\u03c6\u03c5\u03bb\u03b9\u03bf\u03cd. \u03a4\u03bf \u03b4\u03c1\u03bf\u03c3\u03b5\u03c1\u03cc \u03ba\u03b1\u03bb\u03bf\u03ba\u03b1\u03af\u03c1\u03b9 \u03c0\u03bf\u03c5 \u03b5\u03c0\u03b1\u03ba\u03bf\u03bb\u03bf\u03cd\u03b8\u03b7\u03c3\u03b5, \u03b4\u03b7\u03bc\u03b9\u03bf\u03cd\u03c1\u03b3\u03b7\u03c3\u03b5 \u03c4\u03b9\u03c2 \u03b9\u03b4\u03b1\u03bd\u03b9\u03ba\u03ad\u03c2 \u03ba\u03bb\u03b9\u03bc\u03b1\u03c4\u03bf\u03bb\u03bf\u03b3\u03b9\u03ba\u03ad\u03c2 \u03c3\u03c5\u03bd\u03b8\u03ae\u03ba\u03b5\u03c2 \u03b3\u03b9\u03b1 \u03bc\u03af\u03b1 \u03b5\u03be\u03b1\u03b9\u03c1\u03b5\u03c4\u03b9\u03ba\u03ae \u03b1\u03bc\u03c0\u03b5\u03bb\u03bf\u03c5\u03c1\u03b3\u03b9\u03ba\u03ae \u03c7\u03c1\u03bf\u03bd\u03b9\u03ac \u03c3\u03c4\u03bf \u03bd\u03b7\u03c3\u03af \u03c4\u03b7\u03c2 \u03a3\u03ac\u03bc\u03bf\u03c5. \u00a0\u039f\u03b9 \u03a3\u03b1\u03bc\u03b9\u03ce\u03c4\u03b5\u03c2 \u03b1\u03bc\u03c0\u03b5\u03bb\u03bf\u03c5\u03c1\u03b3\u03bf\u03af \u03b5\u03af\u03c7\u03b1\u03bd \u03c6\u03c1\u03bf\u03bd\u03c4\u03af\u03c3\u03b5\u03b9 \u03bc\u03b5 \u03ba\u03cc\u03c0\u03bf \u03ba\u03b1\u03b9 \u03b1\u03b3\u03ac\u03c0\u03b7 \u03c4\u03b1 \u03b1\u03bc\u03c0\u03ad\u03bb\u03b9\u03b1 \u03c4\u03bf\u03c5\u03c2. \u039f \u03c4\u03c1\u03c5\u03b3\u03b7\u03c4\u03cc\u03c2 \u03c4\u03bf\u03c5 1963 \u03c7\u03b1\u03c1\u03b1\u03ba\u03c4\u03b7\u03c1\u03af\u03c3\u03c4\u03b7\u03ba\u03b5 \u00ab\u03b5\u03ba\u03bb\u03b5\u03ba\u03c4\u03cc\u03c2\u00bb \u03b4\u03af\u03bd\u03bf\u03bd\u03c4\u03b1\u03c2 \u03ad\u03bd\u03b1 \u03b5\u03ba\u03bb\u03b5\u03ba\u03c4\u03cc \u03ba\u03c1\u03b1\u03c3\u03af \u03b5\u03c3\u03bf\u03b4\u03b5\u03af\u03b1\u03c2 1963 \u03c0\u03bf\u03c5 \u03c0\u03b1\u03bb\u03b1\u03af\u03c9\u03c3\u03b5 \u03b3\u03b9\u03b1 \u03c7\u03c1\u03cc\u03bd\u03b9\u03b1 \u03c3\u03b5 \u03bc\u03b9\u03ba\u03c1\u03ac \u03b4\u03c1\u03cd\u03b9\u03bd\u03b1 \u03b2\u03b1\u03c1\u03ad\u03bb\u03b9\u03b1, \u03bc\u03ad\u03c7\u03c1\u03b9 \u03bd\u03b1 \u03c6\u03c4\u03ac\u03c3\u03b5\u03b9 \u03c3\u03ae\u03bc\u03b5\u03c1\u03b1 \u03c3\u03c4\u03b7 \u03c3\u03c5\u03bb\u03bb\u03b5\u03ba\u03c4\u03b9\u03ba\u03ae \u03c6\u03b9\u03ac\u03bb\u03b7 \u03bc\u03b5 \u03c4\u03b7\u03bd \u03bf\u03c0\u03bf\u03af\u03b1 \u03ba\u03c5\u03ba\u03bb\u03bf\u03c6\u03bf\u03c1\u03b5\u03af.<\/span><\/p><\/div>\t\t\t\t\t\t\t\t<\/div>\n\t\t\t\t<\/div>\n\t\t\t\t\t<\/div>\n\t\t<\/div>\n\t\t\t\t\t<\/div>\n\t\t<\/section>\n\t\t<div class=\"elementor-element elementor-element-87f0064 e-flex e-con-boxed e-con e-parent\" data-id=\"87f0064\" data-element_type=\"container\">\n\t\t\t\t\t<div class=\"e-con-inner\">\n\t\t\t\t<div class=\"elementor-element elementor-element-1768c19 elementor-widget elementor-widget-heading\" data-id=\"1768c19\" data-element_type=\"widget\" data-widget_type=\"heading.default\">\n\t\t\t\t<div class=\"elementor-widget-container\">\n\t\t\t\t\t<h5 class=\"elementor-heading-title elementor-size-default\">Informations utiles<\/h5>\t\t\t\t<\/div>\n\t\t\t\t<\/div>\n\t\t\t\t\t<\/div>\n\t\t\t\t<\/div>\n\t\t<div class=\"elementor-element elementor-element-78e1dd7 e-flex e-con-boxed e-con e-parent\" data-id=\"78e1dd7\" data-element_type=\"container\">\n\t\t\t\t\t<div class=\"e-con-inner\">\n\t\t\t\t<div class=\"elementor-element elementor-element-889e2f6 elementor-widget elementor-widget-text-editor\" data-id=\"889e2f6\" data-element_type=\"widget\" data-widget_type=\"text-editor.default\">\n\t\t\t\t<div class=\"elementor-widget-container\">\n\t\t\t\t\t\t\t\t\t<p><b>Temp\u00e9rature de service : <\/b>12 \u2013 14\u00b0C<\/p><p><b>Vari\u00e9t\u00e9: <\/b>Muscat blanc ros\u00e9 de Samos 100%<\/p><p><b>Indication g\u00e9ographique\u00a0:<\/b> Appellation d&#039;origine prot\u00e9g\u00e9e \u00ab Samos \u00bb<\/p>\t\t\t\t\t\t\t\t<\/div>\n\t\t\t\t<\/div>\n\t\t\t\t\t<\/div>\n\t\t\t\t<\/div>\n\t\t\t\t<\/div>","protected":false},"excerpt":{"rendered":"<p>\u03a0\u03b5\u03c1\u03b9\u03b3\u03c1\u03b1\u03c6\u03ae 60 \u03bf\u03bb\u03cc\u03ba\u03bb\u03b7\u03c1\u03b1 \u03c7\u03c1\u03cc\u03bd\u03b9\u03b1 \u03c0\u03b5\u03c1\u03af\u03bc\u03b5\u03bd\u03b5 \u03c3\u03b1\u03bd \u03c4\u03b7\u03bd \u00ab\u03c9\u03c1\u03b1\u03af\u03b1 \u03ba\u03bf\u03b9\u03bc\u03c9\u03bc\u03ad\u03bd\u03b7\u00bb \u03c4\u03bf \u03c6\u03b9\u03bb\u03af \u03c4\u03c9\u03bd \u03bf\u03b9\u03bd\u03bf\u03bb\u03b1\u03c4\u03c1\u03ce\u03bd \u03c0\u03bf\u03c5 \u03b8\u03b1 \u00ab\u03be\u03c5\u03c0\u03bd\u03ae\u03c3\u03bf\u03c5\u03bd\u00bb \u03c4\u03b9\u03c2 \u03bc\u03bd\u03ae\u03bc\u03b5\u03c2 \u03ba\u03b1\u03b9 \u03c4\u03b1 \u03b1\u03c1\u03ce\u03bc\u03b1\u03c4\u03b1 \u03c4\u03bf\u03c5 \u03c3\u03b1\u03bc\u03b9\u03b1\u03ba\u03bf\u03cd \u03b1\u03bc\u03c0\u03b5\u03bb\u03ce\u03bd\u03b1 \u03b1\u03c0\u03cc \u03bc\u03b9\u03b1 \u03c7\u03c1\u03bf\u03bd\u03b9\u03ac-\u03c3\u03c4\u03b1\u03b8\u03bc\u03cc \u03b3\u03b9\u03b1 \u03c4\u03bf\u00a0M\u03bf\u03c3\u03c7\u03ac\u03c4\u03bf \u03a3\u03ac\u03bc\u03bf\u03c5! \u03a4\u03bf Samos 1963 \u03b5\u03af\u03bd\u03b1\u03b9 \u03ba\u03bf\u03bc\u03bc\u03ac\u03c4\u03b9 \u03c4\u03b7\u03c2 \u03b5\u03bb\u03bb\u03b7\u03bd\u03b9\u03ba\u03ae\u03c2 \u03bf\u03b9\u03bd\u03b9\u03ba\u03ae\u03c2 \u03b9\u03c3\u03c4\u03bf\u03c1\u03af\u03b1\u03c2, \u03b1\u03c6\u03bf\u03cd \u03bc\u03b1\u03c2 \u03c4\u03b1\u03be\u03b9\u03b4\u03b5\u03cd\u03b5\u03b9 \u03c0\u03af\u03c3\u03c9 \u03c3\u03c4\u03bf\u03bd \u03c7\u03c1\u03cc\u03bd\u03bf, \u03b1\u03bd\u03b1\u03c3\u03cd\u03c1\u03bf\u03bd\u03c4\u03b1\u03c2 \u03bc\u03bd\u03ae\u03bc\u03b5\u03c2 \u03b3\u03b5\u03cd\u03c3\u03b5\u03c9\u03bd \u03ba\u03b1\u03b9 \u03b1\u03c1\u03ce\u03bc\u03b1\u03c4\u03b1 \u03c4\u03b7\u03c2 \u03b4\u03b5\u03ba\u03b1\u03b5\u03c4\u03af\u03b1\u03c2 \u03c4\u03bf\u03c5 \u038460. \u0391\u03c1\u03ba\u03b5\u03c4\u03ac&#8230;<\/p>","protected":false},"featured_media":988877,"comment_status":"closed","ping_status":"closed","template":"","meta":[],"product_brand":[],"product_cat":[56,61],"product_tag":[],"class_list":{"0":"post-987967","1":"product","2":"type-product","3":"status-publish","4":"has-post-thumbnail","6":"product_cat-56","7":"product_cat-61","9":"first","10":"instock","11":"shipping-taxable","12":"product-type-simple"},"_links":{"self":[{"href":"https:\/\/www.samoswine.gr\/fr\/wp-json\/wp\/v2\/product\/987967","targetHints":{"allow":["GET"]}}],"collection":[{"href":"https:\/\/www.samoswine.gr\/fr\/wp-json\/wp\/v2\/product"}],"about":[{"href":"https:\/\/www.samoswine.gr\/fr\/wp-json\/wp\/v2\/types\/product"}],"replies":[{"embeddable":true,"href":"https:\/\/www.samoswine.gr\/fr\/wp-json\/wp\/v2\/comments?post=987967"}],"version-history":[{"count":38,"href":"https:\/\/www.samoswine.gr\/fr\/wp-json\/wp\/v2\/product\/987967\/revisions"}],"predecessor-version":[{"id":989468,"href":"https:\/\/www.samoswine.gr\/fr\/wp-json\/wp\/v2\/product\/987967\/revisions\/989468"}],"wp:featuredmedia":[{"embeddable":true,"href":"https:\/\/www.samoswine.gr\/fr\/wp-json\/wp\/v2\/media\/988877"}],"wp:attachment":[{"href":"https:\/\/www.samoswine.gr\/fr\/wp-json\/wp\/v2\/media?parent=987967"}],"wp:term":[{"taxonomy":"product_brand","embeddable":true,"href":"https:\/\/www.samoswine.gr\/fr\/wp-json\/wp\/v2\/product_brand?post=987967"},{"taxonomy":"product_cat","embeddable":true,"href":"https:\/\/www.samoswine.gr\/fr\/wp-json\/wp\/v2\/product_cat?post=987967"},{"taxonomy":"product_tag","embeddable":true,"href":"https:\/\/www.samoswine.gr\/fr\/wp-json\/wp\/v2\/product_tag?post=987967"}],"curies":[{"name":"wp","href":"https:\/\/api.w.org\/{rel}","templated":true}]}}