{"id":988213,"date":"2025-01-20T13:46:06","date_gmt":"2025-01-20T10:46:06","guid":{"rendered":"https:\/\/paragogoiuwc.gr\/?post_type=product&#038;p=988213"},"modified":"2026-04-03T12:37:02","modified_gmt":"2026-04-03T09:37:02","slug":"%ce%b2a%ce%b2%ce%b5%ce%bb-%cf%81%ce%bf%ce%b6%ce%ad-%ce%b7%ce%bc%ce%af%ce%be%ce%b7%cf%81%ce%bf","status":"publish","type":"product","link":"https:\/\/www.samoswine.gr\/fr\/produit\/%ce%b2a%ce%b2%ce%b5%ce%bb-%cf%81%ce%bf%ce%b6%ce%ad-%ce%b7%ce%bc%ce%af%ce%be%ce%b7%cf%81%ce%bf\/","title":{"rendered":"vaVeloinos Ros\u00e9 Semi-Sec"},"content":{"rendered":"<div data-elementor-type=\"product-post\" data-elementor-id=\"988213\" class=\"elementor elementor-988213\" data-elementor-post-type=\"product\">\n\t\t\t\t\t\t<section class=\"elementor-section elementor-top-section elementor-element elementor-element-636351e7 elementor-section-boxed elementor-section-height-default elementor-section-height-default\" data-id=\"636351e7\" data-element_type=\"section\">\n\t\t\t\t\t\t<div class=\"elementor-container elementor-column-gap-default\">\n\t\t\t\t\t<div class=\"elementor-column elementor-col-100 elementor-top-column elementor-element elementor-element-39cceda6\" data-id=\"39cceda6\" data-element_type=\"column\">\n\t\t\t<div class=\"elementor-widget-wrap elementor-element-populated\">\n\t\t\t\t\t\t<div class=\"elementor-element elementor-element-55d3105c elementor-widget elementor-widget-heading\" data-id=\"55d3105c\" data-element_type=\"widget\" data-widget_type=\"heading.default\">\n\t\t\t\t<div class=\"elementor-widget-container\">\n\t\t\t\t\t<h5 class=\"elementor-heading-title elementor-size-default\">Description<\/h5>\t\t\t\t<\/div>\n\t\t\t\t<\/div>\n\t\t\t\t<div class=\"elementor-element elementor-element-7271013c elementor-widget elementor-widget-text-editor\" data-id=\"7271013c\" data-element_type=\"widget\" data-widget_type=\"text-editor.default\">\n\t\t\t\t<div class=\"elementor-widget-container\">\n\t\t\t\t\t\t\t\t\t<p>Une excellente combinaison de trois c\u00e9pages autochtones du vignoble samien\u00a0: <strong>Fokiano, Avgoustiati et Mascate<\/strong>. Un nez complexe et envo\u00fbtant, o\u00f9 dominent les ar\u00f4mes de cerisier sauvage et de fleurs de citronnier. En bouche, il est riche, \u00e9quilibr\u00e9 et frais, avec des notes de fruits de d\u00e9but d&#039;\u00e9t\u00e9 et de citron vert. Il repose sur la magnifique acidit\u00e9 du rare c\u00e9page Avgoustiatis, offrant un ar\u00f4me cristallin de cerise \u00e0 noyau et de past\u00e8que, une vivacit\u00e9 savoureuse et une belle structure. La finale, persistante, r\u00e9v\u00e8le une pointe de citron vert qui \u00e9quilibre parfaitement la douceur de ce vin demi-sec.<\/p>\t\t\t\t\t\t\t\t<\/div>\n\t\t\t\t<\/div>\n\t\t\t\t<div class=\"elementor-element elementor-element-717bc51 elementor-widget elementor-widget-heading\" data-id=\"717bc51\" data-element_type=\"widget\" data-widget_type=\"heading.default\">\n\t\t\t\t<div class=\"elementor-widget-container\">\n\t\t\t\t\t<h5 class=\"elementor-heading-title elementor-size-default\">Informations utiles<\/h5>\t\t\t\t<\/div>\n\t\t\t\t<\/div>\n\t\t\t\t<div class=\"elementor-element elementor-element-234e542a elementor-widget elementor-widget-text-editor\" data-id=\"234e542a\" data-element_type=\"widget\" data-widget_type=\"text-editor.default\">\n\t\t\t\t<div class=\"elementor-widget-container\">\n\t\t\t\t\t\t\t\t\t<p><strong>Combin\u00e9 avec : <\/strong><\/p><p>Il accompagne les plats \u00e0 base de pesto, d&#039;huile d&#039;olive et d&#039;herbes fra\u00eeches, ainsi que la cuisine asiatique, comme les sushis, le poisson, les fruits de mer et les l\u00e9gumes grill\u00e9s. Il est \u00e9galement servi avec des plateaux de fromages et des salades de fruits.<\/p><p><strong>Temp\u00e9rature de service : 8 \u00e0 10<sup>\u03bf<\/sup><\/strong><strong>C<\/strong><\/p><p><strong>\u03a0\u03bf\u03b9\u03ba\u03b9\u03bb\u03af\u03b1: \u0391\u03c5\u03b3\u03bf\u03c5\u03c3\u03c4\u03b9\u03ac\u03c4\u03b7\u03c2, \u03a6\u03c9\u03ba\u03b9\u03b1\u03bd\u03cc, \u0386\u03c3\u03c0\u03c1\u03bf \u039c\u03b9\u03ba\u03c1\u03cc\u03c1\u03c9\u03b3\u03bf \u039c\u03bf\u03c3\u03c7\u03ac\u03c4\u03bf \u03a3\u03ac\u03bc\u03bf\u03c5\u00a0<\/strong><\/p><p><strong>Indication g\u00e9ographique : Vin de table<\/strong><\/p>\t\t\t\t\t\t\t\t<\/div>\n\t\t\t\t<\/div>\n\t\t\t\t<div class=\"elementor-element elementor-element-1ac763f8 elementor-hidden-desktop elementor-hidden-tablet elementor-hidden-mobile elementor-widget elementor-widget-heading\" data-id=\"1ac763f8\" data-element_type=\"widget\" data-widget_type=\"heading.default\">\n\t\t\t\t<div class=\"elementor-widget-container\">\n\t\t\t\t\t<h5 class=\"elementor-heading-title elementor-size-default\">Prix<\/h5>\t\t\t\t<\/div>\n\t\t\t\t<\/div>\n\t\t\t\t<section class=\"elementor-section elementor-inner-section elementor-element elementor-element-3448f5fe elementor-hidden-desktop elementor-hidden-tablet elementor-hidden-mobile elementor-section-boxed elementor-section-height-default elementor-section-height-default\" data-id=\"3448f5fe\" data-element_type=\"section\">\n\t\t\t\t\t\t<div class=\"elementor-container elementor-column-gap-default\">\n\t\t\t\t\t<div class=\"elementor-column elementor-col-33 elementor-inner-column elementor-element elementor-element-40f4a595\" data-id=\"40f4a595\" data-element_type=\"column\">\n\t\t\t<div class=\"elementor-widget-wrap elementor-element-populated\">\n\t\t\t\t\t\t<div class=\"elementor-element elementor-element-5bbc79cd elementor-headline--style-highlight elementor-widget elementor-widget-vamtam-animated-headline\" data-id=\"5bbc79cd\" data-element_type=\"widget\" data-settings=\"{&quot;marker&quot;:&quot;curly&quot;,&quot;highlighted_text&quot;:&quot;92\\\/100&quot;,&quot;headline_style&quot;:&quot;highlight&quot;,&quot;loop&quot;:&quot;yes&quot;,&quot;highlight_animation_duration&quot;:1200,&quot;highlight_iteration_delay&quot;:8000}\" data-widget_type=\"vamtam-animated-headline.default\">\n\t\t\t\t<div class=\"elementor-widget-container\">\n\t\t\t\t\t\t\t\t\t<h5 class=\"elementor-headline\">\n\t\t\t\t\t\t\t\t\t\t\t\t\t\t\t\t\t\t<span class=\"elementor-headline-plain-text elementor-headline-text-wrapper\">Falstaff : <br><\/span>\n\t\t\t\t\t\t\t\t\t\t\t\t<span class=\"elementor-headline-dynamic-wrapper elementor-headline-text-wrapper\">\n\t\t\t\t\t\t\t\t\t\t\t\t\t<span class=\"elementor-headline-dynamic-text elementor-headline-text-active\">92\/100<\/span>\n\t\t\t\t\t\t\t\t\t\t\t\t<\/span>\n\t\t\t\t\t\t\t\t\t\t\t\t\t<span class=\"elementor-headline-plain-text elementor-headline-text-wrapper\">Autriche<\/span>\n\t\t\t\t\t\t\t\t\t\t\t\t\t\t\t\t<\/h5>\n\t\t\t\t\t\t\t\t<\/div>\n\t\t\t\t<\/div>\n\t\t\t\t\t<\/div>\n\t\t<\/div>\n\t\t\t\t<div class=\"elementor-column elementor-col-33 elementor-inner-column elementor-element elementor-element-4ff92a16\" data-id=\"4ff92a16\" data-element_type=\"column\">\n\t\t\t<div class=\"elementor-widget-wrap elementor-element-populated\">\n\t\t\t\t\t\t<div class=\"elementor-element elementor-element-4ca6e9be elementor-headline--style-highlight elementor-widget elementor-widget-vamtam-animated-headline\" data-id=\"4ca6e9be\" data-element_type=\"widget\" data-settings=\"{&quot;marker&quot;:&quot;curly&quot;,&quot;highlighted_text&quot;:&quot;94\\\/100&quot;,&quot;headline_style&quot;:&quot;highlight&quot;,&quot;loop&quot;:&quot;yes&quot;,&quot;highlight_animation_duration&quot;:1200,&quot;highlight_iteration_delay&quot;:8000}\" data-widget_type=\"vamtam-animated-headline.default\">\n\t\t\t\t<div class=\"elementor-widget-container\">\n\t\t\t\t\t\t\t\t\t<h5 class=\"elementor-headline\">\n\t\t\t\t\t\t\t\t\t\t\t\t\t\t\t\t\t\t<span class=\"elementor-headline-plain-text elementor-headline-text-wrapper\">Daniele Cernilli : <br><\/span>\n\t\t\t\t\t\t\t\t\t\t\t\t<span class=\"elementor-headline-dynamic-wrapper elementor-headline-text-wrapper\">\n\t\t\t\t\t\t\t\t\t\t\t\t\t<span class=\"elementor-headline-dynamic-text elementor-headline-text-active\">94\/100<\/span>\n\t\t\t\t\t\t\t\t\t\t\t\t<\/span>\n\t\t\t\t\t\t\t\t\t\t\t\t\t<span class=\"elementor-headline-plain-text elementor-headline-text-wrapper\">Italie<\/span>\n\t\t\t\t\t\t\t\t\t\t\t\t\t\t\t\t<\/h5>\n\t\t\t\t\t\t\t\t<\/div>\n\t\t\t\t<\/div>\n\t\t\t\t\t<\/div>\n\t\t<\/div>\n\t\t\t\t<div class=\"elementor-column elementor-col-33 elementor-inner-column elementor-element elementor-element-4eec5322\" data-id=\"4eec5322\" data-element_type=\"column\">\n\t\t\t<div class=\"elementor-widget-wrap elementor-element-populated\">\n\t\t\t\t\t\t<div class=\"elementor-element elementor-element-7faf4732 elementor-headline--style-highlight elementor-widget elementor-widget-vamtam-animated-headline\" data-id=\"7faf4732\" data-element_type=\"widget\" data-settings=\"{&quot;marker&quot;:&quot;curly&quot;,&quot;highlighted_text&quot;:&quot;Tre bicchieri&quot;,&quot;headline_style&quot;:&quot;highlight&quot;,&quot;loop&quot;:&quot;yes&quot;,&quot;highlight_animation_duration&quot;:1200,&quot;highlight_iteration_delay&quot;:8000}\" data-widget_type=\"vamtam-animated-headline.default\">\n\t\t\t\t<div class=\"elementor-widget-container\">\n\t\t\t\t\t\t\t\t\t<h5 class=\"elementor-headline\">\n\t\t\t\t\t\t\t\t\t\t\t\t\t\t\t\t\t\t<span class=\"elementor-headline-plain-text elementor-headline-text-wrapper\">Gambero Rosso\u200b: <br><\/span>\n\t\t\t\t\t\t\t\t\t\t\t\t<span class=\"elementor-headline-dynamic-wrapper elementor-headline-text-wrapper\">\n\t\t\t\t\t\t\t\t\t\t\t\t\t<span class=\"elementor-headline-dynamic-text elementor-headline-text-active\">Trois verres<\/span>\n\t\t\t\t\t\t\t\t\t\t\t\t<\/span>\n\t\t\t\t\t\t\t\t\t\t\t\t\t<span class=\"elementor-headline-plain-text elementor-headline-text-wrapper\">Italie<\/span>\n\t\t\t\t\t\t\t\t\t\t\t\t\t\t\t\t<\/h5>\n\t\t\t\t\t\t\t\t<\/div>\n\t\t\t\t<\/div>\n\t\t\t\t\t<\/div>\n\t\t<\/div>\n\t\t\t\t\t<\/div>\n\t\t<\/section>\n\t\t\t\t<section class=\"elementor-section elementor-inner-section elementor-element elementor-element-190a2aea elementor-section-boxed elementor-section-height-default elementor-section-height-default\" data-id=\"190a2aea\" data-element_type=\"section\">\n\t\t\t\t\t\t<div class=\"elementor-container elementor-column-gap-default\">\n\t\t\t\t\t<div class=\"elementor-column elementor-col-100 elementor-inner-column elementor-element elementor-element-148e6439\" data-id=\"148e6439\" data-element_type=\"column\">\n\t\t\t<div class=\"elementor-widget-wrap elementor-element-populated\">\n\t\t\t\t\t\t<div class=\"elementor-element elementor-element-28f65211 elementor-widget__width-initial elementor-widget-mobile__width-initial elementor-fixed elementor-hidden-tablet elementor-hidden-phone elementor-widget elementor-widget-image\" data-id=\"28f65211\" data-element_type=\"widget\" data-settings=\"{&quot;_position&quot;:&quot;fixed&quot;}\" data-widget_type=\"image.default\">\n\t\t\t\t<div class=\"elementor-widget-container\">\n\t\t\t\t\t\t\t\t\t<div class=\"elementor-image\">\n\t\t\t\t\t\t\t\t\t\t\t\t\t\t\t\t\t\t\t\t\t<img fetchpriority=\"high\" decoding=\"async\" width=\"308\" height=\"444\" src=\"https:\/\/www.samoswine.gr\/wp-content\/uploads\/2025\/01\/BABEL-ROZE.png\" class=\"attachment-large size-large wp-image-988215\" alt=\"\" srcset=\"\" sizes=\"(max-width: 308px) 100vw, 308px\" data-srcset=\"\" \/>\t\t\t\t\t\t\t\t\t\t\t\t\t\t\t\t\t\t\t\t\t\t\t\t<\/div>\n\t\t\t\t\t\t\t\t<\/div>\n\t\t\t\t<\/div>\n\t\t\t\t\t<\/div>\n\t\t<\/div>\n\t\t\t\t\t<\/div>\n\t\t<\/section>\n\t\t\t\t\t<\/div>\n\t\t<\/div>\n\t\t\t\t\t<\/div>\n\t\t<\/section>\n\t\t\t\t<\/div>","protected":false},"excerpt":{"rendered":"<p>\u03a0\u03b5\u03c1\u03b9\u03b3\u03c1\u03b1\u03c6\u03ae \u0388\u03bd\u03b1\u03c2 \u03b5\u03be\u03b1\u03b9\u03c1\u03b5\u03c4\u03b9\u03ba\u03cc\u03c2 \u03c3\u03c5\u03bd\u03b4\u03c5\u03b1\u03c3\u03bc\u03cc\u03c2 \u03c4\u03c1\u03b9\u03ce\u03bd \u03b3\u03b7\u03b3\u03b5\u03bd\u03ce\u03bd \u03c0\u03bf\u03b9\u03ba\u03b9\u03bb\u03b9\u03ce\u03bd \u03c4\u03bf\u03c5 \u03c3\u03b1\u03bc\u03b9\u03b1\u03ba\u03bf\u03cd \u03b1\u03bc\u03c0\u03b5\u03bb\u03ce\u03bd\u03b1: \u03a6\u03c9\u03ba\u03b9\u03b1\u03bd\u03cc, \u0391\u03c5\u03b3\u03bf\u03c5\u03c3\u03c4\u03b9\u03ac\u03c4\u03b7 \u03ba\u03b1\u03b9 \u039c\u03bf\u03c3\u03c7\u03ac\u03c4\u03bf. \u039c\u03cd\u03c4\u03b7 \u03c3\u03cd\u03bd\u03b8\u03b5\u03c4\u03b7 \u03ba\u03b1\u03b9 \u03b3\u03bf\u03b7\u03c4\u03b5\u03c5\u03c4\u03b9\u03ba\u03ae, \u03cc\u03c0\u03bf\u03c5 \u03c0\u03c1\u03c9\u03c4\u03b1\u03b3\u03c9\u03bd\u03b9\u03c3\u03c4\u03bf\u03cd\u03bd \u03b1\u03c1\u03ce\u03bc\u03b1\u03c4\u03b1 \u03b1\u03b3\u03c1\u03b9\u03bf\u03ba\u03ad\u03c1\u03b1\u03c3\u03bf\u03c5 \u03ba\u03b1\u03b9 \u03bb\u03b5\u03bc\u03bf\u03bd\u03bf\u03b1\u03bd\u03b8\u03ce\u03bd. \u03a3\u03c4\u03bf \u03c3\u03c4\u03cc\u03bc\u03b1 \u03b5\u03af\u03bd\u03b1\u03b9 \u03c0\u03bb\u03bf\u03cd\u03c3\u03b9\u03bf, \u03b9\u03c3\u03bf\u03c1\u03c1\u03bf\u03c0\u03b7\u03bc\u03ad\u03bd\u03bf \u03ba\u03b1\u03b9 \u03b4\u03c1\u03bf\u03c3\u03b5\u03c1\u03cc, \u03bc\u03b5 \u03bd\u03cc\u03c4\u03b5\u03c2 \u03c0\u03c1\u03ce\u03b9\u03bc\u03c9\u03bd \u03ba\u03b1\u03bb\u03bf\u03ba\u03b1\u03b9\u03c1\u03b9\u03bd\u03ce\u03bd \u03c6\u03c1\u03bf\u03cd\u03c4\u03c9\u03bd \u03ba\u03b1\u03b9 \u03c0\u03c1\u03ac\u03c3\u03b9\u03bd\u03bf\u03c5 \u03bb\u03b5\u03bc\u03bf\u03bd\u03b9\u03bf\u03cd. \u03a0\u03b1\u03c4\u03ac\u03b5\u03b9 \u03c0\u03ac\u03bd\u03c9 \u03c3\u03c4\u03b7\u03bd \u03c5\u03c0\u03ad\u03c1\u03bf\u03c7\u03b7 \u03bf\u03be\u03cd\u03c4\u03b7\u03c4\u03b1 \u03c4\u03bf\u03c5 \u03c3\u03c0\u03ac\u03bd\u03b9\u03bf\u03c5 \u0391\u03c5\u03b3\u03bf\u03c5\u03c3\u03c4\u03b9\u03ac\u03c4\u03b7, \u03c0\u03c1\u03bf\u03c3\u03c6\u03ad\u03c1\u03bf\u03bd\u03c4\u03b1\u03c2 \u03c0\u03b5\u03bd\u03c4\u03b1\u03ba\u03ac\u03b8\u03b1\u03c1\u03bf \u03ac\u03c1\u03c9\u03bc\u03b1 \u03c0\u03b5\u03c4\u03c1\u03bf\u03ba\u03ad\u03c1\u03b1\u03c3\u03bf\u03c5 \u03ba\u03b1\u03b9 \u03ba\u03b1\u03c1\u03c0\u03bf\u03c5\u03b6\u03b9\u03bf\u03cd, \u03b3\u03b5\u03c5\u03c3\u03c4\u03b9\u03ba\u03ae \u03b6\u03c9\u03b7\u03c1\u03ac\u03b4\u03b1&#8230;<\/p>","protected":false},"featured_media":988530,"comment_status":"closed","ping_status":"closed","template":"","meta":[],"product_brand":[],"product_cat":[60],"product_tag":[],"class_list":{"0":"post-988213","1":"product","2":"type-product","3":"status-publish","4":"has-post-thumbnail","6":"product_cat-60","8":"first","9":"instock","10":"shipping-taxable","11":"product-type-simple"},"_links":{"self":[{"href":"https:\/\/www.samoswine.gr\/fr\/wp-json\/wp\/v2\/product\/988213","targetHints":{"allow":["GET"]}}],"collection":[{"href":"https:\/\/www.samoswine.gr\/fr\/wp-json\/wp\/v2\/product"}],"about":[{"href":"https:\/\/www.samoswine.gr\/fr\/wp-json\/wp\/v2\/types\/product"}],"replies":[{"embeddable":true,"href":"https:\/\/www.samoswine.gr\/fr\/wp-json\/wp\/v2\/comments?post=988213"}],"version-history":[{"count":19,"href":"https:\/\/www.samoswine.gr\/fr\/wp-json\/wp\/v2\/product\/988213\/revisions"}],"predecessor-version":[{"id":989599,"href":"https:\/\/www.samoswine.gr\/fr\/wp-json\/wp\/v2\/product\/988213\/revisions\/989599"}],"wp:featuredmedia":[{"embeddable":true,"href":"https:\/\/www.samoswine.gr\/fr\/wp-json\/wp\/v2\/media\/988530"}],"wp:attachment":[{"href":"https:\/\/www.samoswine.gr\/fr\/wp-json\/wp\/v2\/media?parent=988213"}],"wp:term":[{"taxonomy":"product_brand","embeddable":true,"href":"https:\/\/www.samoswine.gr\/fr\/wp-json\/wp\/v2\/product_brand?post=988213"},{"taxonomy":"product_cat","embeddable":true,"href":"https:\/\/www.samoswine.gr\/fr\/wp-json\/wp\/v2\/product_cat?post=988213"},{"taxonomy":"product_tag","embeddable":true,"href":"https:\/\/www.samoswine.gr\/fr\/wp-json\/wp\/v2\/product_tag?post=988213"}],"curies":[{"name":"wp","href":"https:\/\/api.w.org\/{rel}","templated":true}]}}