{"id":988348,"date":"2025-04-30T13:27:20","date_gmt":"2025-04-30T10:27:20","guid":{"rendered":"https:\/\/paragogoiuwc.gr\/?post_type=product&#038;p=988348"},"modified":"2026-02-10T16:52:05","modified_gmt":"2026-02-10T13:52:05","slug":"%ce%b2a%ce%b2%ce%b5%ce%bb-%ce%bb%ce%b5%cf%85%ce%ba%cf%8c-%ce%b7%ce%bc%ce%af%ce%be%ce%b7%cf%81%ce%bf","status":"publish","type":"product","link":"https:\/\/www.samoswine.gr\/fr\/produit\/%ce%b2a%ce%b2%ce%b5%ce%bb-%ce%bb%ce%b5%cf%85%ce%ba%cf%8c-%ce%b7%ce%bc%ce%af%ce%be%ce%b7%cf%81%ce%bf\/","title":{"rendered":"bAVeloinos Blanc Semi-Sec"},"content":{"rendered":"<div data-elementor-type=\"product-post\" data-elementor-id=\"988348\" class=\"elementor elementor-988348\" data-elementor-post-type=\"product\">\n\t\t\t\t\t\t<section class=\"elementor-section elementor-top-section elementor-element elementor-element-802ba03 elementor-section-boxed elementor-section-height-default elementor-section-height-default\" data-id=\"802ba03\" data-element_type=\"section\">\n\t\t\t\t\t\t<div class=\"elementor-container elementor-column-gap-default\">\n\t\t\t\t\t<div class=\"elementor-column elementor-col-100 elementor-top-column elementor-element elementor-element-06f5b5e\" data-id=\"06f5b5e\" data-element_type=\"column\">\n\t\t\t<div class=\"elementor-widget-wrap elementor-element-populated\">\n\t\t\t\t\t\t<div class=\"elementor-element elementor-element-517323a elementor-widget elementor-widget-heading\" data-id=\"517323a\" data-element_type=\"widget\" data-widget_type=\"heading.default\">\n\t\t\t\t<div class=\"elementor-widget-container\">\n\t\t\t\t\t<h5 class=\"elementor-heading-title elementor-size-default\">Description<\/h5>\t\t\t\t<\/div>\n\t\t\t\t<\/div>\n\t\t\t\t<div class=\"elementor-element elementor-element-c271672 elementor-widget elementor-widget-text-editor\" data-id=\"c271672\" data-element_type=\"widget\" data-widget_type=\"text-editor.default\">\n\t\t\t\t<div class=\"elementor-widget-container\">\n\t\t\t\t\t\t\t\t\t<div class=\"woocommerce-product-details__short-description\"><p>Ceci est un <strong>vin monoc\u00e9page<\/strong> Issu de raisins muscat provenant de vignobles semi-montagnards, ce vin pr\u00e9sente les caract\u00e9ristiques remarquables de ce c\u00e9page noble. Ses ar\u00f4mes \u00e9voquent d&#039;abord le raisin lui-m\u00eame, puis, dans une moindre mesure, des fruits frais et m\u00fbrs tels que l&#039;abricot, la pomme et les agrumes. On y per\u00e7oit \u00e9galement des notes de fruits exotiques comme la banane, le litchi, l&#039;ananas, la mangue et le kiwi.<\/p><\/div>\t\t\t\t\t\t\t\t<\/div>\n\t\t\t\t<\/div>\n\t\t\t\t<div class=\"elementor-element elementor-element-0e91833 elementor-widget elementor-widget-heading\" data-id=\"0e91833\" data-element_type=\"widget\" data-widget_type=\"heading.default\">\n\t\t\t\t<div class=\"elementor-widget-container\">\n\t\t\t\t\t<h5 class=\"elementor-heading-title elementor-size-default\">Informations utiles<\/h5>\t\t\t\t<\/div>\n\t\t\t\t<\/div>\n\t\t\t\t<div class=\"elementor-element elementor-element-f23f7e7 elementor-widget elementor-widget-text-editor\" data-id=\"f23f7e7\" data-element_type=\"widget\" data-widget_type=\"text-editor.default\">\n\t\t\t\t<div class=\"elementor-widget-container\">\n\t\t\t\t\t\t\t\t\t<p><strong>Combin\u00e9 avec : <\/strong><\/p><p>Id\u00e9al pour accompagner les plateaux de fruits, de noix et de fromages.<\/p><p><strong>Temp\u00e9rature de service : 8 \u00e0 10<sup>\u03bf<\/sup><\/strong><strong>C<\/strong><\/p><p><strong>C\u00e9page : Muscat blanc \u00e0 petits raisins de Samos 100%<\/strong><\/p><p><strong>Indication g\u00e9ographique : Vin de table<\/strong><\/p>\t\t\t\t\t\t\t\t<\/div>\n\t\t\t\t<\/div>\n\t\t\t\t<div class=\"elementor-element elementor-element-2f46d5a elementor-hidden-desktop elementor-hidden-tablet elementor-hidden-mobile elementor-widget elementor-widget-heading\" data-id=\"2f46d5a\" data-element_type=\"widget\" data-widget_type=\"heading.default\">\n\t\t\t\t<div class=\"elementor-widget-container\">\n\t\t\t\t\t<h5 class=\"elementor-heading-title elementor-size-default\">Prix<\/h5>\t\t\t\t<\/div>\n\t\t\t\t<\/div>\n\t\t\t\t<section class=\"elementor-section elementor-inner-section elementor-element elementor-element-d02a2e1 elementor-hidden-desktop elementor-hidden-tablet elementor-hidden-mobile elementor-section-boxed elementor-section-height-default elementor-section-height-default\" data-id=\"d02a2e1\" data-element_type=\"section\">\n\t\t\t\t\t\t<div class=\"elementor-container elementor-column-gap-default\">\n\t\t\t\t\t<div class=\"elementor-column elementor-col-33 elementor-inner-column elementor-element elementor-element-181a33c\" data-id=\"181a33c\" data-element_type=\"column\">\n\t\t\t<div class=\"elementor-widget-wrap elementor-element-populated\">\n\t\t\t\t\t\t<div class=\"elementor-element elementor-element-1ce851a elementor-headline--style-highlight elementor-widget elementor-widget-vamtam-animated-headline\" data-id=\"1ce851a\" data-element_type=\"widget\" data-settings=\"{&quot;marker&quot;:&quot;curly&quot;,&quot;highlighted_text&quot;:&quot;92\\\/100&quot;,&quot;headline_style&quot;:&quot;highlight&quot;,&quot;loop&quot;:&quot;yes&quot;,&quot;highlight_animation_duration&quot;:1200,&quot;highlight_iteration_delay&quot;:8000}\" data-widget_type=\"vamtam-animated-headline.default\">\n\t\t\t\t<div class=\"elementor-widget-container\">\n\t\t\t\t\t\t\t\t\t<h5 class=\"elementor-headline\">\n\t\t\t\t\t\t\t\t\t\t\t\t\t\t\t\t\t\t<span class=\"elementor-headline-plain-text elementor-headline-text-wrapper\">Falstaff : <br><\/span>\n\t\t\t\t\t\t\t\t\t\t\t\t<span class=\"elementor-headline-dynamic-wrapper elementor-headline-text-wrapper\">\n\t\t\t\t\t\t\t\t\t\t\t\t\t<span class=\"elementor-headline-dynamic-text elementor-headline-text-active\">92\/100<\/span>\n\t\t\t\t\t\t\t\t\t\t\t\t<\/span>\n\t\t\t\t\t\t\t\t\t\t\t\t\t<span class=\"elementor-headline-plain-text elementor-headline-text-wrapper\">Autriche<\/span>\n\t\t\t\t\t\t\t\t\t\t\t\t\t\t\t\t<\/h5>\n\t\t\t\t\t\t\t\t<\/div>\n\t\t\t\t<\/div>\n\t\t\t\t\t<\/div>\n\t\t<\/div>\n\t\t\t\t<div class=\"elementor-column elementor-col-33 elementor-inner-column elementor-element elementor-element-f12f33e\" data-id=\"f12f33e\" data-element_type=\"column\">\n\t\t\t<div class=\"elementor-widget-wrap elementor-element-populated\">\n\t\t\t\t\t\t<div class=\"elementor-element elementor-element-ec612e0 elementor-headline--style-highlight elementor-widget elementor-widget-vamtam-animated-headline\" data-id=\"ec612e0\" data-element_type=\"widget\" data-settings=\"{&quot;marker&quot;:&quot;curly&quot;,&quot;highlighted_text&quot;:&quot;94\\\/100&quot;,&quot;headline_style&quot;:&quot;highlight&quot;,&quot;loop&quot;:&quot;yes&quot;,&quot;highlight_animation_duration&quot;:1200,&quot;highlight_iteration_delay&quot;:8000}\" data-widget_type=\"vamtam-animated-headline.default\">\n\t\t\t\t<div class=\"elementor-widget-container\">\n\t\t\t\t\t\t\t\t\t<h5 class=\"elementor-headline\">\n\t\t\t\t\t\t\t\t\t\t\t\t\t\t\t\t\t\t<span class=\"elementor-headline-plain-text elementor-headline-text-wrapper\">Daniele Cernilli : <br><\/span>\n\t\t\t\t\t\t\t\t\t\t\t\t<span class=\"elementor-headline-dynamic-wrapper elementor-headline-text-wrapper\">\n\t\t\t\t\t\t\t\t\t\t\t\t\t<span class=\"elementor-headline-dynamic-text elementor-headline-text-active\">94\/100<\/span>\n\t\t\t\t\t\t\t\t\t\t\t\t<\/span>\n\t\t\t\t\t\t\t\t\t\t\t\t\t<span class=\"elementor-headline-plain-text elementor-headline-text-wrapper\">Italie<\/span>\n\t\t\t\t\t\t\t\t\t\t\t\t\t\t\t\t<\/h5>\n\t\t\t\t\t\t\t\t<\/div>\n\t\t\t\t<\/div>\n\t\t\t\t\t<\/div>\n\t\t<\/div>\n\t\t\t\t<div class=\"elementor-column elementor-col-33 elementor-inner-column elementor-element elementor-element-6dd842e\" data-id=\"6dd842e\" data-element_type=\"column\">\n\t\t\t<div class=\"elementor-widget-wrap elementor-element-populated\">\n\t\t\t\t\t\t<div class=\"elementor-element elementor-element-34c26c0 elementor-headline--style-highlight elementor-widget elementor-widget-vamtam-animated-headline\" data-id=\"34c26c0\" data-element_type=\"widget\" data-settings=\"{&quot;marker&quot;:&quot;curly&quot;,&quot;highlighted_text&quot;:&quot;Tre bicchieri&quot;,&quot;headline_style&quot;:&quot;highlight&quot;,&quot;loop&quot;:&quot;yes&quot;,&quot;highlight_animation_duration&quot;:1200,&quot;highlight_iteration_delay&quot;:8000}\" data-widget_type=\"vamtam-animated-headline.default\">\n\t\t\t\t<div class=\"elementor-widget-container\">\n\t\t\t\t\t\t\t\t\t<h5 class=\"elementor-headline\">\n\t\t\t\t\t\t\t\t\t\t\t\t\t\t\t\t\t\t<span class=\"elementor-headline-plain-text elementor-headline-text-wrapper\">Gambero Rosso\u200b: <br><\/span>\n\t\t\t\t\t\t\t\t\t\t\t\t<span class=\"elementor-headline-dynamic-wrapper elementor-headline-text-wrapper\">\n\t\t\t\t\t\t\t\t\t\t\t\t\t<span class=\"elementor-headline-dynamic-text elementor-headline-text-active\">Trois verres<\/span>\n\t\t\t\t\t\t\t\t\t\t\t\t<\/span>\n\t\t\t\t\t\t\t\t\t\t\t\t\t<span class=\"elementor-headline-plain-text elementor-headline-text-wrapper\">Italie<\/span>\n\t\t\t\t\t\t\t\t\t\t\t\t\t\t\t\t<\/h5>\n\t\t\t\t\t\t\t\t<\/div>\n\t\t\t\t<\/div>\n\t\t\t\t\t<\/div>\n\t\t<\/div>\n\t\t\t\t\t<\/div>\n\t\t<\/section>\n\t\t\t\t<section class=\"elementor-section elementor-inner-section elementor-element elementor-element-ab2aee1 elementor-section-boxed elementor-section-height-default elementor-section-height-default\" data-id=\"ab2aee1\" data-element_type=\"section\">\n\t\t\t\t\t\t<div class=\"elementor-container elementor-column-gap-default\">\n\t\t\t\t\t<div class=\"elementor-column elementor-col-100 elementor-inner-column elementor-element elementor-element-b2afd25\" data-id=\"b2afd25\" data-element_type=\"column\">\n\t\t\t<div class=\"elementor-widget-wrap elementor-element-populated\">\n\t\t\t\t\t\t<div class=\"elementor-element elementor-element-32dc205 elementor-widget__width-initial elementor-widget-mobile__width-initial elementor-fixed elementor-hidden-tablet elementor-hidden-phone elementor-widget elementor-widget-image\" data-id=\"32dc205\" data-element_type=\"widget\" data-settings=\"{&quot;_position&quot;:&quot;fixed&quot;}\" data-widget_type=\"image.default\">\n\t\t\t\t<div class=\"elementor-widget-container\">\n\t\t\t\t\t\t\t\t\t<div class=\"elementor-image\">\n\t\t\t\t\t\t\t\t\t\t\t\t\t\t\t\t\t\t\t\t\t<img fetchpriority=\"high\" decoding=\"async\" width=\"308\" height=\"444\" src=\"https:\/\/www.samoswine.gr\/wp-content\/uploads\/2025\/04\/vaveloinos-aspros.png\" class=\"attachment-large size-large wp-image-989111\" alt=\"\" srcset=\"https:\/\/www.samoswine.gr\/wp-content\/uploads\/2025\/04\/vaveloinos-aspros.png 308w, https:\/\/www.samoswine.gr\/wp-content\/uploads\/2025\/04\/vaveloinos-aspros-208x300.png 208w, https:\/\/www.samoswine.gr\/wp-content\/uploads\/2025\/04\/vaveloinos-aspros-8x12.png 8w\" sizes=\"(max-width: 308px) 100vw, 308px\" \/>\t\t\t\t\t\t\t\t\t\t\t\t\t\t\t\t\t\t\t\t\t\t\t\t<\/div>\n\t\t\t\t\t\t\t\t<\/div>\n\t\t\t\t<\/div>\n\t\t\t\t\t<\/div>\n\t\t<\/div>\n\t\t\t\t\t<\/div>\n\t\t<\/section>\n\t\t\t\t\t<\/div>\n\t\t<\/div>\n\t\t\t\t\t<\/div>\n\t\t<\/section>\n\t\t\t\t<\/div>","protected":false},"excerpt":{"rendered":"<p>\u03a0\u03b5\u03c1\u03b9\u03b3\u03c1\u03b1\u03c6\u03ae \u03a0\u03c1\u03cc\u03ba\u03b5\u03b9\u03c4\u03b1\u03b9 \u03b3\u03b9\u03b1 \u03ad\u03bd\u03b1 \u03ba\u03c1\u03b1\u03c3\u03af \u03bc\u03bf\u03bd\u03bf\u03c0\u03bf\u03b9\u03ba\u03b9\u03bb\u03b9\u03b1\u03ba\u03cc \u03b1\u03c0\u03cc \u039c\u03bf\u03c3\u03c7\u03ac\u03c4\u03bf \u03c3\u03c4\u03b1\u03c6\u03cd\u03bb\u03b9, \u03c0\u03c1\u03bf\u03b5\u03c1\u03c7\u03cc\u03bc\u03b5\u03bd\u03bf \u03b1\u03c0\u03cc \u03b7\u03bc\u03b9\u03bf\u03c1\u03b5\u03b9\u03bd\u03bf\u03cd\u03c2 \u03b1\u03bc\u03c0\u03b5\u03bb\u03ce\u03bd\u03b5\u03c2. \u03a4\u03bf \u03c3\u03c5\u03b3\u03ba\u03b5\u03ba\u03c1\u03b9\u03bc\u03ad\u03bd\u03bf \u03ba\u03c1\u03b1\u03c3\u03af \u03c6\u03ad\u03c1\u03b5\u03b9 \u03c4\u03b1 \u03b5\u03bd\u03c4\u03c5\u03c0\u03c9\u03c3\u03b9\u03b1\u03ba\u03ac \u03c7\u03b1\u03c1\u03b1\u03ba\u03c4\u03b7\u03c1\u03b9\u03c3\u03c4\u03b9\u03ba\u03ac \u03c4\u03b7\u03c2 \u03b5\u03c5\u03b3\u03b5\u03bd\u03bf\u03cd\u03c2 \u03c0\u03bf\u03b9\u03ba\u03b9\u03bb\u03af\u03b1\u03c2 \u03c4\u03bf\u03c5 \u03bc\u03bf\u03c3\u03c7\u03ac\u03c4\u03bf\u03c5. \u03a4\u03b1 \u03b1\u03c1\u03ce\u03bc\u03b1\u03c4\u03ac \u03c4\u03bf\u03c5 \u03c0\u03b1\u03c1\u03b1\u03c0\u03ad\u03bc\u03c0\u03bf\u03c5\u03bd \u03ba\u03b1\u03c4\u03b1\u03c1\u03c7\u03ac\u03c2 \u03c3\u03c4\u03bf \u03af\u03b4\u03b9\u03bf \u03c4\u03bf \u03c3\u03c4\u03b1\u03c6\u03cd\u03bb\u03b9 \u03ba\u03b1\u03b9 \u03c3\u03b5 \u03b4\u03b5\u03c5\u03c4\u03b5\u03c1\u03bf\u03b3\u03b5\u03bd\u03ae \u03b1\u03bd\u03ac\u03b3\u03bd\u03c9\u03c3\u03b7 \u03c3\u03b5 \u03c6\u03c1\u03ad\u03c3\u03ba\u03b1 \u03ba\u03b1\u03b9 \u03ce\u03c1\u03b9\u03bc\u03b1 \u03c6\u03c1\u03bf\u03cd\u03c4\u03b1, \u03cc\u03c0\u03c9\u03c2 \u03b2\u03b5\u03c1\u03af\u03ba\u03bf\u03ba\u03b1, \u03bc\u03ae\u03bb\u03b1 \u03ba\u03b1\u03b9 \u03b5\u03c3\u03c0\u03b5\u03c1\u03b9\u03b4\u03bf\u03b5\u03b9\u03b4\u03ae. \u0395\u03c0\u03af\u03c3\u03b7\u03c2, \u03b5\u03af\u03bd\u03b1\u03b9 \u03b4\u03b9\u03b1\u03ba\u03c1\u03b9\u03c4\u03ac \u03ba\u03ac\u03c0\u03bf\u03b9\u03b1 \u03b5\u03be\u03c9\u03c4\u03b9\u03ba\u03ac \u03c6\u03c1\u03bf\u03cd\u03c4\u03b1, \u03cc\u03c0\u03c9\u03c2&#8230;<\/p>","protected":false},"featured_media":988533,"comment_status":"open","ping_status":"closed","template":"","meta":[],"product_brand":[],"product_cat":[60],"product_tag":[],"class_list":{"0":"post-988348","1":"product","2":"type-product","3":"status-publish","4":"has-post-thumbnail","6":"product_cat-60","8":"first","9":"instock","10":"shipping-taxable","11":"product-type-simple"},"_links":{"self":[{"href":"https:\/\/www.samoswine.gr\/fr\/wp-json\/wp\/v2\/product\/988348","targetHints":{"allow":["GET"]}}],"collection":[{"href":"https:\/\/www.samoswine.gr\/fr\/wp-json\/wp\/v2\/product"}],"about":[{"href":"https:\/\/www.samoswine.gr\/fr\/wp-json\/wp\/v2\/types\/product"}],"replies":[{"embeddable":true,"href":"https:\/\/www.samoswine.gr\/fr\/wp-json\/wp\/v2\/comments?post=988348"}],"version-history":[{"count":15,"href":"https:\/\/www.samoswine.gr\/fr\/wp-json\/wp\/v2\/product\/988348\/revisions"}],"predecessor-version":[{"id":989114,"href":"https:\/\/www.samoswine.gr\/fr\/wp-json\/wp\/v2\/product\/988348\/revisions\/989114"}],"wp:featuredmedia":[{"embeddable":true,"href":"https:\/\/www.samoswine.gr\/fr\/wp-json\/wp\/v2\/media\/988533"}],"wp:attachment":[{"href":"https:\/\/www.samoswine.gr\/fr\/wp-json\/wp\/v2\/media?parent=988348"}],"wp:term":[{"taxonomy":"product_brand","embeddable":true,"href":"https:\/\/www.samoswine.gr\/fr\/wp-json\/wp\/v2\/product_brand?post=988348"},{"taxonomy":"product_cat","embeddable":true,"href":"https:\/\/www.samoswine.gr\/fr\/wp-json\/wp\/v2\/product_cat?post=988348"},{"taxonomy":"product_tag","embeddable":true,"href":"https:\/\/www.samoswine.gr\/fr\/wp-json\/wp\/v2\/product_tag?post=988348"}],"curies":[{"name":"wp","href":"https:\/\/api.w.org\/{rel}","templated":true}]}}