{"id":988367,"date":"2026-03-01T13:59:03","date_gmt":"2026-03-01T10:59:03","guid":{"rendered":"https:\/\/paragogoiuwc.gr\/?post_type=product&#038;p=988367"},"modified":"2026-03-31T12:41:40","modified_gmt":"2026-03-31T09:41:40","slug":"samos-solera","status":"publish","type":"product","link":"https:\/\/www.samoswine.gr\/fr\/produit\/samos-solera\/","title":{"rendered":"Samos Solera"},"content":{"rendered":"<div data-elementor-type=\"product-post\" data-elementor-id=\"988367\" class=\"elementor elementor-988367\" data-elementor-post-type=\"product\">\n\t\t\t\t\t\t<section class=\"elementor-section elementor-top-section elementor-element elementor-element-b710ddd elementor-section-boxed elementor-section-height-default elementor-section-height-default\" data-id=\"b710ddd\" data-element_type=\"section\">\n\t\t\t\t\t\t<div class=\"elementor-container elementor-column-gap-default\">\n\t\t\t\t\t<div class=\"elementor-column elementor-col-100 elementor-top-column elementor-element elementor-element-8fec82f\" data-id=\"8fec82f\" data-element_type=\"column\">\n\t\t\t<div class=\"elementor-widget-wrap elementor-element-populated\">\n\t\t\t\t\t\t<div class=\"elementor-element elementor-element-83ecfd7 elementor-widget elementor-widget-heading\" data-id=\"83ecfd7\" data-element_type=\"widget\" data-widget_type=\"heading.default\">\n\t\t\t\t<div class=\"elementor-widget-container\">\n\t\t\t\t\t<h5 class=\"elementor-heading-title elementor-size-default\">Description<\/h5>\t\t\t\t<\/div>\n\t\t\t\t<\/div>\n\t\t\t\t<div class=\"elementor-element elementor-element-0ca9540 elementor-widget elementor-widget-text-editor\" data-id=\"0ca9540\" data-element_type=\"widget\" data-widget_type=\"text-editor.default\">\n\t\t\t\t<div class=\"elementor-widget-container\">\n\t\t\t\t\t\t\t\t\t<div class=\"woocommerce-product-details__short-description\"><div class=\"woocommerce-product-details__short-description\"><p><span style=\"font-weight: 400;\">Le merveilleux <\/span><b>Samos Solera<\/b><span style=\"font-weight: 400;\"> c&#039;est un <\/span><b>M\u00e9lange<\/b><span style=\"font-weight: 400;\"> Huit mill\u00e9simes diff\u00e9rents. Le syst\u00e8me Solera de la Coop\u00e9rative se compose de 8 f\u00fbts de bois de 500 litres, commen\u00e7ant par trois mill\u00e9simes des ann\u00e9es 70, suivis de deux mill\u00e9simes des ann\u00e9es 80 et enfin, enrichissant le profil aromatique complexe de ce vin tr\u00e8s riche, par deux mill\u00e9simes des ann\u00e9es 90 et 2016.\u00a0<\/span><\/p><\/div><\/div><div class=\"product_meta p-meta mgb20 mgt20 clear\">\u00a0<\/div>\t\t\t\t\t\t\t\t<\/div>\n\t\t\t\t<\/div>\n\t\t\t\t<div class=\"elementor-element elementor-element-a03f225 elementor-widget elementor-widget-heading\" data-id=\"a03f225\" data-element_type=\"widget\" data-widget_type=\"heading.default\">\n\t\t\t\t<div class=\"elementor-widget-container\">\n\t\t\t\t\t<h5 class=\"elementor-heading-title elementor-size-default\">Informations utiles<\/h5>\t\t\t\t<\/div>\n\t\t\t\t<\/div>\n\t\t\t\t<div class=\"elementor-element elementor-element-93256a7 elementor-widget elementor-widget-text-editor\" data-id=\"93256a7\" data-element_type=\"widget\" data-widget_type=\"text-editor.default\">\n\t\t\t\t<div class=\"elementor-widget-container\">\n\t\t\t\t\t\t\t\t\t<p><b>Combin\u00e9 avec :\u00a0<\/b><\/p><p><span style=\"font-weight: 400;\">Il se marie \u00e0 merveille avec les figues s\u00e9ch\u00e9es et le prosciutto, les fromages jaunes affin\u00e9s et les desserts complexes au chocolat noir et aux noix.\u00a0<\/span><\/p><p><b>Temp\u00e9rature de service : <\/b>12 \u2013 14\u00b0C<\/p><p><b>Vari\u00e9t\u00e9: <\/b>Muscat blanc ros\u00e9 de Samos 100%<\/p><p><b>Indication g\u00e9ographique\u00a0:<\/b> Appellation d&#039;origine prot\u00e9g\u00e9e \u00ab Samos \u00bb<\/p>\t\t\t\t\t\t\t\t<\/div>\n\t\t\t\t<\/div>\n\t\t\t\t<div class=\"elementor-element elementor-element-3b45981 elementor-hidden-desktop elementor-hidden-tablet elementor-hidden-mobile elementor-widget elementor-widget-heading\" data-id=\"3b45981\" data-element_type=\"widget\" data-widget_type=\"heading.default\">\n\t\t\t\t<div class=\"elementor-widget-container\">\n\t\t\t\t\t<h5 class=\"elementor-heading-title elementor-size-default\">Prix<\/h5>\t\t\t\t<\/div>\n\t\t\t\t<\/div>\n\t\t\t\t<section class=\"elementor-section elementor-inner-section elementor-element elementor-element-c72602d elementor-hidden-desktop elementor-hidden-tablet elementor-hidden-mobile elementor-section-boxed elementor-section-height-default elementor-section-height-default\" data-id=\"c72602d\" data-element_type=\"section\">\n\t\t\t\t\t\t<div class=\"elementor-container elementor-column-gap-default\">\n\t\t\t\t\t<div class=\"elementor-column elementor-col-33 elementor-inner-column elementor-element elementor-element-fc25ba0\" data-id=\"fc25ba0\" data-element_type=\"column\">\n\t\t\t<div class=\"elementor-widget-wrap elementor-element-populated\">\n\t\t\t\t\t\t<div class=\"elementor-element elementor-element-108af05 elementor-headline--style-highlight elementor-widget elementor-widget-vamtam-animated-headline\" data-id=\"108af05\" data-element_type=\"widget\" data-settings=\"{&quot;marker&quot;:&quot;curly&quot;,&quot;highlighted_text&quot;:&quot;92\\\/100&quot;,&quot;headline_style&quot;:&quot;highlight&quot;,&quot;loop&quot;:&quot;yes&quot;,&quot;highlight_animation_duration&quot;:1200,&quot;highlight_iteration_delay&quot;:8000}\" data-widget_type=\"vamtam-animated-headline.default\">\n\t\t\t\t<div class=\"elementor-widget-container\">\n\t\t\t\t\t\t\t\t\t<h5 class=\"elementor-headline\">\n\t\t\t\t\t\t\t\t\t\t\t\t\t\t\t\t\t\t<span class=\"elementor-headline-plain-text elementor-headline-text-wrapper\">Falstaff : <br><\/span>\n\t\t\t\t\t\t\t\t\t\t\t\t<span class=\"elementor-headline-dynamic-wrapper elementor-headline-text-wrapper\">\n\t\t\t\t\t\t\t\t\t\t\t\t\t<span class=\"elementor-headline-dynamic-text elementor-headline-text-active\">92\/100<\/span>\n\t\t\t\t\t\t\t\t\t\t\t\t<\/span>\n\t\t\t\t\t\t\t\t\t\t\t\t\t<span class=\"elementor-headline-plain-text elementor-headline-text-wrapper\">Autriche<\/span>\n\t\t\t\t\t\t\t\t\t\t\t\t\t\t\t\t<\/h5>\n\t\t\t\t\t\t\t\t<\/div>\n\t\t\t\t<\/div>\n\t\t\t\t\t<\/div>\n\t\t<\/div>\n\t\t\t\t<div class=\"elementor-column elementor-col-33 elementor-inner-column elementor-element elementor-element-933ce8f\" data-id=\"933ce8f\" data-element_type=\"column\">\n\t\t\t<div class=\"elementor-widget-wrap elementor-element-populated\">\n\t\t\t\t\t\t<div class=\"elementor-element elementor-element-bb1bd07 elementor-headline--style-highlight elementor-widget elementor-widget-vamtam-animated-headline\" data-id=\"bb1bd07\" data-element_type=\"widget\" data-settings=\"{&quot;marker&quot;:&quot;curly&quot;,&quot;highlighted_text&quot;:&quot;94\\\/100&quot;,&quot;headline_style&quot;:&quot;highlight&quot;,&quot;loop&quot;:&quot;yes&quot;,&quot;highlight_animation_duration&quot;:1200,&quot;highlight_iteration_delay&quot;:8000}\" data-widget_type=\"vamtam-animated-headline.default\">\n\t\t\t\t<div class=\"elementor-widget-container\">\n\t\t\t\t\t\t\t\t\t<h5 class=\"elementor-headline\">\n\t\t\t\t\t\t\t\t\t\t\t\t\t\t\t\t\t\t<span class=\"elementor-headline-plain-text elementor-headline-text-wrapper\">Daniele Cernilli : <br><\/span>\n\t\t\t\t\t\t\t\t\t\t\t\t<span class=\"elementor-headline-dynamic-wrapper elementor-headline-text-wrapper\">\n\t\t\t\t\t\t\t\t\t\t\t\t\t<span class=\"elementor-headline-dynamic-text elementor-headline-text-active\">94\/100<\/span>\n\t\t\t\t\t\t\t\t\t\t\t\t<\/span>\n\t\t\t\t\t\t\t\t\t\t\t\t\t<span class=\"elementor-headline-plain-text elementor-headline-text-wrapper\">Italie<\/span>\n\t\t\t\t\t\t\t\t\t\t\t\t\t\t\t\t<\/h5>\n\t\t\t\t\t\t\t\t<\/div>\n\t\t\t\t<\/div>\n\t\t\t\t\t<\/div>\n\t\t<\/div>\n\t\t\t\t<div class=\"elementor-column elementor-col-33 elementor-inner-column elementor-element elementor-element-fde227a\" data-id=\"fde227a\" data-element_type=\"column\">\n\t\t\t<div class=\"elementor-widget-wrap elementor-element-populated\">\n\t\t\t\t\t\t<div class=\"elementor-element elementor-element-478d740 elementor-headline--style-highlight elementor-widget elementor-widget-vamtam-animated-headline\" data-id=\"478d740\" data-element_type=\"widget\" data-settings=\"{&quot;marker&quot;:&quot;curly&quot;,&quot;highlighted_text&quot;:&quot;Tre bicchieri&quot;,&quot;headline_style&quot;:&quot;highlight&quot;,&quot;loop&quot;:&quot;yes&quot;,&quot;highlight_animation_duration&quot;:1200,&quot;highlight_iteration_delay&quot;:8000}\" data-widget_type=\"vamtam-animated-headline.default\">\n\t\t\t\t<div class=\"elementor-widget-container\">\n\t\t\t\t\t\t\t\t\t<h5 class=\"elementor-headline\">\n\t\t\t\t\t\t\t\t\t\t\t\t\t\t\t\t\t\t<span class=\"elementor-headline-plain-text elementor-headline-text-wrapper\">Gambero Rosso\u200b: <br><\/span>\n\t\t\t\t\t\t\t\t\t\t\t\t<span class=\"elementor-headline-dynamic-wrapper elementor-headline-text-wrapper\">\n\t\t\t\t\t\t\t\t\t\t\t\t\t<span class=\"elementor-headline-dynamic-text elementor-headline-text-active\">Trois verres<\/span>\n\t\t\t\t\t\t\t\t\t\t\t\t<\/span>\n\t\t\t\t\t\t\t\t\t\t\t\t\t<span class=\"elementor-headline-plain-text elementor-headline-text-wrapper\">Italie<\/span>\n\t\t\t\t\t\t\t\t\t\t\t\t\t\t\t\t<\/h5>\n\t\t\t\t\t\t\t\t<\/div>\n\t\t\t\t<\/div>\n\t\t\t\t\t<\/div>\n\t\t<\/div>\n\t\t\t\t\t<\/div>\n\t\t<\/section>\n\t\t\t\t<section class=\"elementor-section elementor-inner-section elementor-element elementor-element-9cade84 elementor-section-boxed elementor-section-height-default elementor-section-height-default\" data-id=\"9cade84\" data-element_type=\"section\">\n\t\t\t\t\t\t<div class=\"elementor-container elementor-column-gap-default\">\n\t\t\t\t\t<div class=\"elementor-column elementor-col-100 elementor-inner-column elementor-element elementor-element-889274a\" data-id=\"889274a\" data-element_type=\"column\">\n\t\t\t<div class=\"elementor-widget-wrap elementor-element-populated\">\n\t\t\t\t\t\t<div class=\"elementor-element elementor-element-1ac40e1 elementor-widget__width-initial elementor-widget-mobile__width-initial elementor-fixed elementor-hidden-tablet elementor-hidden-phone elementor-widget elementor-widget-image\" data-id=\"1ac40e1\" data-element_type=\"widget\" data-settings=\"{&quot;_position&quot;:&quot;fixed&quot;}\" data-widget_type=\"image.default\">\n\t\t\t\t<div class=\"elementor-widget-container\">\n\t\t\t\t\t\t\t\t\t<div class=\"elementor-image\">\n\t\t\t\t\t\t\t\t\t\t\t\t\t\t\t\t\t\t\t\t\t<img fetchpriority=\"high\" decoding=\"async\" width=\"308\" height=\"444\" src=\"https:\/\/www.samoswine.gr\/wp-content\/uploads\/2025\/04\/Solera-.png\" class=\"attachment-large size-large wp-image-988370\" alt=\"\" srcset=\"https:\/\/www.samoswine.gr\/wp-content\/uploads\/2025\/04\/Solera-.png 308w, https:\/\/www.samoswine.gr\/wp-content\/uploads\/2025\/04\/Solera--208x300.png 208w\" sizes=\"(max-width: 308px) 100vw, 308px\" \/>\t\t\t\t\t\t\t\t\t\t\t\t\t\t\t\t\t\t\t\t\t\t\t\t<\/div>\n\t\t\t\t\t\t\t\t<\/div>\n\t\t\t\t<\/div>\n\t\t\t\t\t<\/div>\n\t\t<\/div>\n\t\t\t\t\t<\/div>\n\t\t<\/section>\n\t\t\t\t\t<\/div>\n\t\t<\/div>\n\t\t\t\t\t<\/div>\n\t\t<\/section>\n\t\t\t\t<\/div>","protected":false},"excerpt":{"rendered":"<p>\u03a0\u03b5\u03c1\u03b9\u03b3\u03c1\u03b1\u03c6\u03ae \u03a4\u03bf \u03c5\u03c0\u03ad\u03c1\u03bf\u03c7\u03bf Samos Solera \u03b5\u03af\u03bd\u03b1\u03b9 \u03ad\u03bd\u03b1 Blend \u03bf\u03ba\u03c4\u03ce \u03b4\u03b9\u03b1\u03c6\u03bf\u03c1\u03b5\u03c4\u03b9\u03ba\u03ce\u03bd \u03b5\u03c3\u03bf\u03b4\u03b5\u03b9\u03ce\u03bd. \u0397 \u03b4\u03b9\u03ac\u03c4\u03b1\u03be\u03b7 Solera \u03c4\u03bf\u03c5 \u03a3\u03c5\u03bd\u03b5\u03c4\u03b1\u03b9\u03c1\u03b9\u03c3\u03bc\u03bf\u03cd \u03b1\u03c0\u03bf\u03c4\u03b5\u03bb\u03b5\u03af\u03c4\u03b1\u03b9 \u03b1\u03c0\u03cc 8 \u03be\u03cd\u03bb\u03b9\u03bd\u03b1 \u03b2\u03b1\u03c1\u03ad\u03bb\u03b9\u03b1 \u03c4\u03c9\u03bd 500 \u03bb\u03af\u03c4\u03c1\u03c9\u03bd, \u03be\u03b5\u03ba\u03b9\u03bd\u03ce\u03bd\u03c4\u03b1\u03c2 \u03b1\u03c0\u03cc \u03c4\u03c1\u03b5\u03b9\u03c2 \u03b5\u03c3\u03bf\u03b4\u03b5\u03af\u03b5\u03c2 \u03c4\u03b7\u03c2 \u03b4\u03b5\u03ba\u03b1\u03b5\u03c4\u03af\u03b1\u03c2\u00a0 \u03c4\u03bf\u03c5 \u201870, \u03b1\u03ba\u03bf\u03bb\u03bf\u03c5\u03b8\u03bf\u03cd\u03bd \u03b4\u03cd\u03bf \u03b5\u03c3\u03bf\u03b4\u03b5\u03af\u03b5\u03c2 \u03c4\u03b7\u03c2 \u03b4\u03b5\u03ba\u03b1\u03b5\u03c4\u03af\u03b1\u03c2 \u03c4\u03bf\u03c5 \u201880 \u03ba\u03b1\u03b9 \u03c3\u03c4\u03bf \u03c4\u03ad\u03bb\u03bf\u03c2 \u03b5\u03bc\u03c0\u03bb\u03bf\u03c5\u03c4\u03af\u03b6\u03bf\u03c5\u03bd \u03c4\u03bf \u03c0\u03bf\u03bb\u03cd\u03c0\u03bb\u03bf\u03ba\u03bf \u03b1\u03c1\u03c9\u03bc\u03b1\u03c4\u03b9\u03ba\u03cc \u03c0\u03c1\u03bf\u03c6\u03af\u03bb \u03b1\u03c5\u03c4\u03bf\u03cd \u03c4\u03bf\u03c5 \u03b9\u03b4\u03b9\u03b1\u03af\u03c4\u03b5\u03c1\u03b1 \u03c0\u03c1\u03bf\u03b9\u03ba\u03b9\u03c3\u03bc\u03ad\u03bd\u03bf\u03c5 \u03ba\u03c1\u03b1\u03c3\u03b9\u03bf\u03cd\u00a0 \u03b4\u03cd\u03bf \u03b5\u03c3\u03bf\u03b4\u03b5\u03af\u03b5\u03c2 \u03c4\u03b7\u03c2&#8230;<\/p>","protected":false},"featured_media":988874,"comment_status":"open","ping_status":"closed","template":"","meta":[],"product_brand":[],"product_cat":[56,61],"product_tag":[],"class_list":{"0":"post-988367","1":"product","2":"type-product","3":"status-publish","4":"has-post-thumbnail","6":"product_cat-56","7":"product_cat-61","9":"first","10":"instock","11":"shipping-taxable","12":"product-type-simple"},"_links":{"self":[{"href":"https:\/\/www.samoswine.gr\/fr\/wp-json\/wp\/v2\/product\/988367","targetHints":{"allow":["GET"]}}],"collection":[{"href":"https:\/\/www.samoswine.gr\/fr\/wp-json\/wp\/v2\/product"}],"about":[{"href":"https:\/\/www.samoswine.gr\/fr\/wp-json\/wp\/v2\/types\/product"}],"replies":[{"embeddable":true,"href":"https:\/\/www.samoswine.gr\/fr\/wp-json\/wp\/v2\/comments?post=988367"}],"version-history":[{"count":12,"href":"https:\/\/www.samoswine.gr\/fr\/wp-json\/wp\/v2\/product\/988367\/revisions"}],"predecessor-version":[{"id":989469,"href":"https:\/\/www.samoswine.gr\/fr\/wp-json\/wp\/v2\/product\/988367\/revisions\/989469"}],"wp:featuredmedia":[{"embeddable":true,"href":"https:\/\/www.samoswine.gr\/fr\/wp-json\/wp\/v2\/media\/988874"}],"wp:attachment":[{"href":"https:\/\/www.samoswine.gr\/fr\/wp-json\/wp\/v2\/media?parent=988367"}],"wp:term":[{"taxonomy":"product_brand","embeddable":true,"href":"https:\/\/www.samoswine.gr\/fr\/wp-json\/wp\/v2\/product_brand?post=988367"},{"taxonomy":"product_cat","embeddable":true,"href":"https:\/\/www.samoswine.gr\/fr\/wp-json\/wp\/v2\/product_cat?post=988367"},{"taxonomy":"product_tag","embeddable":true,"href":"https:\/\/www.samoswine.gr\/fr\/wp-json\/wp\/v2\/product_tag?post=988367"}],"curies":[{"name":"wp","href":"https:\/\/api.w.org\/{rel}","templated":true}]}}