{"id":988561,"date":"2025-08-22T17:29:32","date_gmt":"2025-08-22T14:29:32","guid":{"rendered":"https:\/\/paragogoiuwc.gr\/?post_type=product&#038;p=988561"},"modified":"2026-02-10T16:36:14","modified_gmt":"2026-02-10T13:36:14","slug":"ankgaios","status":"publish","type":"product","link":"https:\/\/www.samoswine.gr\/fr\/produit\/ankgaios\/","title":{"rendered":"N\u00e9cessaire"},"content":{"rendered":"<div data-elementor-type=\"product-post\" data-elementor-id=\"988561\" class=\"elementor elementor-988561\" data-elementor-post-type=\"product\">\n\t\t\t\t\t\t<section class=\"elementor-section elementor-top-section elementor-element elementor-element-b710ddd elementor-section-boxed elementor-section-height-default elementor-section-height-default\" data-id=\"b710ddd\" data-element_type=\"section\">\n\t\t\t\t\t\t<div class=\"elementor-container elementor-column-gap-default\">\n\t\t\t\t\t<div class=\"elementor-column elementor-col-100 elementor-top-column elementor-element elementor-element-8fec82f\" data-id=\"8fec82f\" data-element_type=\"column\">\n\t\t\t<div class=\"elementor-widget-wrap elementor-element-populated\">\n\t\t\t\t\t\t<div class=\"elementor-element elementor-element-83ecfd7 elementor-widget elementor-widget-heading\" data-id=\"83ecfd7\" data-element_type=\"widget\" data-widget_type=\"heading.default\">\n\t\t\t\t<div class=\"elementor-widget-container\">\n\t\t\t\t\t<h5 class=\"elementor-heading-title elementor-size-default\">Description<\/h5>\t\t\t\t<\/div>\n\t\t\t\t<\/div>\n\t\t\t\t<div class=\"elementor-element elementor-element-0ca9540 elementor-widget elementor-widget-text-editor\" data-id=\"0ca9540\" data-element_type=\"widget\" data-widget_type=\"text-editor.default\">\n\t\t\t\t<div class=\"elementor-widget-container\">\n\t\t\t\t\t\t\t\t\t<div class=\"woocommerce-product-details__short-description\"><div class=\"woocommerce-product-details__short-description\"><p>UN <strong>vin rouge sec<\/strong>, Issu des coteaux semi-montagneux du vignoble de Samie, ce vin pr\u00e9sente une robe pourpre caract\u00e9ristique aux reflets rouge-violet. Au nez, les fruits rouges des bois dominent d&#039;abord. Son acidit\u00e9 \u00e9quilibr\u00e9e lui conf\u00e8re une agr\u00e9able fra\u00eecheur. En bouche, il r\u00e9v\u00e8le une fra\u00eecheur qui laisse progressivement place \u00e0 de discr\u00e8tes notes poivr\u00e9es, tandis que sa complexit\u00e9 culmine dans une finale soyeuse et fondante. Les tanins pr\u00e9sents et les notes \u00e9pic\u00e9es en finale lui conf\u00e8rent une texture charnue et une belle robustesse, pour une exp\u00e9rience gustative intense.<\/p><\/div><\/div>\t\t\t\t\t\t\t\t<\/div>\n\t\t\t\t<\/div>\n\t\t\t\t<div class=\"elementor-element elementor-element-a03f225 elementor-widget elementor-widget-heading\" data-id=\"a03f225\" data-element_type=\"widget\" data-widget_type=\"heading.default\">\n\t\t\t\t<div class=\"elementor-widget-container\">\n\t\t\t\t\t<h5 class=\"elementor-heading-title elementor-size-default\">Informations utiles<\/h5>\t\t\t\t<\/div>\n\t\t\t\t<\/div>\n\t\t\t\t<div class=\"elementor-element elementor-element-93256a7 elementor-widget elementor-widget-text-editor\" data-id=\"93256a7\" data-element_type=\"widget\" data-widget_type=\"text-editor.default\">\n\t\t\t\t<div class=\"elementor-widget-container\">\n\t\t\t\t\t\t\t\t\t<p><strong>Combin\u00e9 avec : <\/strong><\/p><p>Il accompagne les salades compos\u00e9es aux saveurs intenses et aux vinaigrettes relev\u00e9es, les fromages \u00e9pic\u00e9s, ainsi que les viandes rouges (comme le gibier), avec des sauces rouges l\u00e9g\u00e8res.\u00a0<\/p><p><strong>Temp\u00e9rature de service : 12 \u2013 14<sup>\u03bf<\/sup><\/strong><strong>C<\/strong><\/p><p><strong>Vari\u00e9t\u00e9 : Avgoustiatis 100%<\/strong><\/p><p><strong>Indication g\u00e9ographique : Vin de table<\/strong><\/p>\t\t\t\t\t\t\t\t<\/div>\n\t\t\t\t<\/div>\n\t\t\t\t<div class=\"elementor-element elementor-element-3b45981 elementor-hidden-desktop elementor-hidden-tablet elementor-hidden-mobile elementor-widget elementor-widget-heading\" data-id=\"3b45981\" data-element_type=\"widget\" data-widget_type=\"heading.default\">\n\t\t\t\t<div class=\"elementor-widget-container\">\n\t\t\t\t\t<h5 class=\"elementor-heading-title elementor-size-default\">Prix<\/h5>\t\t\t\t<\/div>\n\t\t\t\t<\/div>\n\t\t\t\t<section class=\"elementor-section elementor-inner-section elementor-element elementor-element-c72602d elementor-hidden-desktop elementor-hidden-tablet elementor-hidden-mobile elementor-section-boxed elementor-section-height-default elementor-section-height-default\" data-id=\"c72602d\" data-element_type=\"section\">\n\t\t\t\t\t\t<div class=\"elementor-container elementor-column-gap-default\">\n\t\t\t\t\t<div class=\"elementor-column elementor-col-33 elementor-inner-column elementor-element elementor-element-fc25ba0\" data-id=\"fc25ba0\" data-element_type=\"column\">\n\t\t\t<div class=\"elementor-widget-wrap elementor-element-populated\">\n\t\t\t\t\t\t<div class=\"elementor-element elementor-element-108af05 elementor-headline--style-highlight elementor-widget elementor-widget-vamtam-animated-headline\" data-id=\"108af05\" data-element_type=\"widget\" data-settings=\"{&quot;marker&quot;:&quot;curly&quot;,&quot;highlighted_text&quot;:&quot;92\\\/100&quot;,&quot;headline_style&quot;:&quot;highlight&quot;,&quot;loop&quot;:&quot;yes&quot;,&quot;highlight_animation_duration&quot;:1200,&quot;highlight_iteration_delay&quot;:8000}\" data-widget_type=\"vamtam-animated-headline.default\">\n\t\t\t\t<div class=\"elementor-widget-container\">\n\t\t\t\t\t\t\t\t\t<h5 class=\"elementor-headline\">\n\t\t\t\t\t\t\t\t\t\t\t\t\t\t\t\t\t\t<span class=\"elementor-headline-plain-text elementor-headline-text-wrapper\">Falstaff : <br><\/span>\n\t\t\t\t\t\t\t\t\t\t\t\t<span class=\"elementor-headline-dynamic-wrapper elementor-headline-text-wrapper\">\n\t\t\t\t\t\t\t\t\t\t\t\t\t<span class=\"elementor-headline-dynamic-text elementor-headline-text-active\">92\/100<\/span>\n\t\t\t\t\t\t\t\t\t\t\t\t<\/span>\n\t\t\t\t\t\t\t\t\t\t\t\t\t<span class=\"elementor-headline-plain-text elementor-headline-text-wrapper\">Autriche<\/span>\n\t\t\t\t\t\t\t\t\t\t\t\t\t\t\t\t<\/h5>\n\t\t\t\t\t\t\t\t<\/div>\n\t\t\t\t<\/div>\n\t\t\t\t\t<\/div>\n\t\t<\/div>\n\t\t\t\t<div class=\"elementor-column elementor-col-33 elementor-inner-column elementor-element elementor-element-933ce8f\" data-id=\"933ce8f\" data-element_type=\"column\">\n\t\t\t<div class=\"elementor-widget-wrap elementor-element-populated\">\n\t\t\t\t\t\t<div class=\"elementor-element elementor-element-bb1bd07 elementor-headline--style-highlight elementor-widget elementor-widget-vamtam-animated-headline\" data-id=\"bb1bd07\" data-element_type=\"widget\" data-settings=\"{&quot;marker&quot;:&quot;curly&quot;,&quot;highlighted_text&quot;:&quot;94\\\/100&quot;,&quot;headline_style&quot;:&quot;highlight&quot;,&quot;loop&quot;:&quot;yes&quot;,&quot;highlight_animation_duration&quot;:1200,&quot;highlight_iteration_delay&quot;:8000}\" data-widget_type=\"vamtam-animated-headline.default\">\n\t\t\t\t<div class=\"elementor-widget-container\">\n\t\t\t\t\t\t\t\t\t<h5 class=\"elementor-headline\">\n\t\t\t\t\t\t\t\t\t\t\t\t\t\t\t\t\t\t<span class=\"elementor-headline-plain-text elementor-headline-text-wrapper\">Daniele Cernilli : <br><\/span>\n\t\t\t\t\t\t\t\t\t\t\t\t<span class=\"elementor-headline-dynamic-wrapper elementor-headline-text-wrapper\">\n\t\t\t\t\t\t\t\t\t\t\t\t\t<span class=\"elementor-headline-dynamic-text elementor-headline-text-active\">94\/100<\/span>\n\t\t\t\t\t\t\t\t\t\t\t\t<\/span>\n\t\t\t\t\t\t\t\t\t\t\t\t\t<span class=\"elementor-headline-plain-text elementor-headline-text-wrapper\">Italie<\/span>\n\t\t\t\t\t\t\t\t\t\t\t\t\t\t\t\t<\/h5>\n\t\t\t\t\t\t\t\t<\/div>\n\t\t\t\t<\/div>\n\t\t\t\t\t<\/div>\n\t\t<\/div>\n\t\t\t\t<div class=\"elementor-column elementor-col-33 elementor-inner-column elementor-element elementor-element-fde227a\" data-id=\"fde227a\" data-element_type=\"column\">\n\t\t\t<div class=\"elementor-widget-wrap elementor-element-populated\">\n\t\t\t\t\t\t<div class=\"elementor-element elementor-element-478d740 elementor-headline--style-highlight elementor-widget elementor-widget-vamtam-animated-headline\" data-id=\"478d740\" data-element_type=\"widget\" data-settings=\"{&quot;marker&quot;:&quot;curly&quot;,&quot;highlighted_text&quot;:&quot;Tre bicchieri&quot;,&quot;headline_style&quot;:&quot;highlight&quot;,&quot;loop&quot;:&quot;yes&quot;,&quot;highlight_animation_duration&quot;:1200,&quot;highlight_iteration_delay&quot;:8000}\" data-widget_type=\"vamtam-animated-headline.default\">\n\t\t\t\t<div class=\"elementor-widget-container\">\n\t\t\t\t\t\t\t\t\t<h5 class=\"elementor-headline\">\n\t\t\t\t\t\t\t\t\t\t\t\t\t\t\t\t\t\t<span class=\"elementor-headline-plain-text elementor-headline-text-wrapper\">Gambero Rosso\u200b: <br><\/span>\n\t\t\t\t\t\t\t\t\t\t\t\t<span class=\"elementor-headline-dynamic-wrapper elementor-headline-text-wrapper\">\n\t\t\t\t\t\t\t\t\t\t\t\t\t<span class=\"elementor-headline-dynamic-text elementor-headline-text-active\">Trois verres<\/span>\n\t\t\t\t\t\t\t\t\t\t\t\t<\/span>\n\t\t\t\t\t\t\t\t\t\t\t\t\t<span class=\"elementor-headline-plain-text elementor-headline-text-wrapper\">Italie<\/span>\n\t\t\t\t\t\t\t\t\t\t\t\t\t\t\t\t<\/h5>\n\t\t\t\t\t\t\t\t<\/div>\n\t\t\t\t<\/div>\n\t\t\t\t\t<\/div>\n\t\t<\/div>\n\t\t\t\t\t<\/div>\n\t\t<\/section>\n\t\t\t\t<section class=\"elementor-section elementor-inner-section elementor-element elementor-element-9cade84 elementor-section-boxed elementor-section-height-default elementor-section-height-default\" data-id=\"9cade84\" data-element_type=\"section\">\n\t\t\t\t\t\t<div class=\"elementor-container elementor-column-gap-default\">\n\t\t\t\t\t<div class=\"elementor-column elementor-col-100 elementor-inner-column elementor-element elementor-element-889274a\" data-id=\"889274a\" data-element_type=\"column\">\n\t\t\t<div class=\"elementor-widget-wrap elementor-element-populated\">\n\t\t\t\t\t\t<div class=\"elementor-element elementor-element-1ac40e1 elementor-widget__width-initial elementor-widget-mobile__width-initial elementor-fixed elementor-hidden-tablet elementor-hidden-phone elementor-widget elementor-widget-image\" data-id=\"1ac40e1\" data-element_type=\"widget\" data-settings=\"{&quot;_position&quot;:&quot;fixed&quot;}\" data-widget_type=\"image.default\">\n\t\t\t\t<div class=\"elementor-widget-container\">\n\t\t\t\t\t\t\t\t\t<div class=\"elementor-image\">\n\t\t\t\t\t\t\t\t\t\t\t\t\t\t\t\t\t\t\t\t\t<img fetchpriority=\"high\" decoding=\"async\" width=\"308\" height=\"444\" src=\"https:\/\/www.samoswine.gr\/wp-content\/uploads\/2025\/08\/agkaios.png\" class=\"attachment-large size-large wp-image-988566\" alt=\"\" srcset=\"https:\/\/www.samoswine.gr\/wp-content\/uploads\/2025\/08\/agkaios.png 308w, https:\/\/www.samoswine.gr\/wp-content\/uploads\/2025\/08\/agkaios-208x300.png 208w\" sizes=\"(max-width: 308px) 100vw, 308px\" \/>\t\t\t\t\t\t\t\t\t\t\t\t\t\t\t\t\t\t\t\t\t\t\t\t<\/div>\n\t\t\t\t\t\t\t\t<\/div>\n\t\t\t\t<\/div>\n\t\t\t\t\t<\/div>\n\t\t<\/div>\n\t\t\t\t\t<\/div>\n\t\t<\/section>\n\t\t\t\t\t<\/div>\n\t\t<\/div>\n\t\t\t\t\t<\/div>\n\t\t<\/section>\n\t\t\t\t<\/div>","protected":false},"excerpt":{"rendered":"<p>\u03a0\u03b5\u03c1\u03b9\u03b3\u03c1\u03b1\u03c6\u03ae \u0388\u03bd\u03b1\u03c2 \u03b5\u03c1\u03c5\u03b8\u03c1\u03cc\u03c2 \u03be\u03b7\u03c1\u03cc\u03c2 \u03bf\u03af\u03bd\u03bf\u03c2, \u03b1\u03c0\u03cc \u03c4\u03b9\u03c2 \u03bf\u03c1\u03b5\u03b9\u03bd\u03ad\u03c2-\u03b7\u03bc\u03b9\u03bf\u03c1\u03b5\u03b9\u03bd\u03ad\u03c2 \u03c0\u03bb\u03b1\u03b3\u03b9\u03ad\u03c2 \u03c4\u03bf\u03c5 \u03c3\u03b1\u03bc\u03b9\u03b1\u03ba\u03bf\u03cd \u03b1\u03bc\u03c0\u03b5\u03bb\u03ce\u03bd\u03b1 \u03bc\u03b5 \u03c7\u03b1\u03c1\u03b1\u03ba\u03c4\u03b7\u03c1\u03b9\u03c3\u03c4\u03b9\u03ba\u03cc \u03c0\u03bf\u03c1\u03c6\u03c5\u03c1\u03cc \u03c7\u03c1\u03ce\u03bc\u03b1 \u03ba\u03b1\u03b9 \u03b5\u03c1\u03c5\u03b8\u03c1\u03bf-\u03b9\u03ce\u03b4\u03b5\u03b9\u03c2 \u03b1\u03bd\u03c4\u03b1\u03cd\u03b3\u03b5\u03b9\u03b5\u03c2. \u03a4\u03b1 \u03ba\u03cc\u03ba\u03ba\u03b9\u03bd\u03b1 \u03c6\u03c1\u03bf\u03cd\u03c4\u03b1 \u03c4\u03bf\u03c5 \u03b4\u03ac\u03c3\u03bf\u03c5\u03c2\u00a0 \u03ba\u03c5\u03c1\u03b9\u03b1\u03c1\u03c7\u03bf\u03cd\u03bd \u03b1\u03c1\u03c7\u03b9\u03ba\u03ac \u03c3\u03c4\u03b7 \u03bc\u03cd\u03c4\u03b7. \u0397 \u03b9\u03c3\u03bf\u03c1\u03c1\u03bf\u03c0\u03b7\u03bc\u03ad\u03bd\u03b7 \u03bf\u03be\u03cd\u03c4\u03b7\u03c4\u03ac \u03c4\u03bf\u03c5, \u03c4\u03bf \u03ba\u03b1\u03b8\u03b9\u03c3\u03c4\u03ac \u03b5\u03c5\u03c7\u03ac\u03c1\u03b9\u03c3\u03c4\u03bf \u03b4\u03af\u03c7\u03c9\u03c2 \u03bd\u03b1 \u03ba\u03bf\u03c5\u03c1\u03ac\u03b6\u03b5\u03b9. \u03a3\u03c4\u03bf \u03c3\u03c4\u03cc\u03bc\u03b1 \u03b5\u03bc\u03c6\u03b1\u03bd\u03af\u03b6\u03b5\u03b9 \u03c6\u03c1\u03b5\u03c3\u03ba\u03ac\u03b4\u03b1, \u03c4\u03b7\u03bd \u03cc\u03c0\u03bf\u03b9\u03b1 \u03b4\u03b9\u03b1\u03b4\u03ad\u03c7\u03bf\u03bd\u03c4\u03b1\u03b9 \u03c3\u03c4\u03b1\u03b4\u03b9\u03b1\u03ba\u03ac \u03b4\u03b9\u03b1\u03ba\u03c1\u03b9\u03c4\u03b9\u03ba\u03ad\u03c2 \u03c0\u03b9\u03c0\u03b5\u03c1\u03ac\u03c4\u03b5\u03c2 \u03bd\u03cc\u03c4\u03b5\u03c2, \u03b5\u03bd\u03ce \u03b7 \u03c0\u03bf\u03bb\u03c5\u03c0\u03bb\u03bf\u03ba\u03cc\u03c4\u03b7\u03c4\u03b1 \u03ba\u03bf\u03c1\u03c5\u03c6\u03ce\u03bd\u03b5\u03c4\u03b1\u03b9 \u03c3\u03c4\u03bf \u00ab\u03be\u03b5\u03b3\u03bb\u03af\u03c3\u03c4\u03c1\u03b7\u03bc\u03b1\u00bb&#8230;<\/p>","protected":false},"featured_media":988562,"comment_status":"open","ping_status":"closed","template":"","meta":[],"product_brand":[],"product_cat":[59],"product_tag":[],"class_list":{"0":"post-988561","1":"product","2":"type-product","3":"status-publish","4":"has-post-thumbnail","6":"product_cat-59","8":"first","9":"instock","10":"shipping-taxable","11":"product-type-simple"},"_links":{"self":[{"href":"https:\/\/www.samoswine.gr\/fr\/wp-json\/wp\/v2\/product\/988561","targetHints":{"allow":["GET"]}}],"collection":[{"href":"https:\/\/www.samoswine.gr\/fr\/wp-json\/wp\/v2\/product"}],"about":[{"href":"https:\/\/www.samoswine.gr\/fr\/wp-json\/wp\/v2\/types\/product"}],"replies":[{"embeddable":true,"href":"https:\/\/www.samoswine.gr\/fr\/wp-json\/wp\/v2\/comments?post=988561"}],"version-history":[{"count":9,"href":"https:\/\/www.samoswine.gr\/fr\/wp-json\/wp\/v2\/product\/988561\/revisions"}],"predecessor-version":[{"id":989106,"href":"https:\/\/www.samoswine.gr\/fr\/wp-json\/wp\/v2\/product\/988561\/revisions\/989106"}],"wp:featuredmedia":[{"embeddable":true,"href":"https:\/\/www.samoswine.gr\/fr\/wp-json\/wp\/v2\/media\/988562"}],"wp:attachment":[{"href":"https:\/\/www.samoswine.gr\/fr\/wp-json\/wp\/v2\/media?parent=988561"}],"wp:term":[{"taxonomy":"product_brand","embeddable":true,"href":"https:\/\/www.samoswine.gr\/fr\/wp-json\/wp\/v2\/product_brand?post=988561"},{"taxonomy":"product_cat","embeddable":true,"href":"https:\/\/www.samoswine.gr\/fr\/wp-json\/wp\/v2\/product_cat?post=988561"},{"taxonomy":"product_tag","embeddable":true,"href":"https:\/\/www.samoswine.gr\/fr\/wp-json\/wp\/v2\/product_tag?post=988561"}],"curies":[{"name":"wp","href":"https:\/\/api.w.org\/{rel}","templated":true}]}}