{"id":987913,"date":"2024-09-09T12:32:31","date_gmt":"2024-09-09T09:32:31","guid":{"rendered":"https:\/\/paragogoiuwc.gr\/?post_type=product&#038;p=987913"},"modified":"2026-02-10T13:54:42","modified_gmt":"2026-02-10T10:54:42","slug":"%cf%88%ce%b7%ce%bb%ce%ad%cf%82-%ce%ba%ce%bf%cf%81%cf%86%ce%ad%cf%82","status":"publish","type":"product","link":"https:\/\/www.samoswine.gr\/tr\/urun\/%cf%88%ce%b7%ce%bb%ce%ad%cf%82-%ce%ba%ce%bf%cf%81%cf%86%ce%ad%cf%82\/","title":{"rendered":"Y\u00fcksek Zirveler"},"content":{"rendered":"<div data-elementor-type=\"product-post\" data-elementor-id=\"987913\" class=\"elementor elementor-987913\" data-elementor-post-type=\"product\">\n\t\t\t\t\t\t<section class=\"elementor-section elementor-top-section elementor-element elementor-element-3d9638f2 elementor-section-boxed elementor-section-height-default elementor-section-height-default\" data-id=\"3d9638f2\" data-element_type=\"section\">\n\t\t\t\t\t\t<div class=\"elementor-container elementor-column-gap-default\">\n\t\t\t\t\t<div class=\"elementor-column elementor-col-100 elementor-top-column elementor-element elementor-element-7a376a55\" data-id=\"7a376a55\" data-element_type=\"column\">\n\t\t\t<div class=\"elementor-widget-wrap elementor-element-populated\">\n\t\t\t\t\t\t<div class=\"elementor-element elementor-element-369aa686 elementor-widget elementor-widget-heading\" data-id=\"369aa686\" data-element_type=\"widget\" data-widget_type=\"heading.default\">\n\t\t\t\t<div class=\"elementor-widget-container\">\n\t\t\t\t\t<h5 class=\"elementor-heading-title elementor-size-default\">Tan\u0131m<\/h5>\t\t\t\t<\/div>\n\t\t\t\t<\/div>\n\t\t\t\t<div class=\"elementor-element elementor-element-369e7968 elementor-widget elementor-widget-text-editor\" data-id=\"369e7968\" data-element_type=\"widget\" data-widget_type=\"text-editor.default\">\n\t\t\t\t<div class=\"elementor-widget-container\">\n\t\t\t\t\t\t\t\t\t<p>O <strong>Y\u00fcksek Zirveler<\/strong> Kooperatifin sek \u015faraplar\u0131n\u0131n amiral gemisidir. Zarif bir karaktere sahip olan bu \u015farapta, Muskat \u00fcz\u00fcm\u00fcn\u00fcn meyvemsi ve \u00e7i\u00e7eksi aromalar\u0131 rafine bir \u015fekilde ifade edilir. G\u00f6r\u00fcn\u00fcm olarak sar\u0131ms\u0131 a\u00e7\u0131k renkli bir \u015farap olup, burunda g\u00fcl yapra\u011f\u0131, kay\u0131s\u0131 ve limon aromalar\u0131 hakimdir. Narin ve hafif tad\u0131, sizi cezbeden bir tatl\u0131l\u0131kla birle\u015firken, ferahlat\u0131c\u0131 asidite ve tatmin edici bir uzunlukla Muskat karakterini zarif bir \u015fekilde ortaya koyar. \u00dcretiminde kullan\u0131lan \u00fcz\u00fcmler, adan\u0131n en iyi da\u011f ba\u011flar\u0131ndan, eski kuru ta\u015f teraslardan ve 1000 metreye kadar olan rak\u0131mlardan elde edilir.<\/p>\t\t\t\t\t\t\t\t<\/div>\n\t\t\t\t<\/div>\n\t\t\t\t<div class=\"elementor-element elementor-element-24ef53a3 elementor-widget elementor-widget-heading\" data-id=\"24ef53a3\" data-element_type=\"widget\" data-widget_type=\"heading.default\">\n\t\t\t\t<div class=\"elementor-widget-container\">\n\t\t\t\t\t<h5 class=\"elementor-heading-title elementor-size-default\">Faydal\u0131 bilgiler<\/h5>\t\t\t\t<\/div>\n\t\t\t\t<\/div>\n\t\t\t\t<div class=\"elementor-element elementor-element-78fd35d3 elementor-widget elementor-widget-text-editor\" data-id=\"78fd35d3\" data-element_type=\"widget\" data-widget_type=\"text-editor.default\">\n\t\t\t\t<div class=\"elementor-widget-container\">\n\t\t\t\t\t\t\t\t\t<p><strong>\u015eunlarla birlikte: <\/strong><\/p><p>Aperitif olarak ideal oldu\u011fu gibi, \u00f6zellikle deniz \u00fcr\u00fcnleri, bal\u0131k ve beyaz etler olmak \u00fczere gastronomi harikalar\u0131na da uyumlu bir \u015fekilde e\u015flik eder.<\/p><p><strong>Servis s\u0131cakl\u0131\u011f\u0131: 8 \u2013 10 derece<sup>\u03bf<\/sup><\/strong><strong>C<\/strong><\/p><p><strong>\u00c7e\u015fit: Samos Beyaz K\u00fc\u00e7\u00fck Pembe Muskat 100%<\/strong><\/p><p><strong>Co\u011frafi \u0130\u015faret: \u00c7e\u015fit \u015farab\u0131<\/strong><\/p>\t\t\t\t\t\t\t\t<\/div>\n\t\t\t\t<\/div>\n\t\t\t\t<div class=\"elementor-element elementor-element-658812aa elementor-hidden-desktop elementor-hidden-tablet elementor-hidden-mobile elementor-widget elementor-widget-heading\" data-id=\"658812aa\" data-element_type=\"widget\" data-widget_type=\"heading.default\">\n\t\t\t\t<div class=\"elementor-widget-container\">\n\t\t\t\t\t<h5 class=\"elementor-heading-title elementor-size-default\">\u00d6d\u00fcller<\/h5>\t\t\t\t<\/div>\n\t\t\t\t<\/div>\n\t\t\t\t<section class=\"elementor-section elementor-inner-section elementor-element elementor-element-761b1092 elementor-hidden-desktop elementor-hidden-tablet elementor-hidden-mobile elementor-section-boxed elementor-section-height-default elementor-section-height-default\" data-id=\"761b1092\" data-element_type=\"section\">\n\t\t\t\t\t\t<div class=\"elementor-container elementor-column-gap-default\">\n\t\t\t\t\t<div class=\"elementor-column elementor-col-33 elementor-inner-column elementor-element elementor-element-10a6873b\" data-id=\"10a6873b\" data-element_type=\"column\">\n\t\t\t<div class=\"elementor-widget-wrap elementor-element-populated\">\n\t\t\t\t\t\t<div class=\"elementor-element elementor-element-34a0ae73 elementor-headline--style-highlight elementor-widget elementor-widget-vamtam-animated-headline\" data-id=\"34a0ae73\" data-element_type=\"widget\" data-settings=\"{&quot;marker&quot;:&quot;curly&quot;,&quot;highlighted_text&quot;:&quot;92\\\/100&quot;,&quot;headline_style&quot;:&quot;highlight&quot;,&quot;loop&quot;:&quot;yes&quot;,&quot;highlight_animation_duration&quot;:1200,&quot;highlight_iteration_delay&quot;:8000}\" data-widget_type=\"vamtam-animated-headline.default\">\n\t\t\t\t<div class=\"elementor-widget-container\">\n\t\t\t\t\t\t\t\t\t<h5 class=\"elementor-headline\">\n\t\t\t\t\t\t\t\t\t\t\t\t\t\t\t\t\t\t<span class=\"elementor-headline-plain-text elementor-headline-text-wrapper\">Falstaff: <br><\/span>\n\t\t\t\t\t\t\t\t\t\t\t\t<span class=\"elementor-headline-dynamic-wrapper elementor-headline-text-wrapper\">\n\t\t\t\t\t\t\t\t\t\t\t\t\t<span class=\"elementor-headline-dynamic-text elementor-headline-text-active\">92\/100<\/span>\n\t\t\t\t\t\t\t\t\t\t\t\t<\/span>\n\t\t\t\t\t\t\t\t\t\t\t\t\t<span class=\"elementor-headline-plain-text elementor-headline-text-wrapper\">Avusturya<\/span>\n\t\t\t\t\t\t\t\t\t\t\t\t\t\t\t\t<\/h5>\n\t\t\t\t\t\t\t\t<\/div>\n\t\t\t\t<\/div>\n\t\t\t\t\t<\/div>\n\t\t<\/div>\n\t\t\t\t<div class=\"elementor-column elementor-col-33 elementor-inner-column elementor-element elementor-element-2981ff58\" data-id=\"2981ff58\" data-element_type=\"column\">\n\t\t\t<div class=\"elementor-widget-wrap elementor-element-populated\">\n\t\t\t\t\t\t<div class=\"elementor-element elementor-element-56b423ff elementor-headline--style-highlight elementor-widget elementor-widget-vamtam-animated-headline\" data-id=\"56b423ff\" data-element_type=\"widget\" data-settings=\"{&quot;marker&quot;:&quot;curly&quot;,&quot;highlighted_text&quot;:&quot;94\\\/100&quot;,&quot;headline_style&quot;:&quot;highlight&quot;,&quot;loop&quot;:&quot;yes&quot;,&quot;highlight_animation_duration&quot;:1200,&quot;highlight_iteration_delay&quot;:8000}\" data-widget_type=\"vamtam-animated-headline.default\">\n\t\t\t\t<div class=\"elementor-widget-container\">\n\t\t\t\t\t\t\t\t\t<h5 class=\"elementor-headline\">\n\t\t\t\t\t\t\t\t\t\t\t\t\t\t\t\t\t\t<span class=\"elementor-headline-plain-text elementor-headline-text-wrapper\">Daniele Cernilli: <br><\/span>\n\t\t\t\t\t\t\t\t\t\t\t\t<span class=\"elementor-headline-dynamic-wrapper elementor-headline-text-wrapper\">\n\t\t\t\t\t\t\t\t\t\t\t\t\t<span class=\"elementor-headline-dynamic-text elementor-headline-text-active\">94\/100<\/span>\n\t\t\t\t\t\t\t\t\t\t\t\t<\/span>\n\t\t\t\t\t\t\t\t\t\t\t\t\t<span class=\"elementor-headline-plain-text elementor-headline-text-wrapper\">\u0130talya<\/span>\n\t\t\t\t\t\t\t\t\t\t\t\t\t\t\t\t<\/h5>\n\t\t\t\t\t\t\t\t<\/div>\n\t\t\t\t<\/div>\n\t\t\t\t\t<\/div>\n\t\t<\/div>\n\t\t\t\t<div class=\"elementor-column elementor-col-33 elementor-inner-column elementor-element elementor-element-405af5fa\" data-id=\"405af5fa\" data-element_type=\"column\">\n\t\t\t<div class=\"elementor-widget-wrap elementor-element-populated\">\n\t\t\t\t\t\t<div class=\"elementor-element elementor-element-7f690619 elementor-headline--style-highlight elementor-widget elementor-widget-vamtam-animated-headline\" data-id=\"7f690619\" data-element_type=\"widget\" data-settings=\"{&quot;marker&quot;:&quot;curly&quot;,&quot;highlighted_text&quot;:&quot;Tre bicchieri&quot;,&quot;headline_style&quot;:&quot;highlight&quot;,&quot;loop&quot;:&quot;yes&quot;,&quot;highlight_animation_duration&quot;:1200,&quot;highlight_iteration_delay&quot;:8000}\" data-widget_type=\"vamtam-animated-headline.default\">\n\t\t\t\t<div class=\"elementor-widget-container\">\n\t\t\t\t\t\t\t\t\t<h5 class=\"elementor-headline\">\n\t\t\t\t\t\t\t\t\t\t\t\t\t\t\t\t\t\t<span class=\"elementor-headline-plain-text elementor-headline-text-wrapper\">Gambero Rosso: <br><\/span>\n\t\t\t\t\t\t\t\t\t\t\t\t<span class=\"elementor-headline-dynamic-wrapper elementor-headline-text-wrapper\">\n\t\t\t\t\t\t\t\t\t\t\t\t\t<span class=\"elementor-headline-dynamic-text elementor-headline-text-active\">\u00dc\u00e7 bardak<\/span>\n\t\t\t\t\t\t\t\t\t\t\t\t<\/span>\n\t\t\t\t\t\t\t\t\t\t\t\t\t<span class=\"elementor-headline-plain-text elementor-headline-text-wrapper\">\u0130talya<\/span>\n\t\t\t\t\t\t\t\t\t\t\t\t\t\t\t\t<\/h5>\n\t\t\t\t\t\t\t\t<\/div>\n\t\t\t\t<\/div>\n\t\t\t\t\t<\/div>\n\t\t<\/div>\n\t\t\t\t\t<\/div>\n\t\t<\/section>\n\t\t\t\t<section class=\"elementor-section elementor-inner-section elementor-element elementor-element-24f2598f elementor-section-boxed elementor-section-height-default elementor-section-height-default\" data-id=\"24f2598f\" data-element_type=\"section\">\n\t\t\t\t\t\t<div class=\"elementor-container elementor-column-gap-default\">\n\t\t\t\t\t<div class=\"elementor-column elementor-col-100 elementor-inner-column elementor-element elementor-element-2ecd53c3\" data-id=\"2ecd53c3\" data-element_type=\"column\">\n\t\t\t<div class=\"elementor-widget-wrap elementor-element-populated\">\n\t\t\t\t\t\t<div class=\"elementor-element elementor-element-6a73b8aa elementor-widget__width-initial elementor-widget-mobile__width-initial elementor-fixed elementor-hidden-tablet elementor-hidden-phone elementor-widget elementor-widget-image\" data-id=\"6a73b8aa\" data-element_type=\"widget\" data-settings=\"{&quot;_position&quot;:&quot;fixed&quot;}\" data-widget_type=\"image.default\">\n\t\t\t\t<div class=\"elementor-widget-container\">\n\t\t\t\t\t\t\t\t\t<div class=\"elementor-image\">\n\t\t\t\t\t\t\t\t\t\t\t\t\t\t\t\t\t\t\t\t\t<img fetchpriority=\"high\" decoding=\"async\" width=\"308\" height=\"444\" src=\"https:\/\/www.samoswine.gr\/wp-content\/uploads\/2024\/09\/\u03a8\u03b7\u03bb\u03ad\u03c2-\u039a\u03bf\u03c1\u03c6\u03ad\u03c2-1.png\" class=\"attachment-large size-large wp-image-988204\" alt=\"\" srcset=\"https:\/\/www.samoswine.gr\/wp-content\/uploads\/2024\/09\/\u03a8\u03b7\u03bb\u03ad\u03c2-\u039a\u03bf\u03c1\u03c6\u03ad\u03c2-1.png 308w, https:\/\/www.samoswine.gr\/wp-content\/uploads\/2024\/09\/\u03a8\u03b7\u03bb\u03ad\u03c2-\u039a\u03bf\u03c1\u03c6\u03ad\u03c2-1-208x300.png 208w\" sizes=\"(max-width: 308px) 100vw, 308px\" \/>\t\t\t\t\t\t\t\t\t\t\t\t\t\t\t\t\t\t\t\t\t\t\t\t<\/div>\n\t\t\t\t\t\t\t\t<\/div>\n\t\t\t\t<\/div>\n\t\t\t\t\t<\/div>\n\t\t<\/div>\n\t\t\t\t\t<\/div>\n\t\t<\/section>\n\t\t\t\t\t<\/div>\n\t\t<\/div>\n\t\t\t\t\t<\/div>\n\t\t<\/section>\n\t\t\t\t<\/div>","protected":false},"excerpt":{"rendered":"<p>\u03a0\u03b5\u03c1\u03b9\u03b3\u03c1\u03b1\u03c6\u03ae \u039f\u03b9 \u03a8\u03b7\u03bb\u03ad\u03c2 \u039a\u03bf\u03c1\u03c6\u03ad\u03c2 \u03b5\u03af\u03bd\u03b1\u03b9 \u03b7 \u03bd\u03b1\u03c5\u03b1\u03c1\u03c7\u03af\u03b4\u03b1 \u03c4\u03c9\u03bd \u03be\u03b7\u03c1\u03ce\u03bd \u03ba\u03c1\u03b1\u03c3\u03b9\u03ce\u03bd \u03c4\u03bf\u03c5 \u03a3\u03c5\u03bd\u03b5\u03c4\u03b1\u03b9\u03c1\u03b9\u03c3\u03bc\u03bf\u03cd. \u0388\u03bd\u03b1 \u03ba\u03c1\u03b1\u03c3\u03af \u03bc\u03b5 \u03c6\u03b9\u03bd\u03b5\u03c4\u03c3\u03ac\u03c4\u03bf \u03c7\u03b1\u03c1\u03b1\u03ba\u03c4\u03ae\u03c1\u03b1, \u03cc\u03c0\u03bf\u03c5 \u03c4\u03b1 \u03c6\u03c1\u03bf\u03c5\u03c4\u03ce\u03b4\u03b7 \u03ba\u03b1\u03b9 \u03b1\u03bd\u03b8\u03ce\u03b4\u03b7 \u03b1\u03c1\u03ce\u03bc\u03b1\u03c4\u03b1 \u03c4\u03bf\u03c5 \u03bc\u03bf\u03c3\u03c7\u03ac\u03c4\u03bf\u03c5 \u03b5\u03ba\u03c6\u03c1\u03ac\u03b6\u03bf\u03bd\u03c4\u03b1\u03b9 \u03b5\u03ba\u03bb\u03b5\u03c0\u03c4\u03c5\u03c3\u03bc\u03ad\u03bd\u03b1. \u03a3\u03c4\u03b7\u03bd \u03cc\u03c8\u03b7 \u03ad\u03c7\u03bf\u03c5\u03bc\u03b5 \u03ad\u03bd\u03b1 \u03ba\u03b9\u03c4\u03c1\u03b9\u03bd\u03c9\u03c0\u03cc \u03b1\u03bd\u03bf\u03b9\u03c7\u03c4\u03cc\u03c7\u03c1\u03c9\u03bc\u03bf \u03ba\u03c1\u03b1\u03c3\u03af, \u03bc\u03b5 \u03b1\u03c1\u03ce\u03bc\u03b1\u03c4\u03b1 \u03c1\u03bf\u03b4\u03bf\u03c0\u03ad\u03c4\u03b1\u03bb\u03bf\u03c5, \u03b2\u03b5\u03c1\u03af\u03ba\u03bf\u03ba\u03bf\u03c5 \u03ba\u03b1\u03b9 \u03bb\u03b5\u03bc\u03bf\u03bd\u03b9\u03bf\u03cd \u03bd\u03b1 \u03ba\u03b1\u03c4\u03b1\u03ba\u03bb\u03cd\u03b6\u03bf\u03c5\u03bd \u03c4\u03b7 \u03bc\u03cd\u03c4\u03b7. \u0393\u03b5\u03cd\u03c3\u03b7 \u03bd\u03c4\u03b5\u03bb\u03b9\u03ba\u03ac\u03c4\u03b7 \u03ba\u03b1\u03b9 \u03b5\u03bb\u03b1\u03c6\u03c1\u03b9\u03ac, \u03bc\u03b5 \u03b3\u03bb\u03c5\u03ba\u03cd\u03c4\u03b7\u03c4\u03b1 \u03c0\u03bf\u03c5 \u03c3\u03b5 \u03ba\u03b5\u03c1\u03b4\u03af\u03b6\u03b5\u03b9, \u03b5\u03bd\u03ce \u03c3\u03c5\u03bd\u03b1\u03bd\u03c4\u03ac\u03bc\u03b5&#8230;<\/p>","protected":false},"featured_media":987985,"comment_status":"closed","ping_status":"closed","template":"","meta":[],"product_brand":[],"product_cat":[59],"product_tag":[],"class_list":{"0":"post-987913","1":"product","2":"type-product","3":"status-publish","4":"has-post-thumbnail","6":"product_cat-59","8":"first","9":"instock","10":"shipping-taxable","11":"product-type-simple"},"_links":{"self":[{"href":"https:\/\/www.samoswine.gr\/tr\/wp-json\/wp\/v2\/product\/987913","targetHints":{"allow":["GET"]}}],"collection":[{"href":"https:\/\/www.samoswine.gr\/tr\/wp-json\/wp\/v2\/product"}],"about":[{"href":"https:\/\/www.samoswine.gr\/tr\/wp-json\/wp\/v2\/types\/product"}],"replies":[{"embeddable":true,"href":"https:\/\/www.samoswine.gr\/tr\/wp-json\/wp\/v2\/comments?post=987913"}],"version-history":[{"count":17,"href":"https:\/\/www.samoswine.gr\/tr\/wp-json\/wp\/v2\/product\/987913\/revisions"}],"predecessor-version":[{"id":989093,"href":"https:\/\/www.samoswine.gr\/tr\/wp-json\/wp\/v2\/product\/987913\/revisions\/989093"}],"wp:featuredmedia":[{"embeddable":true,"href":"https:\/\/www.samoswine.gr\/tr\/wp-json\/wp\/v2\/media\/987985"}],"wp:attachment":[{"href":"https:\/\/www.samoswine.gr\/tr\/wp-json\/wp\/v2\/media?parent=987913"}],"wp:term":[{"taxonomy":"product_brand","embeddable":true,"href":"https:\/\/www.samoswine.gr\/tr\/wp-json\/wp\/v2\/product_brand?post=987913"},{"taxonomy":"product_cat","embeddable":true,"href":"https:\/\/www.samoswine.gr\/tr\/wp-json\/wp\/v2\/product_cat?post=987913"},{"taxonomy":"product_tag","embeddable":true,"href":"https:\/\/www.samoswine.gr\/tr\/wp-json\/wp\/v2\/product_tag?post=987913"}],"curies":[{"name":"wp","href":"https:\/\/api.w.org\/{rel}","templated":true}]}}